{"id":95,"date":"2019-02-22T13:48:15","date_gmt":"2019-02-22T12:48:15","guid":{"rendered":"https:\/\/www.billig-entruempelung.de\/ingolstadt\/haushaltsaufloesung\/?page_id=95"},"modified":"2025-04-22T12:54:22","modified_gmt":"2025-04-22T10:54:22","slug":"home","status":"publish","type":"page","link":"https:\/\/www.billig-entruempelung.de\/ingolstadt\/haushaltsaufloesung\/","title":{"rendered":"Entr\u00fcmpelung Ingolstadt &#8211; Home"},"content":{"rendered":"<div class=\"wpb-content-wrapper\"><p>[vc_row][vc_column][vc_column_text]<\/p>\n<div><strong style=\"color: #008000; font-size: 2em;\">Entr\u00fcmpelungen und Haushaltsaufl\u00f6sungen zu besten Konditionen f\u00fcr Ingolstadt<\/strong><\/div>\n<div>\n<p>&nbsp;<\/p>\n<p>Als Entr\u00fcmpelungs- und Entsorgungsfirma mit Jahrzehnte langer Erfahrung k\u00f6nnen wir Ihnen ein gutes Preis-Leistungs-Verh\u00e4ltnis auch f\u00fcr Ingolsadt bieten. Nicht nur dank unserer individuellen Angebote und der fairen Preise, sondern auch durch unser Engagement und unsere Einsatzbereitschaft.<\/p>\n<p>Wir stehen Ihnen schon von Beginn an mit Kraft und Leidenschaft f\u00fcr Ihre Entr\u00fcmpelung und die daraus folgende Entsorgung bei, denn Entr\u00fcmpeln ist unser Leben. Die Entr\u00fcmpelung ist selbstverst\u00e4ndlich versichert und verl\u00e4uft f\u00fcr Sie vollkommen unkompliziert und stressfrei.<\/p>\n<p align=\"justify\">Entsorgungen werden in kontrollierter Weise und in \u00dcbereinstimmung mit der Umweltpolitik durchgef\u00fchrt, wobei versucht wird alles M\u00f6gliche zu recyceln. Wir leeren Wohnungen, Lagerr\u00e4ume, Gesch\u00e4ftsr\u00e4ume und jede Art von Eigentum. Kontaktieren Sie uns, um ein Angebot anzufordern.<\/p>\n<p align=\"justify\">Unser Team ist auf jede Art von Umst\u00e4nden vorbereitet und auf unvorhergesehene Probleme bei der Entleerung von Wohnungen oder R\u00e4umlichkeiten gefasst und geschult. Wir sind mit Maschinen und Transportfahrzeugen ausgestattet, um L\u00f6sungen f\u00fcr jedes Problem zu finden. M\u00f6bel, Abfall oder M\u00fcll zu entfernen ist unser Spezialgebiet.<\/p>\n<\/div>\n<p>[\/vc_column_text][vc_separator][\/vc_column][\/vc_row][vc_row][vc_column][vc_column_text]<\/p>\n<h2 class=\"fp-title\">Entr\u00fcmpelung &amp; Entsorgung<\/h2>\n<p class=\"fp-text-one\">Dank unserem umfangreichen und professionellem Team mit n\u00f6tigem Know-How k\u00f6nnen wir Ihnen nicht nur eine von Profis durchgef\u00fchrte Entr\u00fcmpelung anbieten, sondern auch eine stressfreien und unkomplizierten Entsorgung!<\/p>\n<p>[\/vc_column_text][vc_separator][vc_column_text]<\/p>\n<h4 style=\"text-align: center;\">Rufen sie jetzt an:<\/h4>\n<p style=\"text-align: center;\">\u00a0<a href=\"tel:+491786571706\">0178 65 71 706<\/a><\/p>\n<h4 style=\"text-align: center;\">\u00a0oder fragen Sie online:\u00a0<a href=\"https:\/\/www.billig-entruempelung.de\/ingolstadt\/haushaltsaufloesung\/kontakt\/\">Anfrageformular<\/a><\/h4>\n<h3 style=\"text-align: center;\"><span style=\"color: #993366;\">Wir sind Ihr Entr\u00fcmpelungsfirma f\u00fcr Ingolstadt &#8211; Wer sonst?<\/span><\/h3>\n<p>[\/vc_column_text][\/vc_column][\/vc_row][vc_row][vc_column][\/vc_column][\/vc_row]<\/p>\n<\/div>","protected":false},"excerpt":{"rendered":"<p>[vc_row][vc_column][vc_column_text] Entr\u00fcmpelungen und Haushaltsaufl\u00f6sungen zu besten Konditionen f\u00fcr Ingolstadt &nbsp; Als Entr\u00fcmpelungs- und Entsorgungsfirma mit Jahrzehnte langer Erfahrung k\u00f6nnen wir Ihnen ein gutes Preis-Leistungs-Verh\u00e4ltnis auch&hellip;<\/p>\n","protected":false},"author":1,"featured_media":0,"parent":0,"menu_order":0,"comment_status":"closed","ping_status":"closed","template":"","meta":{"footnotes":""},"class_list":["post-95","page","type-page","status-publish","hentry"],"_links":{"self":[{"href":"https:\/\/www.billig-entruempelung.de\/ingolstadt\/haushaltsaufloesung\/wp-json\/wp\/v2\/pages\/95","targetHints":{"allow":["GET"]}}],"collection":[{"href":"https:\/\/www.billig-entruempelung.de\/ingolstadt\/haushaltsaufloesung\/wp-json\/wp\/v2\/pages"}],"about":[{"href":"https:\/\/www.billig-entruempelung.de\/ingolstadt\/haushaltsaufloesung\/wp-json\/wp\/v2\/types\/page"}],"author":[{"embeddable":true,"href":"https:\/\/www.billig-entruempelung.de\/ingolstadt\/haushaltsaufloesung\/wp-json\/wp\/v2\/users\/1"}],"replies":[{"embeddable":true,"href":"https:\/\/www.billig-entruempelung.de\/ingolstadt\/haushaltsaufloesung\/wp-json\/wp\/v2\/comments?post=95"}],"version-history":[{"count":26,"href":"https:\/\/www.billig-entruempelung.de\/ingolstadt\/haushaltsaufloesung\/wp-json\/wp\/v2\/pages\/95\/revisions"}],"predecessor-version":[{"id":256,"href":"https:\/\/www.billig-entruempelung.de\/ingolstadt\/haushaltsaufloesung\/wp-json\/wp\/v2\/pages\/95\/revisions\/256"}],"wp:attachment":[{"href":"https:\/\/www.billig-entruempelung.de\/ingolstadt\/haushaltsaufloesung\/wp-json\/wp\/v2\/media?parent=95"}],"curies":[{"name":"wp","href":"https:\/\/api.w.org\/{rel}","templated":true}]}}