{"id":844,"date":"2019-07-12T12:52:32","date_gmt":"2019-07-12T10:52:32","guid":{"rendered":"https:\/\/www.billig-entruempelung.de\/?page_id=844"},"modified":"2022-02-16T12:42:43","modified_gmt":"2022-02-16T11:42:43","slug":"wohnungsaufloesung-in-augsburg","status":"publish","type":"page","link":"https:\/\/www.billig-entruempelung.de\/entruempelung-augsburg\/wohnungsaufloesung-in-augsburg\/","title":{"rendered":"Wohnungsaufl\u00f6sung in Augsburg"},"content":{"rendered":"<div class=\"wpb-content-wrapper\"><p>[vc_row][vc_column][vc_column_text]<\/p>\n<h2>Wohnungsaufl\u00f6sung Augsburg<\/h2>\n<p>Eine <strong>Wohnungsaufl\u00f6sung<\/strong> ist meist sehr m\u00fchsam und bedarf eines hohen Kraftaufwands. Sehr viel Zeit nimmt diese dann auch noch in Anspruch. Eine Aufl\u00f6sung der Wohnung alleine in die Hand zu nehmen ist nahezu unm\u00f6glich. Deshalb stehen wir Ihnen mit Rat &amp; Tat zur Seite, um auch Ihre Wohnung so schnell wie m\u00f6glich zu r\u00e4umen. Wir k\u00fcmmern uns um die Haushaltsaufl\u00f6sung Ihrer Wohnung in <a href=\"https:\/\/de.wikipedia.org\/wiki\/Augsburg\">Augsburg<\/a> und Umland. Durch unser Know-how garantieren wir <strong>schnellen<\/strong> und auch <strong>kosteng\u00fcnstigen Aufl\u00f6sungs-Service<\/strong>.[\/vc_column_text][\/vc_column][\/vc_row][vc_row][vc_column][vc_empty_space][vc_separator][vc_empty_space][\/vc_column][\/vc_row][vc_row][vc_column][vc_column_text]<\/p>\n<h3>Haushaltsaufl\u00f6sung Ihrer R\u00e4umlichkeiten ohne M\u00fchen<\/h3>\n<figure id=\"attachment_591\" aria-describedby=\"caption-attachment-591\" style=\"width: 300px\" class=\"wp-caption alignright\"><img loading=\"lazy\" decoding=\"async\" class=\"wp-image-591 size-medium\" src=\"https:\/\/www.billig-entruempelung.de\/entruempelung-augsburg\/wp-content\/uploads\/2018\/11\/WhatsApp-Image-2018-11-07-at-16.52.37-5-300x225.jpeg\" alt=\"Wohnungsaufl\u00f6sung Augsburg\" width=\"300\" height=\"225\" srcset=\"https:\/\/www.billig-entruempelung.de\/entruempelung-augsburg\/wp-content\/uploads\/2018\/11\/WhatsApp-Image-2018-11-07-at-16.52.37-5-300x225.jpeg 300w, https:\/\/www.billig-entruempelung.de\/entruempelung-augsburg\/wp-content\/uploads\/2018\/11\/WhatsApp-Image-2018-11-07-at-16.52.37-5-768x576.jpeg 768w, https:\/\/www.billig-entruempelung.de\/entruempelung-augsburg\/wp-content\/uploads\/2018\/11\/WhatsApp-Image-2018-11-07-at-16.52.37-5.jpeg 1024w\" sizes=\"auto, (max-width: 300px) 100vw, 300px\" \/><figcaption id=\"caption-attachment-591\" class=\"wp-caption-text\">Wohnungsaufl\u00f6sung Augsburg<\/figcaption><\/figure>\n<p>Sie planen einen Umzug und ben\u00f6tigen einen Teil Ihres Inventars oder Ihre gesamte Familie nicht mehr? Sie m\u00fcssen Ihre Wohnung aus Altersgr\u00fcnden aufgegeben und wollen nur noch einen kleinen Teil behalten? Jemand in Ihrer Wohnung oder Ihrem Haus ist tot und die Wohnung soll aufgel\u00f6st werden? Wir helfen Ihnen gerne weiter.<\/p>\n<p>Wir erledigen die Aufl\u00f6sung professionell, schnell und g\u00fcnstig. Schreiben Sie uns \u00fcber das <a href=\"https:\/\/www.billig-entruempelung.de\/entruempelung-augsburg\/anfrageformular\/\">Kontaktformular<\/a> und wir werden Ihnen umgehend ein Angebot zuschicken. Gerne \u00fcbernehmen wir auch Auftr\u00e4ge von Problemwohnungen und dabei halten wir uns an das Angebot. All unsere Entsorgungen werden fachgerecht durchgef\u00fchrt. Planen Sie gemeinsam mit uns Ihre <b>Wohnungsaufl\u00f6sung.<\/b><\/p>\n<p>Ob Sie einen Dachboden, eine Wohnung, ein ganzes Haus aufl\u00f6sen oder einfach nur einen Keller entr\u00fcmpeln m\u00f6chten \u2013 mit uns haben Sie immer ein hervorragendes Entr\u00fcmpelungsteam.[\/vc_column_text][\/vc_column][\/vc_row]<\/p>\n<\/div>","protected":false},"excerpt":{"rendered":"<p>[vc_row][vc_column][vc_column_text] Wohnungsaufl\u00f6sung Augsburg Eine Wohnungsaufl\u00f6sung ist meist sehr m\u00fchsam und bedarf eines hohen Kraftaufwands. Sehr viel Zeit nimmt diese dann auch noch in Anspruch. Eine&hellip;<\/p>\n","protected":false},"author":1,"featured_media":1023,"parent":0,"menu_order":0,"comment_status":"closed","ping_status":"closed","template":"","meta":{"footnotes":""},"class_list":["post-844","page","type-page","status-publish","has-post-thumbnail","hentry"],"yoast_head":"<!-- This site is optimized with the Yoast SEO plugin v26.3 - https:\/\/yoast.com\/wordpress\/plugins\/seo\/ -->\n<title>Wohnungsaufl\u00f6sung in Augsburg - Billig Entr\u00fcmpler<\/title>\n<meta name=\"description\" content=\"Wir sind Ihr Partner f\u00fcr eine Haushalts- &amp; Wohnungsaufl\u00f6sung und r\u00e4umen Ihre Wohnung schnell und ordentlich aus. \u2713zuverl\u00e4ssig \u2713professionell \u2713kosteng\u00fcnstig\" \/>\n<meta name=\"robots\" content=\"index, follow, max-snippet:-1, max-image-preview:large, max-video-preview:-1\" \/>\n<link rel=\"canonical\" href=\"https:\/\/www.billig-entruempelung.de\/entruempelung-augsburg\/wohnungsaufloesung-in-augsburg\/\" \/>\n<meta property=\"og:locale\" content=\"de_DE\" \/>\n<meta property=\"og:type\" content=\"article\" \/>\n<meta property=\"og:title\" content=\"Wohnungsaufl\u00f6sung in Augsburg - Billig Entr\u00fcmpler\" \/>\n<meta property=\"og:description\" content=\"Wir sind Ihr Partner f\u00fcr eine Haushalts- &amp; Wohnungsaufl\u00f6sung und r\u00e4umen Ihre Wohnung schnell und ordentlich aus. \u2713zuverl\u00e4ssig \u2713professionell \u2713kosteng\u00fcnstig\" \/>\n<meta property=\"og:url\" content=\"https:\/\/www.billig-entruempelung.de\/entruempelung-augsburg\/wohnungsaufloesung-in-augsburg\/\" \/>\n<meta property=\"og:site_name\" content=\"Entr\u00fcmpelung Augsburg\" \/>\n<meta property=\"article:modified_time\" content=\"2022-02-16T11:42:43+00:00\" \/>\n<meta property=\"og:image\" content=\"https:\/\/www.billig-entruempelung.de\/entruempelung-augsburg\/wp-content\/uploads\/2019\/08\/apartment-1851201_1920-1.jpg\" \/>\n\t<meta property=\"og:image:width\" content=\"1920\" \/>\n\t<meta property=\"og:image:height\" content=\"1275\" \/>\n\t<meta property=\"og:image:type\" content=\"image\/jpeg\" \/>\n<meta name=\"twitter:card\" content=\"summary_large_image\" \/>\n<meta name=\"twitter:label1\" content=\"Gesch\u00e4tzte Lesezeit\" \/>\n\t<meta name=\"twitter:data1\" content=\"1\u00a0Minute\" \/>\n<script type=\"application\/ld+json\" class=\"yoast-schema-graph\">{\"@context\":\"https:\/\/schema.org\",\"@graph\":[{\"@type\":\"WebPage\",\"@id\":\"https:\/\/www.billig-entruempelung.de\/entruempelung-augsburg\/wohnungsaufloesung-in-augsburg\/\",\"url\":\"https:\/\/www.billig-entruempelung.de\/entruempelung-augsburg\/wohnungsaufloesung-in-augsburg\/\",\"name\":\"Wohnungsaufl\u00f6sung in Augsburg - Billig Entr\u00fcmpler\",\"isPartOf\":{\"@id\":\"https:\/\/www.billig-entruempelung.de\/entruempelung-augsburg\/#website\"},\"primaryImageOfPage\":{\"@id\":\"https:\/\/www.billig-entruempelung.de\/entruempelung-augsburg\/wohnungsaufloesung-in-augsburg\/#primaryimage\"},\"image\":{\"@id\":\"https:\/\/www.billig-entruempelung.de\/entruempelung-augsburg\/wohnungsaufloesung-in-augsburg\/#primaryimage\"},\"thumbnailUrl\":\"https:\/\/www.billig-entruempelung.de\/entruempelung-augsburg\/wp-content\/uploads\/2019\/08\/apartment-1851201_1920-1.jpg\",\"datePublished\":\"2019-07-12T10:52:32+00:00\",\"dateModified\":\"2022-02-16T11:42:43+00:00\",\"description\":\"Wir sind Ihr Partner f\u00fcr eine Haushalts- & Wohnungsaufl\u00f6sung und r\u00e4umen Ihre Wohnung schnell und ordentlich aus. \u2713zuverl\u00e4ssig \u2713professionell \u2713kosteng\u00fcnstig\",\"breadcrumb\":{\"@id\":\"https:\/\/www.billig-entruempelung.de\/entruempelung-augsburg\/wohnungsaufloesung-in-augsburg\/#breadcrumb\"},\"inLanguage\":\"de\",\"potentialAction\":[{\"@type\":\"ReadAction\",\"target\":[\"https:\/\/www.billig-entruempelung.de\/entruempelung-augsburg\/wohnungsaufloesung-in-augsburg\/\"]}]},{\"@type\":\"ImageObject\",\"inLanguage\":\"de\",\"@id\":\"https:\/\/www.billig-entruempelung.de\/entruempelung-augsburg\/wohnungsaufloesung-in-augsburg\/#primaryimage\",\"url\":\"https:\/\/www.billig-entruempelung.de\/entruempelung-augsburg\/wp-content\/uploads\/2019\/08\/apartment-1851201_1920-1.jpg\",\"contentUrl\":\"https:\/\/www.billig-entruempelung.de\/entruempelung-augsburg\/wp-content\/uploads\/2019\/08\/apartment-1851201_1920-1.jpg\",\"width\":1920,\"height\":1275,\"caption\":\"Raum mit Sofa\"},{\"@type\":\"BreadcrumbList\",\"@id\":\"https:\/\/www.billig-entruempelung.de\/entruempelung-augsburg\/wohnungsaufloesung-in-augsburg\/#breadcrumb\",\"itemListElement\":[{\"@type\":\"ListItem\",\"position\":1,\"name\":\"Startseite\",\"item\":\"https:\/\/www.billig-entruempelung.de\/entruempelung-augsburg\/\"},{\"@type\":\"ListItem\",\"position\":2,\"name\":\"Wohnungsaufl\u00f6sung in Augsburg\"}]},{\"@type\":\"WebSite\",\"@id\":\"https:\/\/www.billig-entruempelung.de\/entruempelung-augsburg\/#website\",\"url\":\"https:\/\/www.billig-entruempelung.de\/entruempelung-augsburg\/\",\"name\":\"Entr\u00fcmpelung Augsburg\",\"description\":\"G\u00fcnstige Entr\u00fcmpelung und Entsorgung in Augsburg\",\"publisher\":{\"@id\":\"https:\/\/www.billig-entruempelung.de\/entruempelung-augsburg\/#organization\"},\"potentialAction\":[{\"@type\":\"SearchAction\",\"target\":{\"@type\":\"EntryPoint\",\"urlTemplate\":\"https:\/\/www.billig-entruempelung.de\/entruempelung-augsburg\/?s={search_term_string}\"},\"query-input\":{\"@type\":\"PropertyValueSpecification\",\"valueRequired\":true,\"valueName\":\"search_term_string\"}}],\"inLanguage\":\"de\"},{\"@type\":\"Organization\",\"@id\":\"https:\/\/www.billig-entruempelung.de\/entruempelung-augsburg\/#organization\",\"name\":\"Entr\u00fcmpelung Augsburg\",\"url\":\"https:\/\/www.billig-entruempelung.de\/entruempelung-augsburg\/\",\"logo\":{\"@type\":\"ImageObject\",\"inLanguage\":\"de\",\"@id\":\"https:\/\/www.billig-entruempelung.de\/entruempelung-augsburg\/#\/schema\/logo\/image\/\",\"url\":\"https:\/\/www.billig-entruempelung.de\/entruempelung-augsburg\/wp-content\/uploads\/2018\/07\/entruempelung-muenchen.png\",\"contentUrl\":\"https:\/\/www.billig-entruempelung.de\/entruempelung-augsburg\/wp-content\/uploads\/2018\/07\/entruempelung-muenchen.png\",\"width\":450,\"height\":71,\"caption\":\"Entr\u00fcmpelung Augsburg\"},\"image\":{\"@id\":\"https:\/\/www.billig-entruempelung.de\/entruempelung-augsburg\/#\/schema\/logo\/image\/\"}}]}<\/script>\n<!-- \/ Yoast SEO plugin. -->","yoast_head_json":{"title":"Wohnungsaufl\u00f6sung in Augsburg - Billig Entr\u00fcmpler","description":"Wir sind Ihr Partner f\u00fcr eine Haushalts- & Wohnungsaufl\u00f6sung und r\u00e4umen Ihre Wohnung schnell und ordentlich aus. \u2713zuverl\u00e4ssig \u2713professionell \u2713kosteng\u00fcnstig","robots":{"index":"index","follow":"follow","max-snippet":"max-snippet:-1","max-image-preview":"max-image-preview:large","max-video-preview":"max-video-preview:-1"},"canonical":"https:\/\/www.billig-entruempelung.de\/entruempelung-augsburg\/wohnungsaufloesung-in-augsburg\/","og_locale":"de_DE","og_type":"article","og_title":"Wohnungsaufl\u00f6sung in Augsburg - Billig Entr\u00fcmpler","og_description":"Wir sind Ihr Partner f\u00fcr eine Haushalts- & Wohnungsaufl\u00f6sung und r\u00e4umen Ihre Wohnung schnell und ordentlich aus. \u2713zuverl\u00e4ssig \u2713professionell \u2713kosteng\u00fcnstig","og_url":"https:\/\/www.billig-entruempelung.de\/entruempelung-augsburg\/wohnungsaufloesung-in-augsburg\/","og_site_name":"Entr\u00fcmpelung Augsburg","article_modified_time":"2022-02-16T11:42:43+00:00","og_image":[{"width":1920,"height":1275,"url":"https:\/\/www.billig-entruempelung.de\/entruempelung-augsburg\/wp-content\/uploads\/2019\/08\/apartment-1851201_1920-1.jpg","type":"image\/jpeg"}],"twitter_card":"summary_large_image","twitter_misc":{"Gesch\u00e4tzte Lesezeit":"1\u00a0Minute"},"schema":{"@context":"https:\/\/schema.org","@graph":[{"@type":"WebPage","@id":"https:\/\/www.billig-entruempelung.de\/entruempelung-augsburg\/wohnungsaufloesung-in-augsburg\/","url":"https:\/\/www.billig-entruempelung.de\/entruempelung-augsburg\/wohnungsaufloesung-in-augsburg\/","name":"Wohnungsaufl\u00f6sung in Augsburg - Billig Entr\u00fcmpler","isPartOf":{"@id":"https:\/\/www.billig-entruempelung.de\/entruempelung-augsburg\/#website"},"primaryImageOfPage":{"@id":"https:\/\/www.billig-entruempelung.de\/entruempelung-augsburg\/wohnungsaufloesung-in-augsburg\/#primaryimage"},"image":{"@id":"https:\/\/www.billig-entruempelung.de\/entruempelung-augsburg\/wohnungsaufloesung-in-augsburg\/#primaryimage"},"thumbnailUrl":"https:\/\/www.billig-entruempelung.de\/entruempelung-augsburg\/wp-content\/uploads\/2019\/08\/apartment-1851201_1920-1.jpg","datePublished":"2019-07-12T10:52:32+00:00","dateModified":"2022-02-16T11:42:43+00:00","description":"Wir sind Ihr Partner f\u00fcr eine Haushalts- & Wohnungsaufl\u00f6sung und r\u00e4umen Ihre Wohnung schnell und ordentlich aus. \u2713zuverl\u00e4ssig \u2713professionell \u2713kosteng\u00fcnstig","breadcrumb":{"@id":"https:\/\/www.billig-entruempelung.de\/entruempelung-augsburg\/wohnungsaufloesung-in-augsburg\/#breadcrumb"},"inLanguage":"de","potentialAction":[{"@type":"ReadAction","target":["https:\/\/www.billig-entruempelung.de\/entruempelung-augsburg\/wohnungsaufloesung-in-augsburg\/"]}]},{"@type":"ImageObject","inLanguage":"de","@id":"https:\/\/www.billig-entruempelung.de\/entruempelung-augsburg\/wohnungsaufloesung-in-augsburg\/#primaryimage","url":"https:\/\/www.billig-entruempelung.de\/entruempelung-augsburg\/wp-content\/uploads\/2019\/08\/apartment-1851201_1920-1.jpg","contentUrl":"https:\/\/www.billig-entruempelung.de\/entruempelung-augsburg\/wp-content\/uploads\/2019\/08\/apartment-1851201_1920-1.jpg","width":1920,"height":1275,"caption":"Raum mit Sofa"},{"@type":"BreadcrumbList","@id":"https:\/\/www.billig-entruempelung.de\/entruempelung-augsburg\/wohnungsaufloesung-in-augsburg\/#breadcrumb","itemListElement":[{"@type":"ListItem","position":1,"name":"Startseite","item":"https:\/\/www.billig-entruempelung.de\/entruempelung-augsburg\/"},{"@type":"ListItem","position":2,"name":"Wohnungsaufl\u00f6sung in Augsburg"}]},{"@type":"WebSite","@id":"https:\/\/www.billig-entruempelung.de\/entruempelung-augsburg\/#website","url":"https:\/\/www.billig-entruempelung.de\/entruempelung-augsburg\/","name":"Entr\u00fcmpelung Augsburg","description":"G\u00fcnstige Entr\u00fcmpelung und Entsorgung in Augsburg","publisher":{"@id":"https:\/\/www.billig-entruempelung.de\/entruempelung-augsburg\/#organization"},"potentialAction":[{"@type":"SearchAction","target":{"@type":"EntryPoint","urlTemplate":"https:\/\/www.billig-entruempelung.de\/entruempelung-augsburg\/?s={search_term_string}"},"query-input":{"@type":"PropertyValueSpecification","valueRequired":true,"valueName":"search_term_string"}}],"inLanguage":"de"},{"@type":"Organization","@id":"https:\/\/www.billig-entruempelung.de\/entruempelung-augsburg\/#organization","name":"Entr\u00fcmpelung Augsburg","url":"https:\/\/www.billig-entruempelung.de\/entruempelung-augsburg\/","logo":{"@type":"ImageObject","inLanguage":"de","@id":"https:\/\/www.billig-entruempelung.de\/entruempelung-augsburg\/#\/schema\/logo\/image\/","url":"https:\/\/www.billig-entruempelung.de\/entruempelung-augsburg\/wp-content\/uploads\/2018\/07\/entruempelung-muenchen.png","contentUrl":"https:\/\/www.billig-entruempelung.de\/entruempelung-augsburg\/wp-content\/uploads\/2018\/07\/entruempelung-muenchen.png","width":450,"height":71,"caption":"Entr\u00fcmpelung Augsburg"},"image":{"@id":"https:\/\/www.billig-entruempelung.de\/entruempelung-augsburg\/#\/schema\/logo\/image\/"}}]}},"rttpg_featured_image_url":{"full":["https:\/\/www.billig-entruempelung.de\/entruempelung-augsburg\/wp-content\/uploads\/2019\/08\/apartment-1851201_1920-1.jpg",1920,1275,false],"landscape":["https:\/\/www.billig-entruempelung.de\/entruempelung-augsburg\/wp-content\/uploads\/2019\/08\/apartment-1851201_1920-1.jpg",1920,1275,false],"portraits":["https:\/\/www.billig-entruempelung.de\/entruempelung-augsburg\/wp-content\/uploads\/2019\/08\/apartment-1851201_1920-1.jpg",1920,1275,false],"thumbnail":["https:\/\/www.billig-entruempelung.de\/entruempelung-augsburg\/wp-content\/uploads\/2019\/08\/apartment-1851201_1920-1-150x150.jpg",150,150,true],"medium":["https:\/\/www.billig-entruempelung.de\/entruempelung-augsburg\/wp-content\/uploads\/2019\/08\/apartment-1851201_1920-1-300x199.jpg",300,199,true],"large":["https:\/\/www.billig-entruempelung.de\/entruempelung-augsburg\/wp-content\/uploads\/2019\/08\/apartment-1851201_1920-1-1024x680.jpg",843,560,true],"1536x1536":["https:\/\/www.billig-entruempelung.de\/entruempelung-augsburg\/wp-content\/uploads\/2019\/08\/apartment-1851201_1920-1.jpg",1536,1020,false],"2048x2048":["https:\/\/www.billig-entruempelung.de\/entruempelung-augsburg\/wp-content\/uploads\/2019\/08\/apartment-1851201_1920-1.jpg",1920,1275,false]},"rttpg_author":{"display_name":"admin","author_link":"https:\/\/www.billig-entruempelung.de\/entruempelung-augsburg\/author\/admin\/"},"rttpg_comment":0,"rttpg_category":null,"rttpg_excerpt":"[vc_row][vc_column][vc_column_text] Wohnungsaufl\u00f6sung Augsburg Eine Wohnungsaufl\u00f6sung ist meist sehr m\u00fchsam und bedarf eines hohen Kraftaufwands. Sehr viel Zeit nimmt diese dann auch noch in Anspruch. Eine&hellip;","_links":{"self":[{"href":"https:\/\/www.billig-entruempelung.de\/entruempelung-augsburg\/wp-json\/wp\/v2\/pages\/844","targetHints":{"allow":["GET"]}}],"collection":[{"href":"https:\/\/www.billig-entruempelung.de\/entruempelung-augsburg\/wp-json\/wp\/v2\/pages"}],"about":[{"href":"https:\/\/www.billig-entruempelung.de\/entruempelung-augsburg\/wp-json\/wp\/v2\/types\/page"}],"author":[{"embeddable":true,"href":"https:\/\/www.billig-entruempelung.de\/entruempelung-augsburg\/wp-json\/wp\/v2\/users\/1"}],"replies":[{"embeddable":true,"href":"https:\/\/www.billig-entruempelung.de\/entruempelung-augsburg\/wp-json\/wp\/v2\/comments?post=844"}],"version-history":[{"count":24,"href":"https:\/\/www.billig-entruempelung.de\/entruempelung-augsburg\/wp-json\/wp\/v2\/pages\/844\/revisions"}],"predecessor-version":[{"id":1609,"href":"https:\/\/www.billig-entruempelung.de\/entruempelung-augsburg\/wp-json\/wp\/v2\/pages\/844\/revisions\/1609"}],"wp:featuredmedia":[{"embeddable":true,"href":"https:\/\/www.billig-entruempelung.de\/entruempelung-augsburg\/wp-json\/wp\/v2\/media\/1023"}],"wp:attachment":[{"href":"https:\/\/www.billig-entruempelung.de\/entruempelung-augsburg\/wp-json\/wp\/v2\/media?parent=844"}],"curies":[{"name":"wp","href":"https:\/\/api.w.org\/{rel}","templated":true}]}}