{"id":318,"date":"2018-06-04T14:31:03","date_gmt":"2018-06-04T12:31:03","guid":{"rendered":"https:\/\/www.billig-entruempelung.de\/?page_id=318"},"modified":"2020-01-23T15:45:58","modified_gmt":"2020-01-23T14:45:58","slug":"renovierung-augsburg","status":"publish","type":"page","link":"https:\/\/www.billig-entruempelung.de\/entruempelung-augsburg\/renovierung-augsburg\/","title":{"rendered":"Renovierung* in Augsburg"},"content":{"rendered":"<div class=\"wpb-content-wrapper\"><p>[vc_row][vc_column][vc_column_text]<\/p>\n<h2>Renovierung* Augsburg<\/h2>\n<p>Ob eine private oder Firmen-Renovierung*. Wir renovieren* Ihnen den kompletten Wohn- oder Gesch\u00e4ftsraum kosteng\u00fcnstig und schnell.[\/vc_column_text][vc_empty_space][vc_separator][vc_empty_space][\/vc_column][\/vc_row][vc_row][vc_column][vc_column_text]<\/p>\n<h3><a href=\"https:\/\/www.billig-entruempelung.de\/wp-content\/uploads\/2018\/07\/renovierung.jpg\"><img loading=\"lazy\" decoding=\"async\" class=\"alignright size-medium wp-image-452\" src=\"https:\/\/www.billig-entruempelung.de\/wp-content\/uploads\/2018\/07\/renovierung-300x200.jpg\" alt=\"Renovierung Billig Entr\u00fcmpler\" width=\"300\" height=\"200\" srcset=\"https:\/\/www.billig-entruempelung.de\/entruempelung-augsburg\/wp-content\/uploads\/2018\/07\/renovierung-300x200.jpg 300w, https:\/\/www.billig-entruempelung.de\/entruempelung-augsburg\/wp-content\/uploads\/2018\/07\/renovierung-768x512.jpg 768w, https:\/\/www.billig-entruempelung.de\/entruempelung-augsburg\/wp-content\/uploads\/2018\/07\/renovierung.jpg 1000w\" sizes=\"auto, (max-width: 300px) 100vw, 300px\" \/><\/a>Planung und Umbau<\/h3>\n<p>Im ersten Schritt notieren wir Kundenw\u00fcnsche und legen gemeinsam den zeitlichen Ablauf fest. W\u00e4hrend des kompletten Umbaus \u00fcbernehmen wir die Projektleitung im ausgemachten Rahmen und garantieren somit eine sorgenfreie und sichere Renovierung*. Dank dieser akribischen Planung sorgen wir daf\u00fcr, dass Hotels und Pensionen w\u00e4hrend der Umbauarbeiten nicht schlie\u00dfen m\u00fcssen. So kann der Hotelier sich ungest\u00f6rt und ohne Aufwand um seine Kunden k\u00fcmmern. Es gibt dadurch keine Nachteile f\u00fcr Sie.[\/vc_column_text][\/vc_column][\/vc_row][vc_row][vc_column][vc_empty_space][vc_separator][vc_empty_space][\/vc_column][\/vc_row][vc_row][vc_column width=&#8220;1\/4&#8243;][vc_btn title=&#8220;Anfrageformular&#8220; style=&#8220;3d&#8220; color=&#8220;green&#8220; size=&#8220;lg&#8220; i_icon_fontawesome=&#8220;fa fa-check&#8220; link=&#8220;url:https%3A%2F%2Fwww.billig-entruempelung.de%2Fanfrageformular%2F||target:%20_blank|&#8220; add_icon=&#8220;true&#8220;][\/vc_column][vc_column width=&#8220;3\/4&#8243;][vc_column_text]Jetzt kostenlose Beratung vor Ort vereinbaren!<br \/>\nTelefonisch unter <a href=\"tel: 01786571706\">0178 &#8211; 65 71 706<\/a>[\/vc_column_text][\/vc_column][\/vc_row][vc_row][vc_column][vc_column_text]*In Zusammenarbeit mit unseren langj\u00e4hrigen Partnerfirmen[\/vc_column_text][\/vc_column][\/vc_row]<\/p>\n<\/div>","protected":false},"excerpt":{"rendered":"<p>[vc_row][vc_column][vc_column_text] Renovierung* Augsburg Ob eine private oder Firmen-Renovierung*. Wir renovieren* Ihnen den kompletten Wohn- oder Gesch\u00e4ftsraum kosteng\u00fcnstig und schnell.[\/vc_column_text][vc_empty_space][vc_separator][vc_empty_space][\/vc_column][\/vc_row][vc_row][vc_column][vc_column_text] Planung und Umbau Im ersten Schritt&hellip;<\/p>\n","protected":false},"author":1,"featured_media":1032,"parent":0,"menu_order":0,"comment_status":"closed","ping_status":"closed","template":"","meta":{"footnotes":""},"class_list":["post-318","page","type-page","status-publish","has-post-thumbnail","hentry"],"yoast_head":"<!-- This site is optimized with the Yoast SEO plugin v26.3 - https:\/\/yoast.com\/wordpress\/plugins\/seo\/ -->\n<title>Renovierungen durch den Billig Entr\u00fcmpeler in Augsburg<\/title>\n<meta name=\"description\" content=\"Im ersten Schritt notieren wir Kundenw\u00fcnsche und legen gemeinsam den zeitlichen Ablauf fest. Die Projektleitung der Renovierung wird von uns \u00fcbernommen.\" \/>\n<meta name=\"robots\" content=\"index, follow, max-snippet:-1, max-image-preview:large, max-video-preview:-1\" \/>\n<link rel=\"canonical\" href=\"https:\/\/www.billig-entruempelung.de\/entruempelung-augsburg\/renovierung-augsburg\/\" \/>\n<meta property=\"og:locale\" content=\"de_DE\" \/>\n<meta property=\"og:type\" content=\"article\" \/>\n<meta property=\"og:title\" content=\"Renovierungen durch den Billig Entr\u00fcmpeler in Augsburg\" \/>\n<meta property=\"og:description\" content=\"Im ersten Schritt notieren wir Kundenw\u00fcnsche und legen gemeinsam den zeitlichen Ablauf fest. Die Projektleitung der Renovierung wird von uns \u00fcbernommen.\" \/>\n<meta property=\"og:url\" content=\"https:\/\/www.billig-entruempelung.de\/entruempelung-augsburg\/renovierung-augsburg\/\" \/>\n<meta property=\"og:site_name\" content=\"Entr\u00fcmpelung Augsburg\" \/>\n<meta property=\"article:modified_time\" content=\"2020-01-23T14:45:58+00:00\" \/>\n<meta property=\"og:image\" content=\"https:\/\/www.billig-entruempelung.de\/entruempelung-augsburg\/wp-content\/uploads\/2019\/08\/background-1223802_1920.jpg\" \/>\n\t<meta property=\"og:image:width\" content=\"1920\" \/>\n\t<meta property=\"og:image:height\" content=\"1271\" \/>\n\t<meta property=\"og:image:type\" content=\"image\/jpeg\" \/>\n<meta name=\"twitter:card\" content=\"summary_large_image\" \/>\n<meta name=\"twitter:label1\" content=\"Gesch\u00e4tzte Lesezeit\" \/>\n\t<meta name=\"twitter:data1\" content=\"1\u00a0Minute\" \/>\n<script type=\"application\/ld+json\" class=\"yoast-schema-graph\">{\"@context\":\"https:\/\/schema.org\",\"@graph\":[{\"@type\":\"WebPage\",\"@id\":\"https:\/\/www.billig-entruempelung.de\/entruempelung-augsburg\/renovierung-augsburg\/\",\"url\":\"https:\/\/www.billig-entruempelung.de\/entruempelung-augsburg\/renovierung-augsburg\/\",\"name\":\"Renovierungen durch den Billig Entr\u00fcmpeler in Augsburg\",\"isPartOf\":{\"@id\":\"https:\/\/www.billig-entruempelung.de\/entruempelung-augsburg\/#website\"},\"primaryImageOfPage\":{\"@id\":\"https:\/\/www.billig-entruempelung.de\/entruempelung-augsburg\/renovierung-augsburg\/#primaryimage\"},\"image\":{\"@id\":\"https:\/\/www.billig-entruempelung.de\/entruempelung-augsburg\/renovierung-augsburg\/#primaryimage\"},\"thumbnailUrl\":\"https:\/\/www.billig-entruempelung.de\/entruempelung-augsburg\/wp-content\/uploads\/2019\/08\/background-1223802_1920.jpg\",\"datePublished\":\"2018-06-04T12:31:03+00:00\",\"dateModified\":\"2020-01-23T14:45:58+00:00\",\"description\":\"Im ersten Schritt notieren wir Kundenw\u00fcnsche und legen gemeinsam den zeitlichen Ablauf fest. Die Projektleitung der Renovierung wird von uns \u00fcbernommen.\",\"breadcrumb\":{\"@id\":\"https:\/\/www.billig-entruempelung.de\/entruempelung-augsburg\/renovierung-augsburg\/#breadcrumb\"},\"inLanguage\":\"de\",\"potentialAction\":[{\"@type\":\"ReadAction\",\"target\":[\"https:\/\/www.billig-entruempelung.de\/entruempelung-augsburg\/renovierung-augsburg\/\"]}]},{\"@type\":\"ImageObject\",\"inLanguage\":\"de\",\"@id\":\"https:\/\/www.billig-entruempelung.de\/entruempelung-augsburg\/renovierung-augsburg\/#primaryimage\",\"url\":\"https:\/\/www.billig-entruempelung.de\/entruempelung-augsburg\/wp-content\/uploads\/2019\/08\/background-1223802_1920.jpg\",\"contentUrl\":\"https:\/\/www.billig-entruempelung.de\/entruempelung-augsburg\/wp-content\/uploads\/2019\/08\/background-1223802_1920.jpg\",\"width\":1920,\"height\":1271,\"caption\":\"Dach\"},{\"@type\":\"BreadcrumbList\",\"@id\":\"https:\/\/www.billig-entruempelung.de\/entruempelung-augsburg\/renovierung-augsburg\/#breadcrumb\",\"itemListElement\":[{\"@type\":\"ListItem\",\"position\":1,\"name\":\"Startseite\",\"item\":\"https:\/\/www.billig-entruempelung.de\/entruempelung-augsburg\/\"},{\"@type\":\"ListItem\",\"position\":2,\"name\":\"Renovierung* in Augsburg\"}]},{\"@type\":\"WebSite\",\"@id\":\"https:\/\/www.billig-entruempelung.de\/entruempelung-augsburg\/#website\",\"url\":\"https:\/\/www.billig-entruempelung.de\/entruempelung-augsburg\/\",\"name\":\"Entr\u00fcmpelung Augsburg\",\"description\":\"G\u00fcnstige Entr\u00fcmpelung und Entsorgung in Augsburg\",\"publisher\":{\"@id\":\"https:\/\/www.billig-entruempelung.de\/entruempelung-augsburg\/#organization\"},\"potentialAction\":[{\"@type\":\"SearchAction\",\"target\":{\"@type\":\"EntryPoint\",\"urlTemplate\":\"https:\/\/www.billig-entruempelung.de\/entruempelung-augsburg\/?s={search_term_string}\"},\"query-input\":{\"@type\":\"PropertyValueSpecification\",\"valueRequired\":true,\"valueName\":\"search_term_string\"}}],\"inLanguage\":\"de\"},{\"@type\":\"Organization\",\"@id\":\"https:\/\/www.billig-entruempelung.de\/entruempelung-augsburg\/#organization\",\"name\":\"Entr\u00fcmpelung Augsburg\",\"url\":\"https:\/\/www.billig-entruempelung.de\/entruempelung-augsburg\/\",\"logo\":{\"@type\":\"ImageObject\",\"inLanguage\":\"de\",\"@id\":\"https:\/\/www.billig-entruempelung.de\/entruempelung-augsburg\/#\/schema\/logo\/image\/\",\"url\":\"https:\/\/www.billig-entruempelung.de\/entruempelung-augsburg\/wp-content\/uploads\/2018\/07\/entruempelung-muenchen.png\",\"contentUrl\":\"https:\/\/www.billig-entruempelung.de\/entruempelung-augsburg\/wp-content\/uploads\/2018\/07\/entruempelung-muenchen.png\",\"width\":450,\"height\":71,\"caption\":\"Entr\u00fcmpelung Augsburg\"},\"image\":{\"@id\":\"https:\/\/www.billig-entruempelung.de\/entruempelung-augsburg\/#\/schema\/logo\/image\/\"}}]}<\/script>\n<!-- \/ Yoast SEO plugin. -->","yoast_head_json":{"title":"Renovierungen durch den Billig Entr\u00fcmpeler in Augsburg","description":"Im ersten Schritt notieren wir Kundenw\u00fcnsche und legen gemeinsam den zeitlichen Ablauf fest. Die Projektleitung der Renovierung wird von uns \u00fcbernommen.","robots":{"index":"index","follow":"follow","max-snippet":"max-snippet:-1","max-image-preview":"max-image-preview:large","max-video-preview":"max-video-preview:-1"},"canonical":"https:\/\/www.billig-entruempelung.de\/entruempelung-augsburg\/renovierung-augsburg\/","og_locale":"de_DE","og_type":"article","og_title":"Renovierungen durch den Billig Entr\u00fcmpeler in Augsburg","og_description":"Im ersten Schritt notieren wir Kundenw\u00fcnsche und legen gemeinsam den zeitlichen Ablauf fest. Die Projektleitung der Renovierung wird von uns \u00fcbernommen.","og_url":"https:\/\/www.billig-entruempelung.de\/entruempelung-augsburg\/renovierung-augsburg\/","og_site_name":"Entr\u00fcmpelung Augsburg","article_modified_time":"2020-01-23T14:45:58+00:00","og_image":[{"width":1920,"height":1271,"url":"https:\/\/www.billig-entruempelung.de\/entruempelung-augsburg\/wp-content\/uploads\/2019\/08\/background-1223802_1920.jpg","type":"image\/jpeg"}],"twitter_card":"summary_large_image","twitter_misc":{"Gesch\u00e4tzte Lesezeit":"1\u00a0Minute"},"schema":{"@context":"https:\/\/schema.org","@graph":[{"@type":"WebPage","@id":"https:\/\/www.billig-entruempelung.de\/entruempelung-augsburg\/renovierung-augsburg\/","url":"https:\/\/www.billig-entruempelung.de\/entruempelung-augsburg\/renovierung-augsburg\/","name":"Renovierungen durch den Billig Entr\u00fcmpeler in Augsburg","isPartOf":{"@id":"https:\/\/www.billig-entruempelung.de\/entruempelung-augsburg\/#website"},"primaryImageOfPage":{"@id":"https:\/\/www.billig-entruempelung.de\/entruempelung-augsburg\/renovierung-augsburg\/#primaryimage"},"image":{"@id":"https:\/\/www.billig-entruempelung.de\/entruempelung-augsburg\/renovierung-augsburg\/#primaryimage"},"thumbnailUrl":"https:\/\/www.billig-entruempelung.de\/entruempelung-augsburg\/wp-content\/uploads\/2019\/08\/background-1223802_1920.jpg","datePublished":"2018-06-04T12:31:03+00:00","dateModified":"2020-01-23T14:45:58+00:00","description":"Im ersten Schritt notieren wir Kundenw\u00fcnsche und legen gemeinsam den zeitlichen Ablauf fest. Die Projektleitung der Renovierung wird von uns \u00fcbernommen.","breadcrumb":{"@id":"https:\/\/www.billig-entruempelung.de\/entruempelung-augsburg\/renovierung-augsburg\/#breadcrumb"},"inLanguage":"de","potentialAction":[{"@type":"ReadAction","target":["https:\/\/www.billig-entruempelung.de\/entruempelung-augsburg\/renovierung-augsburg\/"]}]},{"@type":"ImageObject","inLanguage":"de","@id":"https:\/\/www.billig-entruempelung.de\/entruempelung-augsburg\/renovierung-augsburg\/#primaryimage","url":"https:\/\/www.billig-entruempelung.de\/entruempelung-augsburg\/wp-content\/uploads\/2019\/08\/background-1223802_1920.jpg","contentUrl":"https:\/\/www.billig-entruempelung.de\/entruempelung-augsburg\/wp-content\/uploads\/2019\/08\/background-1223802_1920.jpg","width":1920,"height":1271,"caption":"Dach"},{"@type":"BreadcrumbList","@id":"https:\/\/www.billig-entruempelung.de\/entruempelung-augsburg\/renovierung-augsburg\/#breadcrumb","itemListElement":[{"@type":"ListItem","position":1,"name":"Startseite","item":"https:\/\/www.billig-entruempelung.de\/entruempelung-augsburg\/"},{"@type":"ListItem","position":2,"name":"Renovierung* in Augsburg"}]},{"@type":"WebSite","@id":"https:\/\/www.billig-entruempelung.de\/entruempelung-augsburg\/#website","url":"https:\/\/www.billig-entruempelung.de\/entruempelung-augsburg\/","name":"Entr\u00fcmpelung Augsburg","description":"G\u00fcnstige Entr\u00fcmpelung und Entsorgung in Augsburg","publisher":{"@id":"https:\/\/www.billig-entruempelung.de\/entruempelung-augsburg\/#organization"},"potentialAction":[{"@type":"SearchAction","target":{"@type":"EntryPoint","urlTemplate":"https:\/\/www.billig-entruempelung.de\/entruempelung-augsburg\/?s={search_term_string}"},"query-input":{"@type":"PropertyValueSpecification","valueRequired":true,"valueName":"search_term_string"}}],"inLanguage":"de"},{"@type":"Organization","@id":"https:\/\/www.billig-entruempelung.de\/entruempelung-augsburg\/#organization","name":"Entr\u00fcmpelung Augsburg","url":"https:\/\/www.billig-entruempelung.de\/entruempelung-augsburg\/","logo":{"@type":"ImageObject","inLanguage":"de","@id":"https:\/\/www.billig-entruempelung.de\/entruempelung-augsburg\/#\/schema\/logo\/image\/","url":"https:\/\/www.billig-entruempelung.de\/entruempelung-augsburg\/wp-content\/uploads\/2018\/07\/entruempelung-muenchen.png","contentUrl":"https:\/\/www.billig-entruempelung.de\/entruempelung-augsburg\/wp-content\/uploads\/2018\/07\/entruempelung-muenchen.png","width":450,"height":71,"caption":"Entr\u00fcmpelung Augsburg"},"image":{"@id":"https:\/\/www.billig-entruempelung.de\/entruempelung-augsburg\/#\/schema\/logo\/image\/"}}]}},"rttpg_featured_image_url":{"full":["https:\/\/www.billig-entruempelung.de\/entruempelung-augsburg\/wp-content\/uploads\/2019\/08\/background-1223802_1920.jpg",1920,1271,false],"landscape":["https:\/\/www.billig-entruempelung.de\/entruempelung-augsburg\/wp-content\/uploads\/2019\/08\/background-1223802_1920.jpg",1920,1271,false],"portraits":["https:\/\/www.billig-entruempelung.de\/entruempelung-augsburg\/wp-content\/uploads\/2019\/08\/background-1223802_1920.jpg",1920,1271,false],"thumbnail":["https:\/\/www.billig-entruempelung.de\/entruempelung-augsburg\/wp-content\/uploads\/2019\/08\/background-1223802_1920-150x150.jpg",150,150,true],"medium":["https:\/\/www.billig-entruempelung.de\/entruempelung-augsburg\/wp-content\/uploads\/2019\/08\/background-1223802_1920-300x199.jpg",300,199,true],"large":["https:\/\/www.billig-entruempelung.de\/entruempelung-augsburg\/wp-content\/uploads\/2019\/08\/background-1223802_1920-1024x678.jpg",843,558,true],"1536x1536":["https:\/\/www.billig-entruempelung.de\/entruempelung-augsburg\/wp-content\/uploads\/2019\/08\/background-1223802_1920.jpg",1536,1017,false],"2048x2048":["https:\/\/www.billig-entruempelung.de\/entruempelung-augsburg\/wp-content\/uploads\/2019\/08\/background-1223802_1920.jpg",1920,1271,false]},"rttpg_author":{"display_name":"admin","author_link":"https:\/\/www.billig-entruempelung.de\/entruempelung-augsburg\/author\/admin\/"},"rttpg_comment":0,"rttpg_category":null,"rttpg_excerpt":"[vc_row][vc_column][vc_column_text] Renovierung* Augsburg Ob eine private oder Firmen-Renovierung*. Wir renovieren* Ihnen den kompletten Wohn- oder Gesch\u00e4ftsraum kosteng\u00fcnstig und schnell.[\/vc_column_text][vc_empty_space][vc_separator][vc_empty_space][\/vc_column][\/vc_row][vc_row][vc_column][vc_column_text] Planung und Umbau Im ersten Schritt&hellip;","_links":{"self":[{"href":"https:\/\/www.billig-entruempelung.de\/entruempelung-augsburg\/wp-json\/wp\/v2\/pages\/318","targetHints":{"allow":["GET"]}}],"collection":[{"href":"https:\/\/www.billig-entruempelung.de\/entruempelung-augsburg\/wp-json\/wp\/v2\/pages"}],"about":[{"href":"https:\/\/www.billig-entruempelung.de\/entruempelung-augsburg\/wp-json\/wp\/v2\/types\/page"}],"author":[{"embeddable":true,"href":"https:\/\/www.billig-entruempelung.de\/entruempelung-augsburg\/wp-json\/wp\/v2\/users\/1"}],"replies":[{"embeddable":true,"href":"https:\/\/www.billig-entruempelung.de\/entruempelung-augsburg\/wp-json\/wp\/v2\/comments?post=318"}],"version-history":[{"count":17,"href":"https:\/\/www.billig-entruempelung.de\/entruempelung-augsburg\/wp-json\/wp\/v2\/pages\/318\/revisions"}],"predecessor-version":[{"id":1341,"href":"https:\/\/www.billig-entruempelung.de\/entruempelung-augsburg\/wp-json\/wp\/v2\/pages\/318\/revisions\/1341"}],"wp:featuredmedia":[{"embeddable":true,"href":"https:\/\/www.billig-entruempelung.de\/entruempelung-augsburg\/wp-json\/wp\/v2\/media\/1032"}],"wp:attachment":[{"href":"https:\/\/www.billig-entruempelung.de\/entruempelung-augsburg\/wp-json\/wp\/v2\/media?parent=318"}],"curies":[{"name":"wp","href":"https:\/\/api.w.org\/{rel}","templated":true}]}}