{"id":194,"date":"2018-04-19T16:57:14","date_gmt":"2018-04-19T14:57:14","guid":{"rendered":"https:\/\/www.billig-entruempelung.de\/?page_id=194"},"modified":"2020-04-24T10:57:00","modified_gmt":"2020-04-24T08:57:00","slug":"haushaltsaufloesung-in-augsburg","status":"publish","type":"page","link":"https:\/\/www.billig-entruempelung.de\/entruempelung-augsburg\/haushaltsaufloesung-in-augsburg\/","title":{"rendered":"Haushaltsaufl\u00f6sung in Augsburg"},"content":{"rendered":"<div class=\"wpb-content-wrapper\"><p>[vc_row][vc_column][vc_column_text]<\/p>\n<h2>Haushaltsaufl\u00f6sung<a href=\"https:\/\/www.billig-entruempelung.de\/entruempelung-augsburg\/wp-content\/uploads\/2018\/07\/vince-gx-674693-unsplash.jpg\"><img loading=\"lazy\" decoding=\"async\" class=\"alignright wp-image-428\" src=\"https:\/\/www.billig-entruempelung.de\/entruempelung-augsburg\/wp-content\/uploads\/2018\/07\/vince-gx-674693-unsplash-1024x683.jpg\" alt=\"dachboden\" width=\"543\" height=\"362\" srcset=\"https:\/\/www.billig-entruempelung.de\/entruempelung-augsburg\/wp-content\/uploads\/2018\/07\/vince-gx-674693-unsplash-1024x683.jpg 1024w, https:\/\/www.billig-entruempelung.de\/entruempelung-augsburg\/wp-content\/uploads\/2018\/07\/vince-gx-674693-unsplash-300x200.jpg 300w, https:\/\/www.billig-entruempelung.de\/entruempelung-augsburg\/wp-content\/uploads\/2018\/07\/vince-gx-674693-unsplash-768x512.jpg 768w\" sizes=\"auto, (max-width: 543px) 100vw, 543px\" \/><\/a><\/h2>\n<p>Ihre Wohnung liegt im f\u00fcnften Stockwerk und bei Ihnen liegt eine komplette Haushaltsaufl\u00f6sung an? Das Problem ist nur, in dem Haus ist kein Lift eingebaut? Das h\u00f6rt sich nach einem Haufen schwerer Arbeit an. Bevor Sie sich diese harte Arbeit antun bieten wir Ihnen eine bessere M\u00f6glichkeit: So schnell wie m\u00f6glich bei uns melden! Wir k\u00fcmmern uns nicht nur um die voll m\u00f6blierte Wohnung, sondern auch um H\u00e4user, Keller, Garagen, Firmen und vieles mehr. Scheuen Sie sich also nicht l\u00e4nger, melden Sie sich bei uns!\u00a0 Somit k\u00f6nnen Sie sich die anstrengende Arbeit ersparen.<\/p>\n<p>Bevor wir mit der Haushaltsaufl\u00f6sung beginnen, kommen wir zu einer kostenlosen Besichtigung vorbei. Bei dieser bekommen Sie dann auch das Festpreisangebot. Die Haushaltsaufl\u00f6sung wird dann nach Ihren W\u00fcnschen durchgef\u00fchrt, vorausgesetzt Sie entscheiden sich f\u00fcr uns.[\/vc_column_text][\/vc_column][\/vc_row][vc_row][vc_column][vc_empty_space][vc_separator][vc_empty_space][\/vc_column][\/vc_row][vc_row][vc_column][vc_column_text]<\/p>\n<h3>Warum ist die Planung bei Haushaltsentr\u00fcmpelungen so wichtig?<\/h3>\n<p>Gute Planung ist in vielen Bereichen der Dienstleistung das A&amp;O, so auch in der Entr\u00fcmplung. Am schnellsten und einfachsten kann Ihre Entr\u00fcmpelung passieren, wenn Sie schon vorher festlegen, was Sie behalten m\u00f6chten und was wir entsorgen d\u00fcrfen. So verschwenden wir beim Ausr\u00e4umen keine wertvolle Zeit und Sie haben bedeutend weniger Stress. Wir legen gro\u00dfen Wert auf eine schnelle und saubere Haushaltsaufl\u00f6sung und besonders darauf, dass Sie mit dem Ergebnis zufrieden sind.<\/p>\n<p>Wir, das Team von Billig Entr\u00fcmpelung, kann 30 Jahre Berufserfahrung aufweisen.\u00a0Besonders viel Erfahrung gesammelt haben wir dabei in den Bereichen der Entr\u00fcmpelung und Entsorgung. Deshalb sind wir daf\u00fcr bekannt in Augsburg und dessen Umland g\u00fcnstig, schnell und professionell Ihren Auftrag durchzuf\u00fchren.[\/vc_column_text][vc_empty_space][vc_separator][vc_empty_space][\/vc_column][\/vc_row][vc_row][vc_column][vc_column_text]<\/p>\n<h4>Sie haben noch Fragen zu Haushaltsentr\u00fcmpelung?<\/h4>\n<p>Sollten Ihnen einige Punkte unklar sein oder Sie m\u00f6chte mehr \u00fcber unser Angebot zur Haushaltsentr\u00fcmpelung erfahren, k\u00f6nnen Sie uns jeder Zeit telefonisch oder per E-Mail kontaktieren. Am einfachsten nutzen Sie unser bereits vorgefertigtes <a href=\"https:\/\/www.billig-entruempelung.de\/entruempelung-augsburg\/kontakt\/\">online Formular<\/a>\u00a0 auf unserer Kontaktseite und stellen Sie Ihre Frage in dem daf\u00fcr vorgesehenen Textfeld.[\/vc_column_text][\/vc_column][\/vc_row][vc_row][vc_column][vc_empty_space][vc_separator][vc_empty_space][\/vc_column][\/vc_row][vc_row][vc_column width=&#8220;1\/3&#8243;][vc_column_text]<\/p>\n<ul>\n<li>Haushaltsaufl\u00f6sung Augsburg<\/li>\n<li>Haushaltsaufl\u00f6sung Augsburger Land<\/li>\n<li>Haushaltsaufl\u00f6sung Haus<\/li>\n<\/ul>\n<p>[\/vc_column_text][\/vc_column][vc_column width=&#8220;1\/3&#8243;][vc_column_text]<\/p>\n<ul>\n<li>Haushaltsaufl\u00f6sung G\u00fcnstig<\/li>\n<li>Haushaltsaufl\u00f6sung Billig<\/li>\n<li>Haushaltsaufl\u00f6sung Bewertung<\/li>\n<\/ul>\n<p>[\/vc_column_text][\/vc_column][vc_column width=&#8220;1\/3&#8243;][vc_column_text]<\/p>\n<ul>\n<li>Haushaltsaufl\u00f6sung Wohnung<\/li>\n<li>Haushaltsaufl\u00f6sung Fachkraft<\/li>\n<li>Haushaltsaufl\u00f6sung Erfahrung<\/li>\n<\/ul>\n<p>[\/vc_column_text][\/vc_column][\/vc_row][vc_row][vc_column][vc_empty_space][vc_separator][vc_empty_space][vc_column_text]<\/p>\n<figure id=\"attachment_368\" aria-describedby=\"caption-attachment-368\" style=\"width: 640px\" class=\"wp-caption alignnone\"><a href=\"https:\/\/www.billig-entruempelung.de\/wp-content\/uploads\/2018\/07\/sofa-entruempeln-muenchen.jpg\"><img loading=\"lazy\" decoding=\"async\" class=\"wp-image-368 size-full\" src=\"https:\/\/www.billig-entruempelung.de\/wp-content\/uploads\/2018\/07\/sofa-entruempeln-muenchen.jpg\" alt=\"Haushaltsaufl\u00f6sung\" width=\"640\" height=\"415\" srcset=\"https:\/\/www.billig-entruempelung.de\/entruempelung-augsburg\/wp-content\/uploads\/2018\/07\/sofa-entruempeln-muenchen.jpg 640w, https:\/\/www.billig-entruempelung.de\/entruempelung-augsburg\/wp-content\/uploads\/2018\/07\/sofa-entruempeln-muenchen-300x195.jpg 300w\" sizes=\"auto, (max-width: 640px) 100vw, 640px\" \/><\/a><figcaption id=\"caption-attachment-368\" class=\"wp-caption-text\">G\u00fcnstige Haushaltsaufl\u00f6sung in Augsburg<\/figcaption><\/figure>\n<p>M\u00f6bel g\u00fcnstig in Augsburg entr\u00fcmpeln[\/vc_column_text][vc_empty_space][vc_separator][vc_empty_space][\/vc_column][\/vc_row][vc_row][vc_column][vc_column_text]<a name=\"detail-anfrage\"><\/a><\/p>\n<h3>Detialierte Anfrage Haushaltsaufl\u00f6sung<\/h3>\n<p>Sie m\u00f6chten sofort ein Angebot erhalten. Wenn Sie das Formular unten ausf\u00fcllen und optional auch Bilder hochladen dann k\u00f6nnen wir Ihnen umgehend ein Angebot ohne Besichtigung f\u00fcr Ihre Haushaltsaufl\u00f6sung schicken.<\/p>\n<p>This form does not exist[\/vc_column_text][\/vc_column][\/vc_row][vc_row][vc_column][vc_empty_space][vc_separator][vc_empty_space][\/vc_column][\/vc_row][vc_row][vc_column width=&#8220;1\/4&#8243;][vc_btn title=&#8220;Anfrageformular&#8220; style=&#8220;3d&#8220; color=&#8220;green&#8220; size=&#8220;lg&#8220; i_icon_fontawesome=&#8220;fa fa-check&#8220; link=&#8220;url:https%3A%2F%2Fwww.billig-entruempelung.de%2Fanfrageformular%2F||target:%20_blank|&#8220; add_icon=&#8220;true&#8220;][\/vc_column][vc_column width=&#8220;3\/4&#8243;][vc_column_text]Jetzt kostenlose Beratung vor Ort vereinbaren!<br \/>\nTelefonisch unter <a href=\"tel: 01786571706\">0178 &#8211; 65 71 706<\/a>[\/vc_column_text][\/vc_column][\/vc_row][vc_row][vc_column][vc_column_text]*In Zusammenarbeit mit unseren langfristigen und vertrauten Partnerfirmen[\/vc_column_text][\/vc_column][\/vc_row]<\/p>\n<\/div>","protected":false},"excerpt":{"rendered":"<p>[vc_row][vc_column][vc_column_text] Haushaltsaufl\u00f6sung Ihre Wohnung liegt im f\u00fcnften Stockwerk und bei Ihnen liegt eine komplette Haushaltsaufl\u00f6sung an? Das Problem ist nur, in dem Haus ist kein&hellip;<\/p>\n","protected":false},"author":1,"featured_media":428,"parent":0,"menu_order":0,"comment_status":"closed","ping_status":"closed","template":"","meta":{"footnotes":""},"class_list":["post-194","page","type-page","status-publish","has-post-thumbnail","hentry"],"yoast_head":"<!-- This site is optimized with the Yoast SEO plugin v26.3 - https:\/\/yoast.com\/wordpress\/plugins\/seo\/ -->\n<title>Haushaltsaufl\u00f6sung durch den Billif Entr\u00fcmpler Augsburg<\/title>\n<meta name=\"description\" content=\"\u00dcber 30 Jahren Berufserfahrung bei Haushaltsaufl\u00f6sung, Wohnungsaufl\u00f6sung und Entsorgung sowie Entr\u00fcmpelung in Augsburg und Umland.\" \/>\n<meta name=\"robots\" content=\"index, follow, max-snippet:-1, max-image-preview:large, max-video-preview:-1\" \/>\n<link rel=\"canonical\" href=\"https:\/\/www.billig-entruempelung.de\/entruempelung-augsburg\/haushaltsaufloesung-in-augsburg\/\" \/>\n<meta property=\"og:locale\" content=\"de_DE\" \/>\n<meta property=\"og:type\" content=\"article\" \/>\n<meta property=\"og:title\" content=\"Haushaltsaufl\u00f6sung durch den Billif Entr\u00fcmpler Augsburg\" \/>\n<meta property=\"og:description\" content=\"\u00dcber 30 Jahren Berufserfahrung bei Haushaltsaufl\u00f6sung, Wohnungsaufl\u00f6sung und Entsorgung sowie Entr\u00fcmpelung in Augsburg und Umland.\" \/>\n<meta property=\"og:url\" content=\"https:\/\/www.billig-entruempelung.de\/entruempelung-augsburg\/haushaltsaufloesung-in-augsburg\/\" \/>\n<meta property=\"og:site_name\" content=\"Entr\u00fcmpelung Augsburg\" \/>\n<meta property=\"article:modified_time\" content=\"2020-04-24T08:57:00+00:00\" \/>\n<meta property=\"og:image\" content=\"https:\/\/www.billig-entruempelung.de\/entruempelung-augsburg\/wp-content\/uploads\/2018\/07\/vince-gx-674693-unsplash.jpg\" \/>\n\t<meta property=\"og:image:width\" content=\"4429\" \/>\n\t<meta property=\"og:image:height\" content=\"2953\" \/>\n\t<meta property=\"og:image:type\" content=\"image\/jpeg\" \/>\n<meta name=\"twitter:card\" content=\"summary_large_image\" \/>\n<meta name=\"twitter:label1\" content=\"Gesch\u00e4tzte Lesezeit\" \/>\n\t<meta name=\"twitter:data1\" content=\"3\u00a0Minuten\" \/>\n<script type=\"application\/ld+json\" class=\"yoast-schema-graph\">{\"@context\":\"https:\/\/schema.org\",\"@graph\":[{\"@type\":\"WebPage\",\"@id\":\"https:\/\/www.billig-entruempelung.de\/entruempelung-augsburg\/haushaltsaufloesung-in-augsburg\/\",\"url\":\"https:\/\/www.billig-entruempelung.de\/entruempelung-augsburg\/haushaltsaufloesung-in-augsburg\/\",\"name\":\"Haushaltsaufl\u00f6sung durch den Billif Entr\u00fcmpler Augsburg\",\"isPartOf\":{\"@id\":\"https:\/\/www.billig-entruempelung.de\/entruempelung-augsburg\/#website\"},\"primaryImageOfPage\":{\"@id\":\"https:\/\/www.billig-entruempelung.de\/entruempelung-augsburg\/haushaltsaufloesung-in-augsburg\/#primaryimage\"},\"image\":{\"@id\":\"https:\/\/www.billig-entruempelung.de\/entruempelung-augsburg\/haushaltsaufloesung-in-augsburg\/#primaryimage\"},\"thumbnailUrl\":\"https:\/\/www.billig-entruempelung.de\/entruempelung-augsburg\/wp-content\/uploads\/2018\/07\/vince-gx-674693-unsplash.jpg\",\"datePublished\":\"2018-04-19T14:57:14+00:00\",\"dateModified\":\"2020-04-24T08:57:00+00:00\",\"description\":\"\u00dcber 30 Jahren Berufserfahrung bei Haushaltsaufl\u00f6sung, Wohnungsaufl\u00f6sung und Entsorgung sowie Entr\u00fcmpelung in Augsburg und Umland.\",\"breadcrumb\":{\"@id\":\"https:\/\/www.billig-entruempelung.de\/entruempelung-augsburg\/haushaltsaufloesung-in-augsburg\/#breadcrumb\"},\"inLanguage\":\"de\",\"potentialAction\":[{\"@type\":\"ReadAction\",\"target\":[\"https:\/\/www.billig-entruempelung.de\/entruempelung-augsburg\/haushaltsaufloesung-in-augsburg\/\"]}]},{\"@type\":\"ImageObject\",\"inLanguage\":\"de\",\"@id\":\"https:\/\/www.billig-entruempelung.de\/entruempelung-augsburg\/haushaltsaufloesung-in-augsburg\/#primaryimage\",\"url\":\"https:\/\/www.billig-entruempelung.de\/entruempelung-augsburg\/wp-content\/uploads\/2018\/07\/vince-gx-674693-unsplash.jpg\",\"contentUrl\":\"https:\/\/www.billig-entruempelung.de\/entruempelung-augsburg\/wp-content\/uploads\/2018\/07\/vince-gx-674693-unsplash.jpg\",\"width\":4429,\"height\":2953,\"caption\":\"Haushaltsaufl\u00f6sung Augsburg\"},{\"@type\":\"BreadcrumbList\",\"@id\":\"https:\/\/www.billig-entruempelung.de\/entruempelung-augsburg\/haushaltsaufloesung-in-augsburg\/#breadcrumb\",\"itemListElement\":[{\"@type\":\"ListItem\",\"position\":1,\"name\":\"Startseite\",\"item\":\"https:\/\/www.billig-entruempelung.de\/entruempelung-augsburg\/\"},{\"@type\":\"ListItem\",\"position\":2,\"name\":\"Haushaltsaufl\u00f6sung in Augsburg\"}]},{\"@type\":\"WebSite\",\"@id\":\"https:\/\/www.billig-entruempelung.de\/entruempelung-augsburg\/#website\",\"url\":\"https:\/\/www.billig-entruempelung.de\/entruempelung-augsburg\/\",\"name\":\"Entr\u00fcmpelung Augsburg\",\"description\":\"G\u00fcnstige Entr\u00fcmpelung und Entsorgung in Augsburg\",\"publisher\":{\"@id\":\"https:\/\/www.billig-entruempelung.de\/entruempelung-augsburg\/#organization\"},\"potentialAction\":[{\"@type\":\"SearchAction\",\"target\":{\"@type\":\"EntryPoint\",\"urlTemplate\":\"https:\/\/www.billig-entruempelung.de\/entruempelung-augsburg\/?s={search_term_string}\"},\"query-input\":{\"@type\":\"PropertyValueSpecification\",\"valueRequired\":true,\"valueName\":\"search_term_string\"}}],\"inLanguage\":\"de\"},{\"@type\":\"Organization\",\"@id\":\"https:\/\/www.billig-entruempelung.de\/entruempelung-augsburg\/#organization\",\"name\":\"Entr\u00fcmpelung Augsburg\",\"url\":\"https:\/\/www.billig-entruempelung.de\/entruempelung-augsburg\/\",\"logo\":{\"@type\":\"ImageObject\",\"inLanguage\":\"de\",\"@id\":\"https:\/\/www.billig-entruempelung.de\/entruempelung-augsburg\/#\/schema\/logo\/image\/\",\"url\":\"https:\/\/www.billig-entruempelung.de\/entruempelung-augsburg\/wp-content\/uploads\/2018\/07\/entruempelung-muenchen.png\",\"contentUrl\":\"https:\/\/www.billig-entruempelung.de\/entruempelung-augsburg\/wp-content\/uploads\/2018\/07\/entruempelung-muenchen.png\",\"width\":450,\"height\":71,\"caption\":\"Entr\u00fcmpelung Augsburg\"},\"image\":{\"@id\":\"https:\/\/www.billig-entruempelung.de\/entruempelung-augsburg\/#\/schema\/logo\/image\/\"}}]}<\/script>\n<!-- \/ Yoast SEO plugin. -->","yoast_head_json":{"title":"Haushaltsaufl\u00f6sung durch den Billif Entr\u00fcmpler Augsburg","description":"\u00dcber 30 Jahren Berufserfahrung bei Haushaltsaufl\u00f6sung, Wohnungsaufl\u00f6sung und Entsorgung sowie Entr\u00fcmpelung in Augsburg und Umland.","robots":{"index":"index","follow":"follow","max-snippet":"max-snippet:-1","max-image-preview":"max-image-preview:large","max-video-preview":"max-video-preview:-1"},"canonical":"https:\/\/www.billig-entruempelung.de\/entruempelung-augsburg\/haushaltsaufloesung-in-augsburg\/","og_locale":"de_DE","og_type":"article","og_title":"Haushaltsaufl\u00f6sung durch den Billif Entr\u00fcmpler Augsburg","og_description":"\u00dcber 30 Jahren Berufserfahrung bei Haushaltsaufl\u00f6sung, Wohnungsaufl\u00f6sung und Entsorgung sowie Entr\u00fcmpelung in Augsburg und Umland.","og_url":"https:\/\/www.billig-entruempelung.de\/entruempelung-augsburg\/haushaltsaufloesung-in-augsburg\/","og_site_name":"Entr\u00fcmpelung Augsburg","article_modified_time":"2020-04-24T08:57:00+00:00","og_image":[{"width":4429,"height":2953,"url":"https:\/\/www.billig-entruempelung.de\/entruempelung-augsburg\/wp-content\/uploads\/2018\/07\/vince-gx-674693-unsplash.jpg","type":"image\/jpeg"}],"twitter_card":"summary_large_image","twitter_misc":{"Gesch\u00e4tzte Lesezeit":"3\u00a0Minuten"},"schema":{"@context":"https:\/\/schema.org","@graph":[{"@type":"WebPage","@id":"https:\/\/www.billig-entruempelung.de\/entruempelung-augsburg\/haushaltsaufloesung-in-augsburg\/","url":"https:\/\/www.billig-entruempelung.de\/entruempelung-augsburg\/haushaltsaufloesung-in-augsburg\/","name":"Haushaltsaufl\u00f6sung durch den Billif Entr\u00fcmpler Augsburg","isPartOf":{"@id":"https:\/\/www.billig-entruempelung.de\/entruempelung-augsburg\/#website"},"primaryImageOfPage":{"@id":"https:\/\/www.billig-entruempelung.de\/entruempelung-augsburg\/haushaltsaufloesung-in-augsburg\/#primaryimage"},"image":{"@id":"https:\/\/www.billig-entruempelung.de\/entruempelung-augsburg\/haushaltsaufloesung-in-augsburg\/#primaryimage"},"thumbnailUrl":"https:\/\/www.billig-entruempelung.de\/entruempelung-augsburg\/wp-content\/uploads\/2018\/07\/vince-gx-674693-unsplash.jpg","datePublished":"2018-04-19T14:57:14+00:00","dateModified":"2020-04-24T08:57:00+00:00","description":"\u00dcber 30 Jahren Berufserfahrung bei Haushaltsaufl\u00f6sung, Wohnungsaufl\u00f6sung und Entsorgung sowie Entr\u00fcmpelung in Augsburg und Umland.","breadcrumb":{"@id":"https:\/\/www.billig-entruempelung.de\/entruempelung-augsburg\/haushaltsaufloesung-in-augsburg\/#breadcrumb"},"inLanguage":"de","potentialAction":[{"@type":"ReadAction","target":["https:\/\/www.billig-entruempelung.de\/entruempelung-augsburg\/haushaltsaufloesung-in-augsburg\/"]}]},{"@type":"ImageObject","inLanguage":"de","@id":"https:\/\/www.billig-entruempelung.de\/entruempelung-augsburg\/haushaltsaufloesung-in-augsburg\/#primaryimage","url":"https:\/\/www.billig-entruempelung.de\/entruempelung-augsburg\/wp-content\/uploads\/2018\/07\/vince-gx-674693-unsplash.jpg","contentUrl":"https:\/\/www.billig-entruempelung.de\/entruempelung-augsburg\/wp-content\/uploads\/2018\/07\/vince-gx-674693-unsplash.jpg","width":4429,"height":2953,"caption":"Haushaltsaufl\u00f6sung Augsburg"},{"@type":"BreadcrumbList","@id":"https:\/\/www.billig-entruempelung.de\/entruempelung-augsburg\/haushaltsaufloesung-in-augsburg\/#breadcrumb","itemListElement":[{"@type":"ListItem","position":1,"name":"Startseite","item":"https:\/\/www.billig-entruempelung.de\/entruempelung-augsburg\/"},{"@type":"ListItem","position":2,"name":"Haushaltsaufl\u00f6sung in Augsburg"}]},{"@type":"WebSite","@id":"https:\/\/www.billig-entruempelung.de\/entruempelung-augsburg\/#website","url":"https:\/\/www.billig-entruempelung.de\/entruempelung-augsburg\/","name":"Entr\u00fcmpelung Augsburg","description":"G\u00fcnstige Entr\u00fcmpelung und Entsorgung in Augsburg","publisher":{"@id":"https:\/\/www.billig-entruempelung.de\/entruempelung-augsburg\/#organization"},"potentialAction":[{"@type":"SearchAction","target":{"@type":"EntryPoint","urlTemplate":"https:\/\/www.billig-entruempelung.de\/entruempelung-augsburg\/?s={search_term_string}"},"query-input":{"@type":"PropertyValueSpecification","valueRequired":true,"valueName":"search_term_string"}}],"inLanguage":"de"},{"@type":"Organization","@id":"https:\/\/www.billig-entruempelung.de\/entruempelung-augsburg\/#organization","name":"Entr\u00fcmpelung Augsburg","url":"https:\/\/www.billig-entruempelung.de\/entruempelung-augsburg\/","logo":{"@type":"ImageObject","inLanguage":"de","@id":"https:\/\/www.billig-entruempelung.de\/entruempelung-augsburg\/#\/schema\/logo\/image\/","url":"https:\/\/www.billig-entruempelung.de\/entruempelung-augsburg\/wp-content\/uploads\/2018\/07\/entruempelung-muenchen.png","contentUrl":"https:\/\/www.billig-entruempelung.de\/entruempelung-augsburg\/wp-content\/uploads\/2018\/07\/entruempelung-muenchen.png","width":450,"height":71,"caption":"Entr\u00fcmpelung Augsburg"},"image":{"@id":"https:\/\/www.billig-entruempelung.de\/entruempelung-augsburg\/#\/schema\/logo\/image\/"}}]}},"rttpg_featured_image_url":{"full":["https:\/\/www.billig-entruempelung.de\/entruempelung-augsburg\/wp-content\/uploads\/2018\/07\/vince-gx-674693-unsplash.jpg",4429,2953,false],"landscape":["https:\/\/www.billig-entruempelung.de\/entruempelung-augsburg\/wp-content\/uploads\/2018\/07\/vince-gx-674693-unsplash.jpg",4429,2953,false],"portraits":["https:\/\/www.billig-entruempelung.de\/entruempelung-augsburg\/wp-content\/uploads\/2018\/07\/vince-gx-674693-unsplash.jpg",4429,2953,false],"thumbnail":["https:\/\/www.billig-entruempelung.de\/entruempelung-augsburg\/wp-content\/uploads\/2018\/07\/vince-gx-674693-unsplash-150x150.jpg",150,150,true],"medium":["https:\/\/www.billig-entruempelung.de\/entruempelung-augsburg\/wp-content\/uploads\/2018\/07\/vince-gx-674693-unsplash-300x200.jpg",300,200,true],"large":["https:\/\/www.billig-entruempelung.de\/entruempelung-augsburg\/wp-content\/uploads\/2018\/07\/vince-gx-674693-unsplash-1024x683.jpg",843,562,true],"1536x1536":["https:\/\/www.billig-entruempelung.de\/entruempelung-augsburg\/wp-content\/uploads\/2018\/07\/vince-gx-674693-unsplash.jpg",1536,1024,false],"2048x2048":["https:\/\/www.billig-entruempelung.de\/entruempelung-augsburg\/wp-content\/uploads\/2018\/07\/vince-gx-674693-unsplash.jpg",2048,1365,false]},"rttpg_author":{"display_name":"admin","author_link":"https:\/\/www.billig-entruempelung.de\/entruempelung-augsburg\/author\/admin\/"},"rttpg_comment":0,"rttpg_category":null,"rttpg_excerpt":"[vc_row][vc_column][vc_column_text] Haushaltsaufl\u00f6sung Ihre Wohnung liegt im f\u00fcnften Stockwerk und bei Ihnen liegt eine komplette Haushaltsaufl\u00f6sung an? Das Problem ist nur, in dem Haus ist kein&hellip;","_links":{"self":[{"href":"https:\/\/www.billig-entruempelung.de\/entruempelung-augsburg\/wp-json\/wp\/v2\/pages\/194","targetHints":{"allow":["GET"]}}],"collection":[{"href":"https:\/\/www.billig-entruempelung.de\/entruempelung-augsburg\/wp-json\/wp\/v2\/pages"}],"about":[{"href":"https:\/\/www.billig-entruempelung.de\/entruempelung-augsburg\/wp-json\/wp\/v2\/types\/page"}],"author":[{"embeddable":true,"href":"https:\/\/www.billig-entruempelung.de\/entruempelung-augsburg\/wp-json\/wp\/v2\/users\/1"}],"replies":[{"embeddable":true,"href":"https:\/\/www.billig-entruempelung.de\/entruempelung-augsburg\/wp-json\/wp\/v2\/comments?post=194"}],"version-history":[{"count":54,"href":"https:\/\/www.billig-entruempelung.de\/entruempelung-augsburg\/wp-json\/wp\/v2\/pages\/194\/revisions"}],"predecessor-version":[{"id":1408,"href":"https:\/\/www.billig-entruempelung.de\/entruempelung-augsburg\/wp-json\/wp\/v2\/pages\/194\/revisions\/1408"}],"wp:featuredmedia":[{"embeddable":true,"href":"https:\/\/www.billig-entruempelung.de\/entruempelung-augsburg\/wp-json\/wp\/v2\/media\/428"}],"wp:attachment":[{"href":"https:\/\/www.billig-entruempelung.de\/entruempelung-augsburg\/wp-json\/wp\/v2\/media?parent=194"}],"curies":[{"name":"wp","href":"https:\/\/api.w.org\/{rel}","templated":true}]}}