{"id":169,"date":"2018-04-19T13:05:29","date_gmt":"2018-04-19T11:05:29","guid":{"rendered":"https:\/\/www.billig-entruempelung.de\/?page_id=169"},"modified":"2022-02-16T12:48:59","modified_gmt":"2022-02-16T11:48:59","slug":"hotelrenovierung","status":"publish","type":"page","link":"https:\/\/www.billig-entruempelung.de\/entruempelung-augsburg\/hotelrenovierung\/","title":{"rendered":"Hotelrenovierung* mit Billig Entr\u00fcmpelung Augsburg"},"content":{"rendered":"<div class=\"wpb-content-wrapper\"><p>[vc_row][vc_column width=&#8220;2\/3&#8243;][vc_column_text]<\/p>\n<h2>Hotelrenovierung* Augsburg<\/h2>\n<p>Hotelrenovierungen* sind mit vielen Herausforderungen verbunden. Wir \u00fcbernehmen die komplette Planung und Koordination der Renovierung*. Au\u00dferdem achten wir besonders darauf, den laufenden Betrieb in keiner Weise zu st\u00f6ren. Wenn Sie alle Schritte abgeschlossen haben, k\u00f6nnen Sie mit der Umsetzung Ihres Plans beginnen. Im laufenden Betrieb k\u00f6nnen unsere Mitarbeiter darauf achten, dass es nur wenig Bewegung und L\u00e4rm gibt und alle Ruhezeiten eingehalten werden. W\u00e4hrend dieser Zeit sind wir f\u00fcr die G\u00e4ste unsichtbar und arbeiten nach eigenem Ermessen.[\/vc_column_text][\/vc_column][vc_column width=&#8220;1\/3&#8243; css=&#8220;.vc_custom_1566819083118{margin-top: 40px !important;}&#8220;][vc_single_image image=&#8220;1273&#8243; img_size=&#8220;450&#215;300&#8243;][\/vc_column][\/vc_row][vc_row][vc_column][vc_empty_space][vc_separator][vc_empty_space][\/vc_column][\/vc_row][vc_row][vc_column][vc_column_text]<\/p>\n<h3>Hotelentr\u00fcmpelung in Augsburg<\/h3>\n<p>Zun\u00e4chst dokumentieren wir die Anforderungen des Auftraggebers und erarbeiten gemeinsam einen Zeitplan. W\u00e4hrend des gesamten Renovierungsprozesses \u00fcbernehmen wir im vereinbarten Rahmen die Projektleitung und garantieren so eine reibungslose und sichere Renovierung*. Dank dieser sorgf\u00e4ltigen Planung haben wir daf\u00fcr gesorgt, dass Hotels und Pensionen w\u00e4hrend Renovierungsarbeiten nicht schlie\u00dfen mussten. So kann sich der Hotelier m\u00fchelos und ungest\u00f6rt um seine Kunden k\u00fcmmern, w\u00e4hrend wir f\u00fcr eine Renovierung* sorgen.[\/vc_column_text][\/vc_column][\/vc_row][vc_row][vc_column][vc_empty_space][vc_separator][vc_empty_space][\/vc_column][\/vc_row][vc_row][vc_column][vc_column_text]*In Zusammenarbeit mit unseren langfristigen und vertrauten Partnerfirmen[\/vc_column_text][\/vc_column][\/vc_row]<\/p>\n<\/div>","protected":false},"excerpt":{"rendered":"<p>[vc_row][vc_column width=&#8220;2\/3&#8243;][vc_column_text] Hotelrenovierung* Augsburg Hotelrenovierungen* sind mit vielen Herausforderungen verbunden. Wir \u00fcbernehmen die komplette Planung und Koordination der Renovierung*. Au\u00dferdem achten wir besonders darauf, den&hellip;<\/p>\n","protected":false},"author":1,"featured_media":1273,"parent":0,"menu_order":0,"comment_status":"closed","ping_status":"closed","template":"","meta":{"footnotes":""},"class_list":["post-169","page","type-page","status-publish","has-post-thumbnail","hentry"],"yoast_head":"<!-- This site is optimized with the Yoast SEO plugin v26.3 - https:\/\/yoast.com\/wordpress\/plugins\/seo\/ -->\n<title>Hotelrenovierung durch Partner des Billig Entr\u00fcmplers<\/title>\n<meta name=\"description\" content=\"In zusammenarbeit mit unseren Partnerfirmen haben wir die M\u00f6glichkeit auch Hotelrenovierungen im Augsburger Land anzubieten.\" \/>\n<meta name=\"robots\" content=\"index, follow, max-snippet:-1, max-image-preview:large, max-video-preview:-1\" \/>\n<link rel=\"canonical\" href=\"https:\/\/www.billig-entruempelung.de\/entruempelung-augsburg\/hotelrenovierung\/\" \/>\n<meta property=\"og:locale\" content=\"de_DE\" \/>\n<meta property=\"og:type\" content=\"article\" \/>\n<meta property=\"og:title\" content=\"Hotelrenovierung durch Partner des Billig Entr\u00fcmplers\" \/>\n<meta property=\"og:description\" content=\"In zusammenarbeit mit unseren Partnerfirmen haben wir die M\u00f6glichkeit auch Hotelrenovierungen im Augsburger Land anzubieten.\" \/>\n<meta property=\"og:url\" content=\"https:\/\/www.billig-entruempelung.de\/entruempelung-augsburg\/hotelrenovierung\/\" \/>\n<meta property=\"og:site_name\" content=\"Entr\u00fcmpelung Augsburg\" \/>\n<meta property=\"article:modified_time\" content=\"2022-02-16T11:48:59+00:00\" \/>\n<meta property=\"og:image\" content=\"https:\/\/www.billig-entruempelung.de\/entruempelung-augsburg\/wp-content\/uploads\/2019\/09\/indoors-4234071_1920.jpg\" \/>\n\t<meta property=\"og:image:width\" content=\"1920\" \/>\n\t<meta property=\"og:image:height\" content=\"1279\" \/>\n\t<meta property=\"og:image:type\" content=\"image\/jpeg\" \/>\n<meta name=\"twitter:card\" content=\"summary_large_image\" \/>\n<meta name=\"twitter:label1\" content=\"Gesch\u00e4tzte Lesezeit\" \/>\n\t<meta name=\"twitter:data1\" content=\"1\u00a0Minute\" \/>\n<script type=\"application\/ld+json\" class=\"yoast-schema-graph\">{\"@context\":\"https:\/\/schema.org\",\"@graph\":[{\"@type\":\"WebPage\",\"@id\":\"https:\/\/www.billig-entruempelung.de\/entruempelung-augsburg\/hotelrenovierung\/\",\"url\":\"https:\/\/www.billig-entruempelung.de\/entruempelung-augsburg\/hotelrenovierung\/\",\"name\":\"Hotelrenovierung durch Partner des Billig Entr\u00fcmplers\",\"isPartOf\":{\"@id\":\"https:\/\/www.billig-entruempelung.de\/entruempelung-augsburg\/#website\"},\"primaryImageOfPage\":{\"@id\":\"https:\/\/www.billig-entruempelung.de\/entruempelung-augsburg\/hotelrenovierung\/#primaryimage\"},\"image\":{\"@id\":\"https:\/\/www.billig-entruempelung.de\/entruempelung-augsburg\/hotelrenovierung\/#primaryimage\"},\"thumbnailUrl\":\"https:\/\/www.billig-entruempelung.de\/entruempelung-augsburg\/wp-content\/uploads\/2019\/09\/indoors-4234071_1920.jpg\",\"datePublished\":\"2018-04-19T11:05:29+00:00\",\"dateModified\":\"2022-02-16T11:48:59+00:00\",\"description\":\"In zusammenarbeit mit unseren Partnerfirmen haben wir die M\u00f6glichkeit auch Hotelrenovierungen im Augsburger Land anzubieten.\",\"breadcrumb\":{\"@id\":\"https:\/\/www.billig-entruempelung.de\/entruempelung-augsburg\/hotelrenovierung\/#breadcrumb\"},\"inLanguage\":\"de\",\"potentialAction\":[{\"@type\":\"ReadAction\",\"target\":[\"https:\/\/www.billig-entruempelung.de\/entruempelung-augsburg\/hotelrenovierung\/\"]}]},{\"@type\":\"ImageObject\",\"inLanguage\":\"de\",\"@id\":\"https:\/\/www.billig-entruempelung.de\/entruempelung-augsburg\/hotelrenovierung\/#primaryimage\",\"url\":\"https:\/\/www.billig-entruempelung.de\/entruempelung-augsburg\/wp-content\/uploads\/2019\/09\/indoors-4234071_1920.jpg\",\"contentUrl\":\"https:\/\/www.billig-entruempelung.de\/entruempelung-augsburg\/wp-content\/uploads\/2019\/09\/indoors-4234071_1920.jpg\",\"width\":1920,\"height\":1279},{\"@type\":\"BreadcrumbList\",\"@id\":\"https:\/\/www.billig-entruempelung.de\/entruempelung-augsburg\/hotelrenovierung\/#breadcrumb\",\"itemListElement\":[{\"@type\":\"ListItem\",\"position\":1,\"name\":\"Startseite\",\"item\":\"https:\/\/www.billig-entruempelung.de\/entruempelung-augsburg\/\"},{\"@type\":\"ListItem\",\"position\":2,\"name\":\"Hotelrenovierung* mit Billig Entr\u00fcmpelung Augsburg\"}]},{\"@type\":\"WebSite\",\"@id\":\"https:\/\/www.billig-entruempelung.de\/entruempelung-augsburg\/#website\",\"url\":\"https:\/\/www.billig-entruempelung.de\/entruempelung-augsburg\/\",\"name\":\"Entr\u00fcmpelung Augsburg\",\"description\":\"G\u00fcnstige Entr\u00fcmpelung und Entsorgung in Augsburg\",\"publisher\":{\"@id\":\"https:\/\/www.billig-entruempelung.de\/entruempelung-augsburg\/#organization\"},\"potentialAction\":[{\"@type\":\"SearchAction\",\"target\":{\"@type\":\"EntryPoint\",\"urlTemplate\":\"https:\/\/www.billig-entruempelung.de\/entruempelung-augsburg\/?s={search_term_string}\"},\"query-input\":{\"@type\":\"PropertyValueSpecification\",\"valueRequired\":true,\"valueName\":\"search_term_string\"}}],\"inLanguage\":\"de\"},{\"@type\":\"Organization\",\"@id\":\"https:\/\/www.billig-entruempelung.de\/entruempelung-augsburg\/#organization\",\"name\":\"Entr\u00fcmpelung Augsburg\",\"url\":\"https:\/\/www.billig-entruempelung.de\/entruempelung-augsburg\/\",\"logo\":{\"@type\":\"ImageObject\",\"inLanguage\":\"de\",\"@id\":\"https:\/\/www.billig-entruempelung.de\/entruempelung-augsburg\/#\/schema\/logo\/image\/\",\"url\":\"https:\/\/www.billig-entruempelung.de\/entruempelung-augsburg\/wp-content\/uploads\/2018\/07\/entruempelung-muenchen.png\",\"contentUrl\":\"https:\/\/www.billig-entruempelung.de\/entruempelung-augsburg\/wp-content\/uploads\/2018\/07\/entruempelung-muenchen.png\",\"width\":450,\"height\":71,\"caption\":\"Entr\u00fcmpelung Augsburg\"},\"image\":{\"@id\":\"https:\/\/www.billig-entruempelung.de\/entruempelung-augsburg\/#\/schema\/logo\/image\/\"}}]}<\/script>\n<!-- \/ Yoast SEO plugin. -->","yoast_head_json":{"title":"Hotelrenovierung durch Partner des Billig Entr\u00fcmplers","description":"In zusammenarbeit mit unseren Partnerfirmen haben wir die M\u00f6glichkeit auch Hotelrenovierungen im Augsburger Land anzubieten.","robots":{"index":"index","follow":"follow","max-snippet":"max-snippet:-1","max-image-preview":"max-image-preview:large","max-video-preview":"max-video-preview:-1"},"canonical":"https:\/\/www.billig-entruempelung.de\/entruempelung-augsburg\/hotelrenovierung\/","og_locale":"de_DE","og_type":"article","og_title":"Hotelrenovierung durch Partner des Billig Entr\u00fcmplers","og_description":"In zusammenarbeit mit unseren Partnerfirmen haben wir die M\u00f6glichkeit auch Hotelrenovierungen im Augsburger Land anzubieten.","og_url":"https:\/\/www.billig-entruempelung.de\/entruempelung-augsburg\/hotelrenovierung\/","og_site_name":"Entr\u00fcmpelung Augsburg","article_modified_time":"2022-02-16T11:48:59+00:00","og_image":[{"width":1920,"height":1279,"url":"https:\/\/www.billig-entruempelung.de\/entruempelung-augsburg\/wp-content\/uploads\/2019\/09\/indoors-4234071_1920.jpg","type":"image\/jpeg"}],"twitter_card":"summary_large_image","twitter_misc":{"Gesch\u00e4tzte Lesezeit":"1\u00a0Minute"},"schema":{"@context":"https:\/\/schema.org","@graph":[{"@type":"WebPage","@id":"https:\/\/www.billig-entruempelung.de\/entruempelung-augsburg\/hotelrenovierung\/","url":"https:\/\/www.billig-entruempelung.de\/entruempelung-augsburg\/hotelrenovierung\/","name":"Hotelrenovierung durch Partner des Billig Entr\u00fcmplers","isPartOf":{"@id":"https:\/\/www.billig-entruempelung.de\/entruempelung-augsburg\/#website"},"primaryImageOfPage":{"@id":"https:\/\/www.billig-entruempelung.de\/entruempelung-augsburg\/hotelrenovierung\/#primaryimage"},"image":{"@id":"https:\/\/www.billig-entruempelung.de\/entruempelung-augsburg\/hotelrenovierung\/#primaryimage"},"thumbnailUrl":"https:\/\/www.billig-entruempelung.de\/entruempelung-augsburg\/wp-content\/uploads\/2019\/09\/indoors-4234071_1920.jpg","datePublished":"2018-04-19T11:05:29+00:00","dateModified":"2022-02-16T11:48:59+00:00","description":"In zusammenarbeit mit unseren Partnerfirmen haben wir die M\u00f6glichkeit auch Hotelrenovierungen im Augsburger Land anzubieten.","breadcrumb":{"@id":"https:\/\/www.billig-entruempelung.de\/entruempelung-augsburg\/hotelrenovierung\/#breadcrumb"},"inLanguage":"de","potentialAction":[{"@type":"ReadAction","target":["https:\/\/www.billig-entruempelung.de\/entruempelung-augsburg\/hotelrenovierung\/"]}]},{"@type":"ImageObject","inLanguage":"de","@id":"https:\/\/www.billig-entruempelung.de\/entruempelung-augsburg\/hotelrenovierung\/#primaryimage","url":"https:\/\/www.billig-entruempelung.de\/entruempelung-augsburg\/wp-content\/uploads\/2019\/09\/indoors-4234071_1920.jpg","contentUrl":"https:\/\/www.billig-entruempelung.de\/entruempelung-augsburg\/wp-content\/uploads\/2019\/09\/indoors-4234071_1920.jpg","width":1920,"height":1279},{"@type":"BreadcrumbList","@id":"https:\/\/www.billig-entruempelung.de\/entruempelung-augsburg\/hotelrenovierung\/#breadcrumb","itemListElement":[{"@type":"ListItem","position":1,"name":"Startseite","item":"https:\/\/www.billig-entruempelung.de\/entruempelung-augsburg\/"},{"@type":"ListItem","position":2,"name":"Hotelrenovierung* mit Billig Entr\u00fcmpelung Augsburg"}]},{"@type":"WebSite","@id":"https:\/\/www.billig-entruempelung.de\/entruempelung-augsburg\/#website","url":"https:\/\/www.billig-entruempelung.de\/entruempelung-augsburg\/","name":"Entr\u00fcmpelung Augsburg","description":"G\u00fcnstige Entr\u00fcmpelung und Entsorgung in Augsburg","publisher":{"@id":"https:\/\/www.billig-entruempelung.de\/entruempelung-augsburg\/#organization"},"potentialAction":[{"@type":"SearchAction","target":{"@type":"EntryPoint","urlTemplate":"https:\/\/www.billig-entruempelung.de\/entruempelung-augsburg\/?s={search_term_string}"},"query-input":{"@type":"PropertyValueSpecification","valueRequired":true,"valueName":"search_term_string"}}],"inLanguage":"de"},{"@type":"Organization","@id":"https:\/\/www.billig-entruempelung.de\/entruempelung-augsburg\/#organization","name":"Entr\u00fcmpelung Augsburg","url":"https:\/\/www.billig-entruempelung.de\/entruempelung-augsburg\/","logo":{"@type":"ImageObject","inLanguage":"de","@id":"https:\/\/www.billig-entruempelung.de\/entruempelung-augsburg\/#\/schema\/logo\/image\/","url":"https:\/\/www.billig-entruempelung.de\/entruempelung-augsburg\/wp-content\/uploads\/2018\/07\/entruempelung-muenchen.png","contentUrl":"https:\/\/www.billig-entruempelung.de\/entruempelung-augsburg\/wp-content\/uploads\/2018\/07\/entruempelung-muenchen.png","width":450,"height":71,"caption":"Entr\u00fcmpelung Augsburg"},"image":{"@id":"https:\/\/www.billig-entruempelung.de\/entruempelung-augsburg\/#\/schema\/logo\/image\/"}}]}},"rttpg_featured_image_url":{"full":["https:\/\/www.billig-entruempelung.de\/entruempelung-augsburg\/wp-content\/uploads\/2019\/09\/indoors-4234071_1920.jpg",1920,1279,false],"landscape":["https:\/\/www.billig-entruempelung.de\/entruempelung-augsburg\/wp-content\/uploads\/2019\/09\/indoors-4234071_1920.jpg",1920,1279,false],"portraits":["https:\/\/www.billig-entruempelung.de\/entruempelung-augsburg\/wp-content\/uploads\/2019\/09\/indoors-4234071_1920.jpg",1920,1279,false],"thumbnail":["https:\/\/www.billig-entruempelung.de\/entruempelung-augsburg\/wp-content\/uploads\/2019\/09\/indoors-4234071_1920-150x150.jpg",150,150,true],"medium":["https:\/\/www.billig-entruempelung.de\/entruempelung-augsburg\/wp-content\/uploads\/2019\/09\/indoors-4234071_1920-300x200.jpg",300,200,true],"large":["https:\/\/www.billig-entruempelung.de\/entruempelung-augsburg\/wp-content\/uploads\/2019\/09\/indoors-4234071_1920-1024x682.jpg",843,561,true],"1536x1536":["https:\/\/www.billig-entruempelung.de\/entruempelung-augsburg\/wp-content\/uploads\/2019\/09\/indoors-4234071_1920.jpg",1536,1023,false],"2048x2048":["https:\/\/www.billig-entruempelung.de\/entruempelung-augsburg\/wp-content\/uploads\/2019\/09\/indoors-4234071_1920.jpg",1920,1279,false]},"rttpg_author":{"display_name":"admin","author_link":"https:\/\/www.billig-entruempelung.de\/entruempelung-augsburg\/author\/admin\/"},"rttpg_comment":0,"rttpg_category":null,"rttpg_excerpt":"[vc_row][vc_column width=&#8220;2\/3&#8243;][vc_column_text] Hotelrenovierung* Augsburg Hotelrenovierungen* sind mit vielen Herausforderungen verbunden. Wir \u00fcbernehmen die komplette Planung und Koordination der Renovierung*. Au\u00dferdem achten wir besonders darauf, den&hellip;","_links":{"self":[{"href":"https:\/\/www.billig-entruempelung.de\/entruempelung-augsburg\/wp-json\/wp\/v2\/pages\/169","targetHints":{"allow":["GET"]}}],"collection":[{"href":"https:\/\/www.billig-entruempelung.de\/entruempelung-augsburg\/wp-json\/wp\/v2\/pages"}],"about":[{"href":"https:\/\/www.billig-entruempelung.de\/entruempelung-augsburg\/wp-json\/wp\/v2\/types\/page"}],"author":[{"embeddable":true,"href":"https:\/\/www.billig-entruempelung.de\/entruempelung-augsburg\/wp-json\/wp\/v2\/users\/1"}],"replies":[{"embeddable":true,"href":"https:\/\/www.billig-entruempelung.de\/entruempelung-augsburg\/wp-json\/wp\/v2\/comments?post=169"}],"version-history":[{"count":33,"href":"https:\/\/www.billig-entruempelung.de\/entruempelung-augsburg\/wp-json\/wp\/v2\/pages\/169\/revisions"}],"predecessor-version":[{"id":1610,"href":"https:\/\/www.billig-entruempelung.de\/entruempelung-augsburg\/wp-json\/wp\/v2\/pages\/169\/revisions\/1610"}],"wp:featuredmedia":[{"embeddable":true,"href":"https:\/\/www.billig-entruempelung.de\/entruempelung-augsburg\/wp-json\/wp\/v2\/media\/1273"}],"wp:attachment":[{"href":"https:\/\/www.billig-entruempelung.de\/entruempelung-augsburg\/wp-json\/wp\/v2\/media?parent=169"}],"curies":[{"name":"wp","href":"https:\/\/api.w.org\/{rel}","templated":true}]}}