{"id":1619,"date":"2022-02-23T15:57:39","date_gmt":"2022-02-23T14:57:39","guid":{"rendered":"https:\/\/www.billig-entruempelung.de\/entruempelung-augsburg\/?page_id=1619"},"modified":"2022-02-23T15:57:39","modified_gmt":"2022-02-23T14:57:39","slug":"entruempeln-neuen-platz-schaffen","status":"publish","type":"page","link":"https:\/\/www.billig-entruempelung.de\/entruempelung-augsburg\/entruempeln-neuen-platz-schaffen\/","title":{"rendered":"Entr\u00fcmpeln &#8211; neuen Platz schaffen!"},"content":{"rendered":"<div class=\"wpb-content-wrapper\"><p>[vc_row][vc_column width=&#8220;2\/3&#8243;][vc_column_text]<\/p>\n<h2>Aufr\u00e4umen &#8211; Neuen Raum schaffen!<\/h2>\n<p>[\/vc_column_text][vc_empty_space height=&#8220;16px&#8220;][vc_column_text]Jedes Mal nehmen wir uns vor, endlich Ordnung in unsere eigenen vier W\u00e4nde zu bringen. Doch scheint der Plan mit dem Aufr\u00e4umen trotz aller guten Vors\u00e4tze immer wieder zu scheitern. Entweder haben wir keine Zeit daf\u00fcr oder wissen nicht, wie genau wir bestimmte Objekte sinnvoll loswerden k\u00f6nnen. Die eigenen vier W\u00e4nde wieder auf Vordermann zu bringen ist eben doch ein aufwendiges Verfahren.<\/p>\n<p>Dabei spielen <strong>Entr\u00fcmpeln, Aufr\u00e4umen<\/strong> &amp; Co. nicht nur in Sachen Ordnung eine wichtige Rolle \u2013 sie helfen auch dabei uns von Ballast zu befreien und eine neue Leichtigkeit in unserem Leben zu finden.[\/vc_column_text][\/vc_column][vc_column width=&#8220;1\/3&#8243;][vc_empty_space][vc_column_text]<\/p>\n<figure id=\"attachment_1040\" aria-describedby=\"caption-attachment-1040\" style=\"width: 300px\" class=\"wp-caption alignnone\"><img loading=\"lazy\" decoding=\"async\" class=\"size-medium wp-image-1040\" src=\"https:\/\/www.billig-entruempelung.de\/entruempelung-augsburg\/wp-content\/uploads\/2019\/08\/hotel-1330841_1920-300x200.jpg\" alt=\"Aufr\u00e4umen bringt Lebensfreude\" width=\"300\" height=\"200\" srcset=\"https:\/\/www.billig-entruempelung.de\/entruempelung-augsburg\/wp-content\/uploads\/2019\/08\/hotel-1330841_1920-300x200.jpg 300w, https:\/\/www.billig-entruempelung.de\/entruempelung-augsburg\/wp-content\/uploads\/2019\/08\/hotel-1330841_1920-768x512.jpg 768w, https:\/\/www.billig-entruempelung.de\/entruempelung-augsburg\/wp-content\/uploads\/2019\/08\/hotel-1330841_1920-1024x683.jpg 1024w, https:\/\/www.billig-entruempelung.de\/entruempelung-augsburg\/wp-content\/uploads\/2019\/08\/hotel-1330841_1920.jpg 1920w\" sizes=\"auto, (max-width: 300px) 100vw, 300px\" \/><figcaption id=\"caption-attachment-1040\" class=\"wp-caption-text\">Aufr\u00e4umen bringt Lebensfreude<\/figcaption><\/figure>\n<p>[\/vc_column_text][\/vc_column][\/vc_row][vc_row][vc_column][vc_empty_space][vc_separator][vc_empty_space][\/vc_column][\/vc_row][vc_row][vc_column][vc_column_text]<\/p>\n<h3>Was bewirkt Aufr\u00e4umen?<\/h3>\n<p>Wenn sich Kisten mit Ordnern und sonstiges auf dem Boden stapeln, auf dem Schreibtisch kein Platz mehr f\u00fcr den Laptop ist, sorgt dies nicht nur f\u00fcr Chaos in unserer Wohnung, sondern auch im Kopf. Unn\u00f6tiger Ballast kann schlie\u00dflich zu einer gro\u00dfen Last werden und dazu f\u00fchren, dass wir unzufrieden mit unserem eigenen Leben sind. Entr\u00fcmpeln schafft Platz in der Wohnung, macht den Kopf frei und letztendlich auch gl\u00fccklich. Kurz gesagt: Ausmisten, Aufr\u00e4umen &amp; Co. befreit!<\/p>\n<p>In unserer Gesellschaft spielen die Themen Minimalismus, bewusster Konsum und Nachhaltigkeit sowieso eine immer gr\u00f6\u00dfere Rolle\u00a0 \u2013 warum also nicht nur der Umwelt, sondern auch uns selbst etwas Gutes tun und sich von unn\u00f6tigem Ballast befreien und in Zukunft lieber zweimal dar\u00fcber nachdenken bevor man sich etwas neues kauft, dass man im Endeffekt dann kaum bis gar nicht nutzt. Ganz nach dem Motto: Weniger ist mehr![\/vc_column_text][\/vc_column][\/vc_row][vc_row][vc_column][vc_empty_space][vc_separator][vc_empty_space][\/vc_column][\/vc_row][vc_row][vc_column][vc_column_text]<\/p>\n<h3>Kontakt Billig Entr\u00fcmpelung Augsburg<\/h3>\n<p>Sie ben\u00f6tigen weitere Informationen oder haben noch Fragen zum Thema <strong>Wohnungsentr\u00fcmpelung Augsburg<\/strong>? Kontaktieren Sie uns ganz einfach \u00fcber unser <a href=\"https:\/\/www.billig-entruempelung.de\/entruempelung-augsburg\/kontakt\/\">Kontaktformular<\/a>, wir werden uns umgehend bei Ihnen melden.[\/vc_column_text][\/vc_column][\/vc_row][vc_row][vc_column][vc_empty_space][vc_separator][vc_empty_space][\/vc_column][\/vc_row][vc_row][vc_column width=&#8220;1\/4&#8243;][vc_btn title=&#8220;Anfrageformular&#8220; style=&#8220;3d&#8220; color=&#8220;green&#8220; size=&#8220;lg&#8220; i_icon_fontawesome=&#8220;fa fa-check&#8220; link=&#8220;url:https%3A%2F%2Fwww.billig-entruempelung.de%2Fanfrageformular%2F||target:%20_blank|&#8220; add_icon=&#8220;true&#8220;][\/vc_column][vc_column width=&#8220;3\/4&#8243;][vc_column_text]Jetzt kostenlose Beratung vor Ort vereinbaren!<br \/>\nTelefonisch unter <a href=\"tel: 01786571706\">0178 &#8211; 65 71 706<\/a>[\/vc_column_text][\/vc_column][\/vc_row]<\/p>\n<\/div>","protected":false},"excerpt":{"rendered":"<p>[vc_row][vc_column width=&#8220;2\/3&#8243;][vc_column_text] Aufr\u00e4umen &#8211; Neuen Raum schaffen! [\/vc_column_text][vc_empty_space height=&#8220;16px&#8220;][vc_column_text]Jedes Mal nehmen wir uns vor, endlich Ordnung in unsere eigenen vier W\u00e4nde zu bringen. Doch scheint&hellip;<\/p>\n","protected":false},"author":1,"featured_media":0,"parent":0,"menu_order":0,"comment_status":"closed","ping_status":"closed","template":"","meta":{"footnotes":""},"class_list":["post-1619","page","type-page","status-publish","hentry"],"yoast_head":"<!-- This site is optimized with the Yoast SEO plugin v26.3 - https:\/\/yoast.com\/wordpress\/plugins\/seo\/ -->\n<title>Entr\u00fcmpeln - neuen Platz schaffen! - Entr\u00fcmpelung Augsburg<\/title>\n<meta name=\"description\" content=\"Wir nehmen uns immer wieder vor aufzur\u00e4umen, dennoch scheitert der Plan meistens an der Umsetzung. Billig Entr\u00fcmpelung Augsburg hilft beim Entr\u00fcmpeln.\" \/>\n<meta name=\"robots\" content=\"index, follow, max-snippet:-1, max-image-preview:large, max-video-preview:-1\" \/>\n<link rel=\"canonical\" href=\"https:\/\/www.billig-entruempelung.de\/entruempelung-augsburg\/entruempeln-neuen-platz-schaffen\/\" \/>\n<meta property=\"og:locale\" content=\"de_DE\" \/>\n<meta property=\"og:type\" content=\"article\" \/>\n<meta property=\"og:title\" content=\"Entr\u00fcmpeln - neuen Platz schaffen! - Entr\u00fcmpelung Augsburg\" \/>\n<meta property=\"og:description\" content=\"Wir nehmen uns immer wieder vor aufzur\u00e4umen, dennoch scheitert der Plan meistens an der Umsetzung. Billig Entr\u00fcmpelung Augsburg hilft beim Entr\u00fcmpeln.\" \/>\n<meta property=\"og:url\" content=\"https:\/\/www.billig-entruempelung.de\/entruempelung-augsburg\/entruempeln-neuen-platz-schaffen\/\" \/>\n<meta property=\"og:site_name\" content=\"Entr\u00fcmpelung Augsburg\" \/>\n<meta property=\"og:image\" content=\"https:\/\/www.billig-entruempelung.de\/entruempelung-augsburg\/wp-content\/uploads\/2019\/08\/hotel-1330841_1920.jpg\" \/>\n\t<meta property=\"og:image:width\" content=\"1920\" \/>\n\t<meta property=\"og:image:height\" content=\"1281\" \/>\n\t<meta property=\"og:image:type\" content=\"image\/jpeg\" \/>\n<meta name=\"twitter:card\" content=\"summary_large_image\" \/>\n<meta name=\"twitter:label1\" content=\"Gesch\u00e4tzte Lesezeit\" \/>\n\t<meta name=\"twitter:data1\" content=\"2\u00a0Minuten\" \/>\n<script type=\"application\/ld+json\" class=\"yoast-schema-graph\">{\"@context\":\"https:\/\/schema.org\",\"@graph\":[{\"@type\":\"WebPage\",\"@id\":\"https:\/\/www.billig-entruempelung.de\/entruempelung-augsburg\/entruempeln-neuen-platz-schaffen\/\",\"url\":\"https:\/\/www.billig-entruempelung.de\/entruempelung-augsburg\/entruempeln-neuen-platz-schaffen\/\",\"name\":\"Entr\u00fcmpeln - neuen Platz schaffen! - Entr\u00fcmpelung Augsburg\",\"isPartOf\":{\"@id\":\"https:\/\/www.billig-entruempelung.de\/entruempelung-augsburg\/#website\"},\"primaryImageOfPage\":{\"@id\":\"https:\/\/www.billig-entruempelung.de\/entruempelung-augsburg\/entruempeln-neuen-platz-schaffen\/#primaryimage\"},\"image\":{\"@id\":\"https:\/\/www.billig-entruempelung.de\/entruempelung-augsburg\/entruempeln-neuen-platz-schaffen\/#primaryimage\"},\"thumbnailUrl\":\"https:\/\/www.billig-entruempelung.de\/entruempelung-augsburg\/wp-content\/uploads\/2019\/08\/hotel-1330841_1920-300x200.jpg\",\"datePublished\":\"2022-02-23T14:57:39+00:00\",\"description\":\"Wir nehmen uns immer wieder vor aufzur\u00e4umen, dennoch scheitert der Plan meistens an der Umsetzung. Billig Entr\u00fcmpelung Augsburg hilft beim Entr\u00fcmpeln.\",\"breadcrumb\":{\"@id\":\"https:\/\/www.billig-entruempelung.de\/entruempelung-augsburg\/entruempeln-neuen-platz-schaffen\/#breadcrumb\"},\"inLanguage\":\"de\",\"potentialAction\":[{\"@type\":\"ReadAction\",\"target\":[\"https:\/\/www.billig-entruempelung.de\/entruempelung-augsburg\/entruempeln-neuen-platz-schaffen\/\"]}]},{\"@type\":\"ImageObject\",\"inLanguage\":\"de\",\"@id\":\"https:\/\/www.billig-entruempelung.de\/entruempelung-augsburg\/entruempeln-neuen-platz-schaffen\/#primaryimage\",\"url\":\"https:\/\/www.billig-entruempelung.de\/entruempelung-augsburg\/wp-content\/uploads\/2019\/08\/hotel-1330841_1920.jpg\",\"contentUrl\":\"https:\/\/www.billig-entruempelung.de\/entruempelung-augsburg\/wp-content\/uploads\/2019\/08\/hotel-1330841_1920.jpg\",\"width\":1920,\"height\":1281,\"caption\":\"Aufr\u00e4umen bringt Lebensfreude\"},{\"@type\":\"BreadcrumbList\",\"@id\":\"https:\/\/www.billig-entruempelung.de\/entruempelung-augsburg\/entruempeln-neuen-platz-schaffen\/#breadcrumb\",\"itemListElement\":[{\"@type\":\"ListItem\",\"position\":1,\"name\":\"Startseite\",\"item\":\"https:\/\/www.billig-entruempelung.de\/entruempelung-augsburg\/\"},{\"@type\":\"ListItem\",\"position\":2,\"name\":\"Entr\u00fcmpeln &#8211; neuen Platz schaffen!\"}]},{\"@type\":\"WebSite\",\"@id\":\"https:\/\/www.billig-entruempelung.de\/entruempelung-augsburg\/#website\",\"url\":\"https:\/\/www.billig-entruempelung.de\/entruempelung-augsburg\/\",\"name\":\"Entr\u00fcmpelung Augsburg\",\"description\":\"G\u00fcnstige Entr\u00fcmpelung und Entsorgung in Augsburg\",\"publisher\":{\"@id\":\"https:\/\/www.billig-entruempelung.de\/entruempelung-augsburg\/#organization\"},\"potentialAction\":[{\"@type\":\"SearchAction\",\"target\":{\"@type\":\"EntryPoint\",\"urlTemplate\":\"https:\/\/www.billig-entruempelung.de\/entruempelung-augsburg\/?s={search_term_string}\"},\"query-input\":{\"@type\":\"PropertyValueSpecification\",\"valueRequired\":true,\"valueName\":\"search_term_string\"}}],\"inLanguage\":\"de\"},{\"@type\":\"Organization\",\"@id\":\"https:\/\/www.billig-entruempelung.de\/entruempelung-augsburg\/#organization\",\"name\":\"Entr\u00fcmpelung Augsburg\",\"url\":\"https:\/\/www.billig-entruempelung.de\/entruempelung-augsburg\/\",\"logo\":{\"@type\":\"ImageObject\",\"inLanguage\":\"de\",\"@id\":\"https:\/\/www.billig-entruempelung.de\/entruempelung-augsburg\/#\/schema\/logo\/image\/\",\"url\":\"https:\/\/www.billig-entruempelung.de\/entruempelung-augsburg\/wp-content\/uploads\/2018\/07\/entruempelung-muenchen.png\",\"contentUrl\":\"https:\/\/www.billig-entruempelung.de\/entruempelung-augsburg\/wp-content\/uploads\/2018\/07\/entruempelung-muenchen.png\",\"width\":450,\"height\":71,\"caption\":\"Entr\u00fcmpelung Augsburg\"},\"image\":{\"@id\":\"https:\/\/www.billig-entruempelung.de\/entruempelung-augsburg\/#\/schema\/logo\/image\/\"}}]}<\/script>\n<!-- \/ Yoast SEO plugin. -->","yoast_head_json":{"title":"Entr\u00fcmpeln - neuen Platz schaffen! - Entr\u00fcmpelung Augsburg","description":"Wir nehmen uns immer wieder vor aufzur\u00e4umen, dennoch scheitert der Plan meistens an der Umsetzung. Billig Entr\u00fcmpelung Augsburg hilft beim Entr\u00fcmpeln.","robots":{"index":"index","follow":"follow","max-snippet":"max-snippet:-1","max-image-preview":"max-image-preview:large","max-video-preview":"max-video-preview:-1"},"canonical":"https:\/\/www.billig-entruempelung.de\/entruempelung-augsburg\/entruempeln-neuen-platz-schaffen\/","og_locale":"de_DE","og_type":"article","og_title":"Entr\u00fcmpeln - neuen Platz schaffen! - Entr\u00fcmpelung Augsburg","og_description":"Wir nehmen uns immer wieder vor aufzur\u00e4umen, dennoch scheitert der Plan meistens an der Umsetzung. Billig Entr\u00fcmpelung Augsburg hilft beim Entr\u00fcmpeln.","og_url":"https:\/\/www.billig-entruempelung.de\/entruempelung-augsburg\/entruempeln-neuen-platz-schaffen\/","og_site_name":"Entr\u00fcmpelung Augsburg","og_image":[{"width":1920,"height":1281,"url":"https:\/\/www.billig-entruempelung.de\/entruempelung-augsburg\/wp-content\/uploads\/2019\/08\/hotel-1330841_1920.jpg","type":"image\/jpeg"}],"twitter_card":"summary_large_image","twitter_misc":{"Gesch\u00e4tzte Lesezeit":"2\u00a0Minuten"},"schema":{"@context":"https:\/\/schema.org","@graph":[{"@type":"WebPage","@id":"https:\/\/www.billig-entruempelung.de\/entruempelung-augsburg\/entruempeln-neuen-platz-schaffen\/","url":"https:\/\/www.billig-entruempelung.de\/entruempelung-augsburg\/entruempeln-neuen-platz-schaffen\/","name":"Entr\u00fcmpeln - neuen Platz schaffen! - Entr\u00fcmpelung Augsburg","isPartOf":{"@id":"https:\/\/www.billig-entruempelung.de\/entruempelung-augsburg\/#website"},"primaryImageOfPage":{"@id":"https:\/\/www.billig-entruempelung.de\/entruempelung-augsburg\/entruempeln-neuen-platz-schaffen\/#primaryimage"},"image":{"@id":"https:\/\/www.billig-entruempelung.de\/entruempelung-augsburg\/entruempeln-neuen-platz-schaffen\/#primaryimage"},"thumbnailUrl":"https:\/\/www.billig-entruempelung.de\/entruempelung-augsburg\/wp-content\/uploads\/2019\/08\/hotel-1330841_1920-300x200.jpg","datePublished":"2022-02-23T14:57:39+00:00","description":"Wir nehmen uns immer wieder vor aufzur\u00e4umen, dennoch scheitert der Plan meistens an der Umsetzung. Billig Entr\u00fcmpelung Augsburg hilft beim Entr\u00fcmpeln.","breadcrumb":{"@id":"https:\/\/www.billig-entruempelung.de\/entruempelung-augsburg\/entruempeln-neuen-platz-schaffen\/#breadcrumb"},"inLanguage":"de","potentialAction":[{"@type":"ReadAction","target":["https:\/\/www.billig-entruempelung.de\/entruempelung-augsburg\/entruempeln-neuen-platz-schaffen\/"]}]},{"@type":"ImageObject","inLanguage":"de","@id":"https:\/\/www.billig-entruempelung.de\/entruempelung-augsburg\/entruempeln-neuen-platz-schaffen\/#primaryimage","url":"https:\/\/www.billig-entruempelung.de\/entruempelung-augsburg\/wp-content\/uploads\/2019\/08\/hotel-1330841_1920.jpg","contentUrl":"https:\/\/www.billig-entruempelung.de\/entruempelung-augsburg\/wp-content\/uploads\/2019\/08\/hotel-1330841_1920.jpg","width":1920,"height":1281,"caption":"Aufr\u00e4umen bringt Lebensfreude"},{"@type":"BreadcrumbList","@id":"https:\/\/www.billig-entruempelung.de\/entruempelung-augsburg\/entruempeln-neuen-platz-schaffen\/#breadcrumb","itemListElement":[{"@type":"ListItem","position":1,"name":"Startseite","item":"https:\/\/www.billig-entruempelung.de\/entruempelung-augsburg\/"},{"@type":"ListItem","position":2,"name":"Entr\u00fcmpeln &#8211; neuen Platz schaffen!"}]},{"@type":"WebSite","@id":"https:\/\/www.billig-entruempelung.de\/entruempelung-augsburg\/#website","url":"https:\/\/www.billig-entruempelung.de\/entruempelung-augsburg\/","name":"Entr\u00fcmpelung Augsburg","description":"G\u00fcnstige Entr\u00fcmpelung und Entsorgung in Augsburg","publisher":{"@id":"https:\/\/www.billig-entruempelung.de\/entruempelung-augsburg\/#organization"},"potentialAction":[{"@type":"SearchAction","target":{"@type":"EntryPoint","urlTemplate":"https:\/\/www.billig-entruempelung.de\/entruempelung-augsburg\/?s={search_term_string}"},"query-input":{"@type":"PropertyValueSpecification","valueRequired":true,"valueName":"search_term_string"}}],"inLanguage":"de"},{"@type":"Organization","@id":"https:\/\/www.billig-entruempelung.de\/entruempelung-augsburg\/#organization","name":"Entr\u00fcmpelung Augsburg","url":"https:\/\/www.billig-entruempelung.de\/entruempelung-augsburg\/","logo":{"@type":"ImageObject","inLanguage":"de","@id":"https:\/\/www.billig-entruempelung.de\/entruempelung-augsburg\/#\/schema\/logo\/image\/","url":"https:\/\/www.billig-entruempelung.de\/entruempelung-augsburg\/wp-content\/uploads\/2018\/07\/entruempelung-muenchen.png","contentUrl":"https:\/\/www.billig-entruempelung.de\/entruempelung-augsburg\/wp-content\/uploads\/2018\/07\/entruempelung-muenchen.png","width":450,"height":71,"caption":"Entr\u00fcmpelung Augsburg"},"image":{"@id":"https:\/\/www.billig-entruempelung.de\/entruempelung-augsburg\/#\/schema\/logo\/image\/"}}]}},"rttpg_featured_image_url":null,"rttpg_author":{"display_name":"admin","author_link":"https:\/\/www.billig-entruempelung.de\/entruempelung-augsburg\/author\/admin\/"},"rttpg_comment":0,"rttpg_category":null,"rttpg_excerpt":"[vc_row][vc_column width=&#8220;2\/3&#8243;][vc_column_text] Aufr\u00e4umen &#8211; Neuen Raum schaffen! [\/vc_column_text][vc_empty_space height=&#8220;16px&#8220;][vc_column_text]Jedes Mal nehmen wir uns vor, endlich Ordnung in unsere eigenen vier W\u00e4nde zu bringen. Doch scheint&hellip;","_links":{"self":[{"href":"https:\/\/www.billig-entruempelung.de\/entruempelung-augsburg\/wp-json\/wp\/v2\/pages\/1619","targetHints":{"allow":["GET"]}}],"collection":[{"href":"https:\/\/www.billig-entruempelung.de\/entruempelung-augsburg\/wp-json\/wp\/v2\/pages"}],"about":[{"href":"https:\/\/www.billig-entruempelung.de\/entruempelung-augsburg\/wp-json\/wp\/v2\/types\/page"}],"author":[{"embeddable":true,"href":"https:\/\/www.billig-entruempelung.de\/entruempelung-augsburg\/wp-json\/wp\/v2\/users\/1"}],"replies":[{"embeddable":true,"href":"https:\/\/www.billig-entruempelung.de\/entruempelung-augsburg\/wp-json\/wp\/v2\/comments?post=1619"}],"version-history":[{"count":1,"href":"https:\/\/www.billig-entruempelung.de\/entruempelung-augsburg\/wp-json\/wp\/v2\/pages\/1619\/revisions"}],"predecessor-version":[{"id":1620,"href":"https:\/\/www.billig-entruempelung.de\/entruempelung-augsburg\/wp-json\/wp\/v2\/pages\/1619\/revisions\/1620"}],"wp:attachment":[{"href":"https:\/\/www.billig-entruempelung.de\/entruempelung-augsburg\/wp-json\/wp\/v2\/media?parent=1619"}],"curies":[{"name":"wp","href":"https:\/\/api.w.org\/{rel}","templated":true}]}}