{"id":1493,"date":"2020-06-25T13:35:06","date_gmt":"2020-06-25T11:35:06","guid":{"rendered":"https:\/\/www.billig-entruempelung.de\/entruempelung-augsburg\/?page_id=1493"},"modified":"2020-06-25T13:35:06","modified_gmt":"2020-06-25T11:35:06","slug":"entruempelung-entsorgung-augsburg","status":"publish","type":"page","link":"https:\/\/www.billig-entruempelung.de\/entruempelung-augsburg\/entruempelung-entsorgung-augsburg\/","title":{"rendered":"Entr\u00fcmpelung &#038; Entsorgung Augsburg &#8211; Schritt f\u00fcr Schritt"},"content":{"rendered":"<div class=\"wpb-content-wrapper\"><p>[vc_row][vc_column][vc_empty_space][\/vc_column][\/vc_row][vc_row][vc_column][vc_column_text]<\/p>\n<h1>Entr\u00fcmpelung &amp; Entsorgung Augsburg &#8211; g\u00fcnstig &amp; fachgerecht<\/h1>\n<p>Von vielen Firmen wird die Entr\u00fcmpelung oft unsauber durchgef\u00fchrt und f\u00fcr einige, welche es selber probieren, ist es dann doch zu kompliziert. Die Entsorgung von unerw\u00fcnschten und nicht gebrauchten M\u00f6beln und Gegenst\u00e4nden, kann ziemlich ersch\u00f6pfend und kompliziert werden. Aus diesem Grund \u00fcbernehmen wir gerne Ihre Entr\u00fcmpelung, damit Sie sich entspannen k\u00f6nnen. Und das alles zu einem unschlagbar g\u00fcnstigen Preis!<\/p>\n<p>Wir haben viel Erfahrung und arbeiten mit gr\u00f6\u00dfter Sorgfalt, wenn es um Entr\u00fcmpelung, Haushaltsaufl\u00f6sung, Grundreinigung und Entsorgung in Augsburg geht. Unser Unternehmen konnte in den letzten 30 Jahren viel an fachspezifische Kompetenz dazugewinnen. Dies sieht man auch an unserem gut geschulten und sehr motivierten Personal, welche Ihren Auftrag mit gr\u00f6\u00dfter Sorgfalt durchf\u00fchren.<\/p>\n<p>Die fachm\u00e4nnische Entsorgung der Gegenst\u00e4nde, welche Sie nicht mehr ben\u00f6tigen, beziehungsweise nicht mehr brauchen, ist f\u00fcr uns selbstverst\u00e4ndlich. Wenn es notwendig ist \u00fcbernehmen wir auch Renovierungen*, hier arbeiten wir mit kompetenten Baufirmen zusammen.<\/p>\n<p>Verlieren Sie keinen weiteren Gedanken an das m\u00fchselige Aufr\u00e4umen, sondern lassen Sie uns das F\u00fcr Sie \u00fcbernehmen! Bei uns haben Sie auch den Vorteil, dass wir Ihren Auftrag, bei Bedarf, kurzfristig annehmen k\u00f6nnen. Dabei fallen nicht einmal zus\u00e4tzliche Kosten an, bei jedem unserer Auftr\u00e4ge gilt unser Festpreisangebot.[\/vc_column_text][\/vc_column][\/vc_row][vc_row][vc_column][vc_empty_space height=&#8220;64px&#8220;][\/vc_column][\/vc_row][vc_row][vc_column][vc_column_text]<\/p>\n<h2>Kosteng\u00fcnstige Entr\u00fcmpelung &amp; Entsorgung &#8211; so funktioniert es!<\/h2>\n<ul>\n<li><strong>1. Schritt<br \/>\n<\/strong>Machen Sie alle notwendigen Angaben zu Ihren <a href=\"https:\/\/www.billig-entruempelung.de\/entruempelung-augsburg\/anfrageformular\/\">R\u00e4umlichkeiten<\/a> und deren Inhalt. Wir machen kommen dann an dem vereinbarten Termin zur Besichtigung vorbei und machen uns selber ein Bild von der Lage. Dann erfahren Sie den genauen Preis f\u00fcr Ihre Entr\u00fcmpelung.<\/li>\n<li><strong>2. Schritt<br \/>\n<\/strong>Als N\u00e4chstes vereinbaren wir einen Termin, wo alle Parteien Zeit haben. F\u00fcr einen kurzfristigen Termin sind wir deswegen offen, solange Ihr Wunschtermin nicht sich mit einem anderen \u00fcberschneidet.<\/li>\n<li><strong>3. Schritt<br \/>\n<\/strong>Zuletzt f\u00fchren wir dann an dem vereinbarten Termin die Entr\u00fcmpelung, nach Ihren Vorstellungen durch. Die R\u00e4umlichkeiten werden dass, so wie vereinbart, Ihnen Hinterlassen.<\/li>\n<\/ul>\n<p>[\/vc_column_text][\/vc_column][\/vc_row][vc_row][vc_column][vc_empty_space height=&#8220;64px&#8220;][\/vc_column][\/vc_row][vc_row][vc_column][vc_column_text]<\/p>\n<figure id=\"attachment_754\" aria-describedby=\"caption-attachment-754\" style=\"width: 252px\" class=\"wp-caption alignright\"><img loading=\"lazy\" decoding=\"async\" class=\"wp-image-754 size-medium\" title=\"Haushaltsaufl\u00f6sung, Entsorgung, Renovierung Augsburg\" src=\"https:\/\/www.billig-entruempelung.de\/entruempelung-augsburg\/wp-content\/uploads\/2019\/04\/super_woman-1-252x300.png\" alt=\"Entr\u00fcmpelung und Entsorgung Augsburg\" width=\"252\" height=\"300\" srcset=\"https:\/\/www.billig-entruempelung.de\/entruempelung-augsburg\/wp-content\/uploads\/2019\/04\/super_woman-1-252x300.png 252w, https:\/\/www.billig-entruempelung.de\/entruempelung-augsburg\/wp-content\/uploads\/2019\/04\/super_woman-1.png 350w\" sizes=\"auto, (max-width: 252px) 100vw, 252px\" \/><figcaption id=\"caption-attachment-754\" class=\"wp-caption-text\">Entr\u00fcmpelung und Entsorgung Augsburg<\/figcaption><\/figure>\n<p><strong>Entr\u00fcmpelung Augsburg<\/strong> &#8211; Wir entr\u00fcmpeln alles von Schuppen bis zum Gewerbebetrieb. Zu unseren R\u00e4umlichkeiten, die wir entr\u00fcmpeln geh\u00f6ren, au\u00dferdem Hotelzimmer, Krankenh\u00e4user, B\u00fcrogeb\u00e4ude, Altenheime, und Entkernung selbst bei laufendem Betrieb.<\/p>\n<p>Unser kompetentes und freundliches Team steht Ihnen f\u00fcr Ihre Fragen und Anforderungen immer hilfsbereit zur Verf\u00fcgung.<\/p>\n<p><a href=\"https:\/\/www.billig-entruempelung.de\/entruempelung-augsburg\/kontakt\/\"><strong><u>Fachm\u00e4nnische Entr\u00fcmpelung:<\/u><\/strong><\/a><\/p>\n<p>Egal, ob eine Entr\u00fcmpelung von Wohnung, Haus, Dachboden oder Gewerbebetrieb ansteht \u2013 wir sind Ihre perfekten Ansprechpartner f\u00fcr eine kompetente und fachm\u00e4nnische Leistung. Wenn erw\u00fcnscht, f\u00fchren wir auch Renovierungen* mit unseren angeschlossenen Fachfirmen durch!<\/p>\n<p><a href=\"https:\/\/www.billig-entruempelung.de\/entruempelung-augsburg\/augsburg-angebot\/\"><strong><u>Festpreis ohne Zusatzkosten:<\/u><\/strong><\/a><\/p>\n<p>Unsere Festpreise sind transparent und gut verst\u00e4ndlich, ohne versteckte Zusatzkosten \u2013 sicher, schnell, anschaulich.<\/p>\n<p><a href=\"https:\/\/www.billig-entruempelung.de\/entruempelung-augsburg\/entruempelung-entsorgung-augsburg-haushaltsaufloesung\/\"><strong><u>Fachgerechte Entsorgung:<\/u><\/strong><\/a><\/p>\n<p>Wir garantieren Ihnen eine besenreine Entr\u00fcmpelung und ordnungsgem\u00e4\u00dfe Entsorgung bei dem an uns angeschlossenen Entsorgungsfachbetrieb \u2013 Sie k\u00f6nnen sich auf uns verlassen und sich entspannen.<\/p>\n<p><a href=\"https:\/\/www.billig-entruempelung.de\/entruempelung-augsburg\/anfrageformular\/\"><strong><u>Flexible und kurzfristige Terminvereinbarung:<\/u><\/strong><\/a><\/p>\n<p>Unser flexibles Team kann auch kurzfristig Terminvereinbarung entgegennehmen und wird Sie trotzdem noch von Ihrer Kompetenz beeindrucken.[\/vc_column_text][\/vc_column][\/vc_row]<\/p>\n<\/div>","protected":false},"excerpt":{"rendered":"<p>[vc_row][vc_column][vc_empty_space][\/vc_column][\/vc_row][vc_row][vc_column][vc_column_text] Entr\u00fcmpelung &amp; Entsorgung Augsburg &#8211; g\u00fcnstig &amp; fachgerecht Von vielen Firmen wird die Entr\u00fcmpelung oft unsauber durchgef\u00fchrt und f\u00fcr einige, welche es selber probieren,&hellip;<\/p>\n","protected":false},"author":1,"featured_media":1494,"parent":0,"menu_order":0,"comment_status":"closed","ping_status":"closed","template":"","meta":{"footnotes":""},"class_list":["post-1493","page","type-page","status-publish","has-post-thumbnail","hentry"],"yoast_head":"<!-- This site is optimized with the Yoast SEO plugin v26.3 - https:\/\/yoast.com\/wordpress\/plugins\/seo\/ -->\n<title>Entr\u00fcmpelung und Entsorgung Augsburg - Billig Entr\u00fcmpler<\/title>\n<meta name=\"description\" content=\"Wir kl\u00e4ren Schritt f\u00fcr Schritt worauf es bei einer professionellen Entr\u00fcmpelung und fachgerechter Entsorgung ankommt.\" \/>\n<meta name=\"robots\" content=\"index, follow, max-snippet:-1, max-image-preview:large, max-video-preview:-1\" \/>\n<link rel=\"canonical\" href=\"https:\/\/www.billig-entruempelung.de\/entruempelung-augsburg\/entruempelung-entsorgung-augsburg\/\" \/>\n<meta property=\"og:locale\" content=\"de_DE\" \/>\n<meta property=\"og:type\" content=\"article\" \/>\n<meta property=\"og:title\" content=\"Entr\u00fcmpelung und Entsorgung Augsburg - Billig Entr\u00fcmpler\" \/>\n<meta property=\"og:description\" content=\"Wir kl\u00e4ren Schritt f\u00fcr Schritt worauf es bei einer professionellen Entr\u00fcmpelung und fachgerechter Entsorgung ankommt.\" \/>\n<meta property=\"og:url\" content=\"https:\/\/www.billig-entruempelung.de\/entruempelung-augsburg\/entruempelung-entsorgung-augsburg\/\" \/>\n<meta property=\"og:site_name\" content=\"Entr\u00fcmpelung Augsburg\" \/>\n<meta property=\"og:image\" content=\"https:\/\/www.billig-entruempelung.de\/entruempelung-augsburg\/wp-content\/uploads\/2020\/06\/entruempelung-entsorgung.jpg\" \/>\n\t<meta property=\"og:image:width\" content=\"1616\" \/>\n\t<meta property=\"og:image:height\" content=\"577\" \/>\n\t<meta property=\"og:image:type\" content=\"image\/jpeg\" \/>\n<meta name=\"twitter:card\" content=\"summary_large_image\" \/>\n<meta name=\"twitter:label1\" content=\"Gesch\u00e4tzte Lesezeit\" \/>\n\t<meta name=\"twitter:data1\" content=\"3\u00a0Minuten\" \/>\n<script type=\"application\/ld+json\" class=\"yoast-schema-graph\">{\"@context\":\"https:\/\/schema.org\",\"@graph\":[{\"@type\":\"WebPage\",\"@id\":\"https:\/\/www.billig-entruempelung.de\/entruempelung-augsburg\/entruempelung-entsorgung-augsburg\/\",\"url\":\"https:\/\/www.billig-entruempelung.de\/entruempelung-augsburg\/entruempelung-entsorgung-augsburg\/\",\"name\":\"Entr\u00fcmpelung und Entsorgung Augsburg - Billig Entr\u00fcmpler\",\"isPartOf\":{\"@id\":\"https:\/\/www.billig-entruempelung.de\/entruempelung-augsburg\/#website\"},\"primaryImageOfPage\":{\"@id\":\"https:\/\/www.billig-entruempelung.de\/entruempelung-augsburg\/entruempelung-entsorgung-augsburg\/#primaryimage\"},\"image\":{\"@id\":\"https:\/\/www.billig-entruempelung.de\/entruempelung-augsburg\/entruempelung-entsorgung-augsburg\/#primaryimage\"},\"thumbnailUrl\":\"https:\/\/www.billig-entruempelung.de\/entruempelung-augsburg\/wp-content\/uploads\/2020\/06\/entruempelung-entsorgung.jpg\",\"datePublished\":\"2020-06-25T11:35:06+00:00\",\"description\":\"Wir kl\u00e4ren Schritt f\u00fcr Schritt worauf es bei einer professionellen Entr\u00fcmpelung und fachgerechter Entsorgung ankommt.\",\"breadcrumb\":{\"@id\":\"https:\/\/www.billig-entruempelung.de\/entruempelung-augsburg\/entruempelung-entsorgung-augsburg\/#breadcrumb\"},\"inLanguage\":\"de\",\"potentialAction\":[{\"@type\":\"ReadAction\",\"target\":[\"https:\/\/www.billig-entruempelung.de\/entruempelung-augsburg\/entruempelung-entsorgung-augsburg\/\"]}]},{\"@type\":\"ImageObject\",\"inLanguage\":\"de\",\"@id\":\"https:\/\/www.billig-entruempelung.de\/entruempelung-augsburg\/entruempelung-entsorgung-augsburg\/#primaryimage\",\"url\":\"https:\/\/www.billig-entruempelung.de\/entruempelung-augsburg\/wp-content\/uploads\/2020\/06\/entruempelung-entsorgung.jpg\",\"contentUrl\":\"https:\/\/www.billig-entruempelung.de\/entruempelung-augsburg\/wp-content\/uploads\/2020\/06\/entruempelung-entsorgung.jpg\",\"width\":1616,\"height\":577,\"caption\":\"Entr\u00fcmpelung und Entsorgung Augsburg\"},{\"@type\":\"BreadcrumbList\",\"@id\":\"https:\/\/www.billig-entruempelung.de\/entruempelung-augsburg\/entruempelung-entsorgung-augsburg\/#breadcrumb\",\"itemListElement\":[{\"@type\":\"ListItem\",\"position\":1,\"name\":\"Startseite\",\"item\":\"https:\/\/www.billig-entruempelung.de\/entruempelung-augsburg\/\"},{\"@type\":\"ListItem\",\"position\":2,\"name\":\"Entr\u00fcmpelung &#038; Entsorgung Augsburg &#8211; Schritt f\u00fcr Schritt\"}]},{\"@type\":\"WebSite\",\"@id\":\"https:\/\/www.billig-entruempelung.de\/entruempelung-augsburg\/#website\",\"url\":\"https:\/\/www.billig-entruempelung.de\/entruempelung-augsburg\/\",\"name\":\"Entr\u00fcmpelung Augsburg\",\"description\":\"G\u00fcnstige Entr\u00fcmpelung und Entsorgung in Augsburg\",\"publisher\":{\"@id\":\"https:\/\/www.billig-entruempelung.de\/entruempelung-augsburg\/#organization\"},\"potentialAction\":[{\"@type\":\"SearchAction\",\"target\":{\"@type\":\"EntryPoint\",\"urlTemplate\":\"https:\/\/www.billig-entruempelung.de\/entruempelung-augsburg\/?s={search_term_string}\"},\"query-input\":{\"@type\":\"PropertyValueSpecification\",\"valueRequired\":true,\"valueName\":\"search_term_string\"}}],\"inLanguage\":\"de\"},{\"@type\":\"Organization\",\"@id\":\"https:\/\/www.billig-entruempelung.de\/entruempelung-augsburg\/#organization\",\"name\":\"Entr\u00fcmpelung Augsburg\",\"url\":\"https:\/\/www.billig-entruempelung.de\/entruempelung-augsburg\/\",\"logo\":{\"@type\":\"ImageObject\",\"inLanguage\":\"de\",\"@id\":\"https:\/\/www.billig-entruempelung.de\/entruempelung-augsburg\/#\/schema\/logo\/image\/\",\"url\":\"https:\/\/www.billig-entruempelung.de\/entruempelung-augsburg\/wp-content\/uploads\/2018\/07\/entruempelung-muenchen.png\",\"contentUrl\":\"https:\/\/www.billig-entruempelung.de\/entruempelung-augsburg\/wp-content\/uploads\/2018\/07\/entruempelung-muenchen.png\",\"width\":450,\"height\":71,\"caption\":\"Entr\u00fcmpelung Augsburg\"},\"image\":{\"@id\":\"https:\/\/www.billig-entruempelung.de\/entruempelung-augsburg\/#\/schema\/logo\/image\/\"}}]}<\/script>\n<!-- \/ Yoast SEO plugin. -->","yoast_head_json":{"title":"Entr\u00fcmpelung und Entsorgung Augsburg - Billig Entr\u00fcmpler","description":"Wir kl\u00e4ren Schritt f\u00fcr Schritt worauf es bei einer professionellen Entr\u00fcmpelung und fachgerechter Entsorgung ankommt.","robots":{"index":"index","follow":"follow","max-snippet":"max-snippet:-1","max-image-preview":"max-image-preview:large","max-video-preview":"max-video-preview:-1"},"canonical":"https:\/\/www.billig-entruempelung.de\/entruempelung-augsburg\/entruempelung-entsorgung-augsburg\/","og_locale":"de_DE","og_type":"article","og_title":"Entr\u00fcmpelung und Entsorgung Augsburg - Billig Entr\u00fcmpler","og_description":"Wir kl\u00e4ren Schritt f\u00fcr Schritt worauf es bei einer professionellen Entr\u00fcmpelung und fachgerechter Entsorgung ankommt.","og_url":"https:\/\/www.billig-entruempelung.de\/entruempelung-augsburg\/entruempelung-entsorgung-augsburg\/","og_site_name":"Entr\u00fcmpelung Augsburg","og_image":[{"width":1616,"height":577,"url":"https:\/\/www.billig-entruempelung.de\/entruempelung-augsburg\/wp-content\/uploads\/2020\/06\/entruempelung-entsorgung.jpg","type":"image\/jpeg"}],"twitter_card":"summary_large_image","twitter_misc":{"Gesch\u00e4tzte Lesezeit":"3\u00a0Minuten"},"schema":{"@context":"https:\/\/schema.org","@graph":[{"@type":"WebPage","@id":"https:\/\/www.billig-entruempelung.de\/entruempelung-augsburg\/entruempelung-entsorgung-augsburg\/","url":"https:\/\/www.billig-entruempelung.de\/entruempelung-augsburg\/entruempelung-entsorgung-augsburg\/","name":"Entr\u00fcmpelung und Entsorgung Augsburg - Billig Entr\u00fcmpler","isPartOf":{"@id":"https:\/\/www.billig-entruempelung.de\/entruempelung-augsburg\/#website"},"primaryImageOfPage":{"@id":"https:\/\/www.billig-entruempelung.de\/entruempelung-augsburg\/entruempelung-entsorgung-augsburg\/#primaryimage"},"image":{"@id":"https:\/\/www.billig-entruempelung.de\/entruempelung-augsburg\/entruempelung-entsorgung-augsburg\/#primaryimage"},"thumbnailUrl":"https:\/\/www.billig-entruempelung.de\/entruempelung-augsburg\/wp-content\/uploads\/2020\/06\/entruempelung-entsorgung.jpg","datePublished":"2020-06-25T11:35:06+00:00","description":"Wir kl\u00e4ren Schritt f\u00fcr Schritt worauf es bei einer professionellen Entr\u00fcmpelung und fachgerechter Entsorgung ankommt.","breadcrumb":{"@id":"https:\/\/www.billig-entruempelung.de\/entruempelung-augsburg\/entruempelung-entsorgung-augsburg\/#breadcrumb"},"inLanguage":"de","potentialAction":[{"@type":"ReadAction","target":["https:\/\/www.billig-entruempelung.de\/entruempelung-augsburg\/entruempelung-entsorgung-augsburg\/"]}]},{"@type":"ImageObject","inLanguage":"de","@id":"https:\/\/www.billig-entruempelung.de\/entruempelung-augsburg\/entruempelung-entsorgung-augsburg\/#primaryimage","url":"https:\/\/www.billig-entruempelung.de\/entruempelung-augsburg\/wp-content\/uploads\/2020\/06\/entruempelung-entsorgung.jpg","contentUrl":"https:\/\/www.billig-entruempelung.de\/entruempelung-augsburg\/wp-content\/uploads\/2020\/06\/entruempelung-entsorgung.jpg","width":1616,"height":577,"caption":"Entr\u00fcmpelung und Entsorgung Augsburg"},{"@type":"BreadcrumbList","@id":"https:\/\/www.billig-entruempelung.de\/entruempelung-augsburg\/entruempelung-entsorgung-augsburg\/#breadcrumb","itemListElement":[{"@type":"ListItem","position":1,"name":"Startseite","item":"https:\/\/www.billig-entruempelung.de\/entruempelung-augsburg\/"},{"@type":"ListItem","position":2,"name":"Entr\u00fcmpelung &#038; Entsorgung Augsburg &#8211; Schritt f\u00fcr Schritt"}]},{"@type":"WebSite","@id":"https:\/\/www.billig-entruempelung.de\/entruempelung-augsburg\/#website","url":"https:\/\/www.billig-entruempelung.de\/entruempelung-augsburg\/","name":"Entr\u00fcmpelung Augsburg","description":"G\u00fcnstige Entr\u00fcmpelung und Entsorgung in Augsburg","publisher":{"@id":"https:\/\/www.billig-entruempelung.de\/entruempelung-augsburg\/#organization"},"potentialAction":[{"@type":"SearchAction","target":{"@type":"EntryPoint","urlTemplate":"https:\/\/www.billig-entruempelung.de\/entruempelung-augsburg\/?s={search_term_string}"},"query-input":{"@type":"PropertyValueSpecification","valueRequired":true,"valueName":"search_term_string"}}],"inLanguage":"de"},{"@type":"Organization","@id":"https:\/\/www.billig-entruempelung.de\/entruempelung-augsburg\/#organization","name":"Entr\u00fcmpelung Augsburg","url":"https:\/\/www.billig-entruempelung.de\/entruempelung-augsburg\/","logo":{"@type":"ImageObject","inLanguage":"de","@id":"https:\/\/www.billig-entruempelung.de\/entruempelung-augsburg\/#\/schema\/logo\/image\/","url":"https:\/\/www.billig-entruempelung.de\/entruempelung-augsburg\/wp-content\/uploads\/2018\/07\/entruempelung-muenchen.png","contentUrl":"https:\/\/www.billig-entruempelung.de\/entruempelung-augsburg\/wp-content\/uploads\/2018\/07\/entruempelung-muenchen.png","width":450,"height":71,"caption":"Entr\u00fcmpelung Augsburg"},"image":{"@id":"https:\/\/www.billig-entruempelung.de\/entruempelung-augsburg\/#\/schema\/logo\/image\/"}}]}},"rttpg_featured_image_url":{"full":["https:\/\/www.billig-entruempelung.de\/entruempelung-augsburg\/wp-content\/uploads\/2020\/06\/entruempelung-entsorgung.jpg",1616,577,false],"landscape":["https:\/\/www.billig-entruempelung.de\/entruempelung-augsburg\/wp-content\/uploads\/2020\/06\/entruempelung-entsorgung.jpg",1616,577,false],"portraits":["https:\/\/www.billig-entruempelung.de\/entruempelung-augsburg\/wp-content\/uploads\/2020\/06\/entruempelung-entsorgung.jpg",1616,577,false],"thumbnail":["https:\/\/www.billig-entruempelung.de\/entruempelung-augsburg\/wp-content\/uploads\/2020\/06\/entruempelung-entsorgung-150x150.jpg",150,150,true],"medium":["https:\/\/www.billig-entruempelung.de\/entruempelung-augsburg\/wp-content\/uploads\/2020\/06\/entruempelung-entsorgung-300x107.jpg",300,107,true],"large":["https:\/\/www.billig-entruempelung.de\/entruempelung-augsburg\/wp-content\/uploads\/2020\/06\/entruempelung-entsorgung-1024x366.jpg",843,301,true],"1536x1536":["https:\/\/www.billig-entruempelung.de\/entruempelung-augsburg\/wp-content\/uploads\/2020\/06\/entruempelung-entsorgung-1536x548.jpg",1536,548,true],"2048x2048":["https:\/\/www.billig-entruempelung.de\/entruempelung-augsburg\/wp-content\/uploads\/2020\/06\/entruempelung-entsorgung.jpg",1616,577,false]},"rttpg_author":{"display_name":"admin","author_link":"https:\/\/www.billig-entruempelung.de\/entruempelung-augsburg\/author\/admin\/"},"rttpg_comment":0,"rttpg_category":null,"rttpg_excerpt":"[vc_row][vc_column][vc_empty_space][\/vc_column][\/vc_row][vc_row][vc_column][vc_column_text] Entr\u00fcmpelung &amp; Entsorgung Augsburg &#8211; g\u00fcnstig &amp; fachgerecht Von vielen Firmen wird die Entr\u00fcmpelung oft unsauber durchgef\u00fchrt und f\u00fcr einige, welche es selber probieren,&hellip;","_links":{"self":[{"href":"https:\/\/www.billig-entruempelung.de\/entruempelung-augsburg\/wp-json\/wp\/v2\/pages\/1493","targetHints":{"allow":["GET"]}}],"collection":[{"href":"https:\/\/www.billig-entruempelung.de\/entruempelung-augsburg\/wp-json\/wp\/v2\/pages"}],"about":[{"href":"https:\/\/www.billig-entruempelung.de\/entruempelung-augsburg\/wp-json\/wp\/v2\/types\/page"}],"author":[{"embeddable":true,"href":"https:\/\/www.billig-entruempelung.de\/entruempelung-augsburg\/wp-json\/wp\/v2\/users\/1"}],"replies":[{"embeddable":true,"href":"https:\/\/www.billig-entruempelung.de\/entruempelung-augsburg\/wp-json\/wp\/v2\/comments?post=1493"}],"version-history":[{"count":1,"href":"https:\/\/www.billig-entruempelung.de\/entruempelung-augsburg\/wp-json\/wp\/v2\/pages\/1493\/revisions"}],"predecessor-version":[{"id":1495,"href":"https:\/\/www.billig-entruempelung.de\/entruempelung-augsburg\/wp-json\/wp\/v2\/pages\/1493\/revisions\/1495"}],"wp:featuredmedia":[{"embeddable":true,"href":"https:\/\/www.billig-entruempelung.de\/entruempelung-augsburg\/wp-json\/wp\/v2\/media\/1494"}],"wp:attachment":[{"href":"https:\/\/www.billig-entruempelung.de\/entruempelung-augsburg\/wp-json\/wp\/v2\/media?parent=1493"}],"curies":[{"name":"wp","href":"https:\/\/api.w.org\/{rel}","templated":true}]}}