{"id":1481,"date":"2020-05-26T12:19:10","date_gmt":"2020-05-26T10:19:10","guid":{"rendered":"https:\/\/www.billig-entruempelung.de\/entruempelung-augsburg\/?page_id=1481"},"modified":"2020-05-26T12:27:12","modified_gmt":"2020-05-26T10:27:12","slug":"entruempelung-messiewohnung","status":"publish","type":"page","link":"https:\/\/www.billig-entruempelung.de\/entruempelung-augsburg\/entruempelung-messiewohnung\/","title":{"rendered":"Entr\u00fcmpelung einer Messiewohnung"},"content":{"rendered":"<div class=\"wpb-content-wrapper\"><p>[vc_row][vc_column][vc_empty_space][\/vc_column][\/vc_row][vc_row][vc_column][vc_column_text]<\/p>\n<h1>Was ist eine Messie-Wohnung?<\/h1>\n<figure id=\"attachment_1482\" aria-describedby=\"caption-attachment-1482\" style=\"width: 300px\" class=\"wp-caption alignright\"><img loading=\"lazy\" decoding=\"async\" class=\"wp-image-1482 size-medium\" src=\"https:\/\/www.billig-entruempelung.de\/entruempelung-augsburg\/wp-content\/uploads\/2020\/05\/entruempelung-messie-wohnung-300x198.jpg\" alt=\"Entr\u00fcmpelung Messie Wohnung\" width=\"300\" height=\"198\" srcset=\"https:\/\/www.billig-entruempelung.de\/entruempelung-augsburg\/wp-content\/uploads\/2020\/05\/entruempelung-messie-wohnung-300x198.jpg 300w, https:\/\/www.billig-entruempelung.de\/entruempelung-augsburg\/wp-content\/uploads\/2020\/05\/entruempelung-messie-wohnung-1024x675.jpg 1024w, https:\/\/www.billig-entruempelung.de\/entruempelung-augsburg\/wp-content\/uploads\/2020\/05\/entruempelung-messie-wohnung-768x506.jpg 768w, https:\/\/www.billig-entruempelung.de\/entruempelung-augsburg\/wp-content\/uploads\/2020\/05\/entruempelung-messie-wohnung-1536x1013.jpg 1536w, https:\/\/www.billig-entruempelung.de\/entruempelung-augsburg\/wp-content\/uploads\/2020\/05\/entruempelung-messie-wohnung.jpg 1920w\" sizes=\"auto, (max-width: 300px) 100vw, 300px\" \/><figcaption id=\"caption-attachment-1482\" class=\"wp-caption-text\">Entr\u00fcmpelung Messie Wohnung<\/figcaption><\/figure>\n<p>Wird das Objekt mit dem Wort Messiewohnung in Verbindung gebracht, scheut es jedem Vermieter. Doch warum? Eine Messiewohnung ist eine Wohnung, die so sehr verwahrlost ist, dass unter Umst\u00e4nden sogar eine Gesundheitsgef\u00e4hrdung f\u00fcr die Bewohner besteht. In sogenannten Messiewohnungen werden Zeitschriften, Verpackungen und weitere Abf\u00e4lle meist so stark gehortet, dass sogar die Bewegungsfreiheit in der Wohnung stark beschr\u00e4nkt ist. Au\u00dferdem sind Messiewohnungen durch die Vernachl\u00e4ssigung der Reinigung oft von Schimmel oder Ungeziefern befallen.<\/p>\n<p>Durch die krankheitsbedingte Sammelsucht von sogenannten Messies entstehen oft immense Sch\u00e4den im Objekt. Die W\u00e4nde, B\u00f6den und Decken der betroffenen Wohnung verkommen und m\u00fcssen wieder Instand gesetzt werden. Ein Vorgang der, umso l\u00e4nger man wartet, immer teurer werden kann. Daf\u00fcr muss in den meisten F\u00e4llen der Vermieter aufkommen, da der Messie hierzu meist nicht mehr in der Lage ist.[\/vc_column_text][vc_empty_space height=&#8220;64px&#8220;][\/vc_column][\/vc_row][vc_row][vc_column][vc_column_text]<\/p>\n<h2>Entr\u00fcmpelung der Messiewohnung &#8211; was ist hier zu beachten?<\/h2>\n<p>Von einem Messie spricht man, wenn diese unter dem sogenannten Messie-Syndrom leiden. Dies bezeichnet die mangelhafte F\u00e4higkeit Ordnung zu halten und das Leiden an einer Wertbemessungsst\u00f6rung. Also k\u00f6nnen diese die unwichtigen Dinge nicht von den Wichtigen unterscheiden. Dadurch entsteht meist im Laufe der Zeit ein unermessliches Chaos im Leben der Betroffenen. Berge aus vermeintlichen Wertgegenst\u00e4nden sammeln sich in der Wohnung zu ganzen M\u00fcllbergen.<\/p>\n<p>Hier kommen wir als Billig Entr\u00fcmpler ins Spiel! Wir k\u00fcmmern uns um die fachgerechte Entr\u00fcmpelung und Enstorgung der Messiewohnung. Wir hinterlassen die R\u00e4umlichkeiten besenrein und entr\u00fcmpeln so professionell, dass die Wohnung so aussieht, als h\u00e4tte nie ein Messie darin gewohnt.<\/p>\n<p>Eine Entr\u00fcmpelung von Messiewohnungen nimmt viel mehr Zeit in Anspruch, als die einer normalen Wohnung. Die Reinigung hierbei ist viel anspruchsvoller. Ebenso m\u00fcssen meist Schimmel und Ungeziefer bek\u00e4mpft werden. Der Vermieter ist hierbei h\u00e4ufig verpflichtet f\u00fcr eine Renovierung zu sorgen.[\/vc_column_text][\/vc_column][\/vc_row][vc_row][vc_column][vc_empty_space height=&#8220;64px&#8220;][\/vc_column][\/vc_row][vc_row][vc_column][vc_column_text]<\/p>\n<h3>Entr\u00fcmpelungen von Messiewohnungen &#8211; wir k\u00fcmmern uns um alles!<\/h3>\n<p>Dauer und Kosten der Entr\u00fcmpelung einer Messiewohnung sind von mehreren Faktoren abh\u00e4ngig, wie zum Beispiel der Gr\u00f6\u00dfe der Wohnung, dem Stockwerk, der Abfallart und vielen Weiteren. Vor allem aber kommt es auf den Verschmutzungsgrad der zu entr\u00fcmpelnden R\u00e4umlichkeiten an. Gerne unterbreiten wir Ihnen hierf\u00fcr ein unverbindliches Angebot. Wir sorgen f\u00fcr eine z\u00fcgige und fachgerechte Entr\u00fcmpelung und anschlie\u00dfender Entsorgung.[\/vc_column_text][\/vc_column][\/vc_row][vc_row][vc_column][vc_empty_space height=&#8220;64px&#8220;][\/vc_column][\/vc_row][vc_row][vc_column][vc_column_text]Sie haben Fragen zu unseren Schutzma\u00dfnahmen? Dann kontaktieren Sie uns gerne telefonisch oder nutzen das\u00a0<a href=\"https:\/\/www.billig-entruempelung.de\/entruempelung-augsburg\/kontakt\/\">Entr\u00fcmpelung-Kontaktformular<\/a>.<\/p>\n<p>Gerne k\u00f6nnen Sie auch gleich Ihren Auftrag f\u00fcr die Entr\u00fcmpelung einer Messiewohnung bei uns \u00fcber das <a href=\"https:\/\/www.billig-entruempelung.de\/entruempelung-augsburg\/anfrageformular\/\">Entr\u00fcmpelung-Angebotsformular<\/a>\u00a0erteilen.[\/vc_column_text][\/vc_column][\/vc_row]<\/p>\n<\/div>","protected":false},"excerpt":{"rendered":"<p>[vc_row][vc_column][vc_empty_space][\/vc_column][\/vc_row][vc_row][vc_column][vc_column_text] Was ist eine Messie-Wohnung? Wird das Objekt mit dem Wort Messiewohnung in Verbindung gebracht, scheut es jedem Vermieter. Doch warum? Eine Messiewohnung ist eine&hellip;<\/p>\n","protected":false},"author":1,"featured_media":1482,"parent":0,"menu_order":0,"comment_status":"closed","ping_status":"closed","template":"","meta":{"footnotes":""},"class_list":["post-1481","page","type-page","status-publish","has-post-thumbnail","hentry"],"yoast_head":"<!-- This site is optimized with the Yoast SEO plugin v26.3 - https:\/\/yoast.com\/wordpress\/plugins\/seo\/ -->\n<title>Entr\u00fcmpelung einer Messiewohnung - Billig Entr\u00fcmpler<\/title>\n<meta name=\"description\" content=\"Die Entr\u00fcmpelung einer Messiewohnung ist meist sehr anspruchsvoll. Doch worauf kommt es eigentlich hierbei an? Wir kl\u00e4ren alle Fragen.\" \/>\n<meta name=\"robots\" content=\"index, follow, max-snippet:-1, max-image-preview:large, max-video-preview:-1\" \/>\n<link rel=\"canonical\" href=\"https:\/\/www.billig-entruempelung.de\/entruempelung-augsburg\/entruempelung-messiewohnung\/\" \/>\n<meta property=\"og:locale\" content=\"de_DE\" \/>\n<meta property=\"og:type\" content=\"article\" \/>\n<meta property=\"og:title\" content=\"Entr\u00fcmpelung einer Messiewohnung - Billig Entr\u00fcmpler\" \/>\n<meta property=\"og:description\" content=\"Die Entr\u00fcmpelung einer Messiewohnung ist meist sehr anspruchsvoll. Doch worauf kommt es eigentlich hierbei an? Wir kl\u00e4ren alle Fragen.\" \/>\n<meta property=\"og:url\" content=\"https:\/\/www.billig-entruempelung.de\/entruempelung-augsburg\/entruempelung-messiewohnung\/\" \/>\n<meta property=\"og:site_name\" content=\"Entr\u00fcmpelung Augsburg\" \/>\n<meta property=\"article:modified_time\" content=\"2020-05-26T10:27:12+00:00\" \/>\n<meta property=\"og:image\" content=\"https:\/\/www.billig-entruempelung.de\/entruempelung-augsburg\/wp-content\/uploads\/2020\/05\/entruempelung-messie-wohnung.jpg\" \/>\n\t<meta property=\"og:image:width\" content=\"1920\" \/>\n\t<meta property=\"og:image:height\" content=\"1266\" \/>\n\t<meta property=\"og:image:type\" content=\"image\/jpeg\" \/>\n<meta name=\"twitter:card\" content=\"summary_large_image\" \/>\n<meta name=\"twitter:label1\" content=\"Gesch\u00e4tzte Lesezeit\" \/>\n\t<meta name=\"twitter:data1\" content=\"3\u00a0Minuten\" \/>\n<script type=\"application\/ld+json\" class=\"yoast-schema-graph\">{\"@context\":\"https:\/\/schema.org\",\"@graph\":[{\"@type\":\"WebPage\",\"@id\":\"https:\/\/www.billig-entruempelung.de\/entruempelung-augsburg\/entruempelung-messiewohnung\/\",\"url\":\"https:\/\/www.billig-entruempelung.de\/entruempelung-augsburg\/entruempelung-messiewohnung\/\",\"name\":\"Entr\u00fcmpelung einer Messiewohnung - Billig Entr\u00fcmpler\",\"isPartOf\":{\"@id\":\"https:\/\/www.billig-entruempelung.de\/entruempelung-augsburg\/#website\"},\"primaryImageOfPage\":{\"@id\":\"https:\/\/www.billig-entruempelung.de\/entruempelung-augsburg\/entruempelung-messiewohnung\/#primaryimage\"},\"image\":{\"@id\":\"https:\/\/www.billig-entruempelung.de\/entruempelung-augsburg\/entruempelung-messiewohnung\/#primaryimage\"},\"thumbnailUrl\":\"https:\/\/www.billig-entruempelung.de\/entruempelung-augsburg\/wp-content\/uploads\/2020\/05\/entruempelung-messie-wohnung.jpg\",\"datePublished\":\"2020-05-26T10:19:10+00:00\",\"dateModified\":\"2020-05-26T10:27:12+00:00\",\"description\":\"Die Entr\u00fcmpelung einer Messiewohnung ist meist sehr anspruchsvoll. Doch worauf kommt es eigentlich hierbei an? Wir kl\u00e4ren alle Fragen.\",\"breadcrumb\":{\"@id\":\"https:\/\/www.billig-entruempelung.de\/entruempelung-augsburg\/entruempelung-messiewohnung\/#breadcrumb\"},\"inLanguage\":\"de\",\"potentialAction\":[{\"@type\":\"ReadAction\",\"target\":[\"https:\/\/www.billig-entruempelung.de\/entruempelung-augsburg\/entruempelung-messiewohnung\/\"]}]},{\"@type\":\"ImageObject\",\"inLanguage\":\"de\",\"@id\":\"https:\/\/www.billig-entruempelung.de\/entruempelung-augsburg\/entruempelung-messiewohnung\/#primaryimage\",\"url\":\"https:\/\/www.billig-entruempelung.de\/entruempelung-augsburg\/wp-content\/uploads\/2020\/05\/entruempelung-messie-wohnung.jpg\",\"contentUrl\":\"https:\/\/www.billig-entruempelung.de\/entruempelung-augsburg\/wp-content\/uploads\/2020\/05\/entruempelung-messie-wohnung.jpg\",\"width\":1920,\"height\":1266,\"caption\":\"Entr\u00fcmpelung Messie Wohnung\"},{\"@type\":\"BreadcrumbList\",\"@id\":\"https:\/\/www.billig-entruempelung.de\/entruempelung-augsburg\/entruempelung-messiewohnung\/#breadcrumb\",\"itemListElement\":[{\"@type\":\"ListItem\",\"position\":1,\"name\":\"Startseite\",\"item\":\"https:\/\/www.billig-entruempelung.de\/entruempelung-augsburg\/\"},{\"@type\":\"ListItem\",\"position\":2,\"name\":\"Entr\u00fcmpelung einer Messiewohnung\"}]},{\"@type\":\"WebSite\",\"@id\":\"https:\/\/www.billig-entruempelung.de\/entruempelung-augsburg\/#website\",\"url\":\"https:\/\/www.billig-entruempelung.de\/entruempelung-augsburg\/\",\"name\":\"Entr\u00fcmpelung Augsburg\",\"description\":\"G\u00fcnstige Entr\u00fcmpelung und Entsorgung in Augsburg\",\"publisher\":{\"@id\":\"https:\/\/www.billig-entruempelung.de\/entruempelung-augsburg\/#organization\"},\"potentialAction\":[{\"@type\":\"SearchAction\",\"target\":{\"@type\":\"EntryPoint\",\"urlTemplate\":\"https:\/\/www.billig-entruempelung.de\/entruempelung-augsburg\/?s={search_term_string}\"},\"query-input\":{\"@type\":\"PropertyValueSpecification\",\"valueRequired\":true,\"valueName\":\"search_term_string\"}}],\"inLanguage\":\"de\"},{\"@type\":\"Organization\",\"@id\":\"https:\/\/www.billig-entruempelung.de\/entruempelung-augsburg\/#organization\",\"name\":\"Entr\u00fcmpelung Augsburg\",\"url\":\"https:\/\/www.billig-entruempelung.de\/entruempelung-augsburg\/\",\"logo\":{\"@type\":\"ImageObject\",\"inLanguage\":\"de\",\"@id\":\"https:\/\/www.billig-entruempelung.de\/entruempelung-augsburg\/#\/schema\/logo\/image\/\",\"url\":\"https:\/\/www.billig-entruempelung.de\/entruempelung-augsburg\/wp-content\/uploads\/2018\/07\/entruempelung-muenchen.png\",\"contentUrl\":\"https:\/\/www.billig-entruempelung.de\/entruempelung-augsburg\/wp-content\/uploads\/2018\/07\/entruempelung-muenchen.png\",\"width\":450,\"height\":71,\"caption\":\"Entr\u00fcmpelung Augsburg\"},\"image\":{\"@id\":\"https:\/\/www.billig-entruempelung.de\/entruempelung-augsburg\/#\/schema\/logo\/image\/\"}}]}<\/script>\n<!-- \/ Yoast SEO plugin. -->","yoast_head_json":{"title":"Entr\u00fcmpelung einer Messiewohnung - Billig Entr\u00fcmpler","description":"Die Entr\u00fcmpelung einer Messiewohnung ist meist sehr anspruchsvoll. Doch worauf kommt es eigentlich hierbei an? Wir kl\u00e4ren alle Fragen.","robots":{"index":"index","follow":"follow","max-snippet":"max-snippet:-1","max-image-preview":"max-image-preview:large","max-video-preview":"max-video-preview:-1"},"canonical":"https:\/\/www.billig-entruempelung.de\/entruempelung-augsburg\/entruempelung-messiewohnung\/","og_locale":"de_DE","og_type":"article","og_title":"Entr\u00fcmpelung einer Messiewohnung - Billig Entr\u00fcmpler","og_description":"Die Entr\u00fcmpelung einer Messiewohnung ist meist sehr anspruchsvoll. Doch worauf kommt es eigentlich hierbei an? Wir kl\u00e4ren alle Fragen.","og_url":"https:\/\/www.billig-entruempelung.de\/entruempelung-augsburg\/entruempelung-messiewohnung\/","og_site_name":"Entr\u00fcmpelung Augsburg","article_modified_time":"2020-05-26T10:27:12+00:00","og_image":[{"width":1920,"height":1266,"url":"https:\/\/www.billig-entruempelung.de\/entruempelung-augsburg\/wp-content\/uploads\/2020\/05\/entruempelung-messie-wohnung.jpg","type":"image\/jpeg"}],"twitter_card":"summary_large_image","twitter_misc":{"Gesch\u00e4tzte Lesezeit":"3\u00a0Minuten"},"schema":{"@context":"https:\/\/schema.org","@graph":[{"@type":"WebPage","@id":"https:\/\/www.billig-entruempelung.de\/entruempelung-augsburg\/entruempelung-messiewohnung\/","url":"https:\/\/www.billig-entruempelung.de\/entruempelung-augsburg\/entruempelung-messiewohnung\/","name":"Entr\u00fcmpelung einer Messiewohnung - Billig Entr\u00fcmpler","isPartOf":{"@id":"https:\/\/www.billig-entruempelung.de\/entruempelung-augsburg\/#website"},"primaryImageOfPage":{"@id":"https:\/\/www.billig-entruempelung.de\/entruempelung-augsburg\/entruempelung-messiewohnung\/#primaryimage"},"image":{"@id":"https:\/\/www.billig-entruempelung.de\/entruempelung-augsburg\/entruempelung-messiewohnung\/#primaryimage"},"thumbnailUrl":"https:\/\/www.billig-entruempelung.de\/entruempelung-augsburg\/wp-content\/uploads\/2020\/05\/entruempelung-messie-wohnung.jpg","datePublished":"2020-05-26T10:19:10+00:00","dateModified":"2020-05-26T10:27:12+00:00","description":"Die Entr\u00fcmpelung einer Messiewohnung ist meist sehr anspruchsvoll. Doch worauf kommt es eigentlich hierbei an? Wir kl\u00e4ren alle Fragen.","breadcrumb":{"@id":"https:\/\/www.billig-entruempelung.de\/entruempelung-augsburg\/entruempelung-messiewohnung\/#breadcrumb"},"inLanguage":"de","potentialAction":[{"@type":"ReadAction","target":["https:\/\/www.billig-entruempelung.de\/entruempelung-augsburg\/entruempelung-messiewohnung\/"]}]},{"@type":"ImageObject","inLanguage":"de","@id":"https:\/\/www.billig-entruempelung.de\/entruempelung-augsburg\/entruempelung-messiewohnung\/#primaryimage","url":"https:\/\/www.billig-entruempelung.de\/entruempelung-augsburg\/wp-content\/uploads\/2020\/05\/entruempelung-messie-wohnung.jpg","contentUrl":"https:\/\/www.billig-entruempelung.de\/entruempelung-augsburg\/wp-content\/uploads\/2020\/05\/entruempelung-messie-wohnung.jpg","width":1920,"height":1266,"caption":"Entr\u00fcmpelung Messie Wohnung"},{"@type":"BreadcrumbList","@id":"https:\/\/www.billig-entruempelung.de\/entruempelung-augsburg\/entruempelung-messiewohnung\/#breadcrumb","itemListElement":[{"@type":"ListItem","position":1,"name":"Startseite","item":"https:\/\/www.billig-entruempelung.de\/entruempelung-augsburg\/"},{"@type":"ListItem","position":2,"name":"Entr\u00fcmpelung einer Messiewohnung"}]},{"@type":"WebSite","@id":"https:\/\/www.billig-entruempelung.de\/entruempelung-augsburg\/#website","url":"https:\/\/www.billig-entruempelung.de\/entruempelung-augsburg\/","name":"Entr\u00fcmpelung Augsburg","description":"G\u00fcnstige Entr\u00fcmpelung und Entsorgung in Augsburg","publisher":{"@id":"https:\/\/www.billig-entruempelung.de\/entruempelung-augsburg\/#organization"},"potentialAction":[{"@type":"SearchAction","target":{"@type":"EntryPoint","urlTemplate":"https:\/\/www.billig-entruempelung.de\/entruempelung-augsburg\/?s={search_term_string}"},"query-input":{"@type":"PropertyValueSpecification","valueRequired":true,"valueName":"search_term_string"}}],"inLanguage":"de"},{"@type":"Organization","@id":"https:\/\/www.billig-entruempelung.de\/entruempelung-augsburg\/#organization","name":"Entr\u00fcmpelung Augsburg","url":"https:\/\/www.billig-entruempelung.de\/entruempelung-augsburg\/","logo":{"@type":"ImageObject","inLanguage":"de","@id":"https:\/\/www.billig-entruempelung.de\/entruempelung-augsburg\/#\/schema\/logo\/image\/","url":"https:\/\/www.billig-entruempelung.de\/entruempelung-augsburg\/wp-content\/uploads\/2018\/07\/entruempelung-muenchen.png","contentUrl":"https:\/\/www.billig-entruempelung.de\/entruempelung-augsburg\/wp-content\/uploads\/2018\/07\/entruempelung-muenchen.png","width":450,"height":71,"caption":"Entr\u00fcmpelung Augsburg"},"image":{"@id":"https:\/\/www.billig-entruempelung.de\/entruempelung-augsburg\/#\/schema\/logo\/image\/"}}]}},"rttpg_featured_image_url":{"full":["https:\/\/www.billig-entruempelung.de\/entruempelung-augsburg\/wp-content\/uploads\/2020\/05\/entruempelung-messie-wohnung.jpg",1920,1266,false],"landscape":["https:\/\/www.billig-entruempelung.de\/entruempelung-augsburg\/wp-content\/uploads\/2020\/05\/entruempelung-messie-wohnung.jpg",1920,1266,false],"portraits":["https:\/\/www.billig-entruempelung.de\/entruempelung-augsburg\/wp-content\/uploads\/2020\/05\/entruempelung-messie-wohnung.jpg",1920,1266,false],"thumbnail":["https:\/\/www.billig-entruempelung.de\/entruempelung-augsburg\/wp-content\/uploads\/2020\/05\/entruempelung-messie-wohnung-150x150.jpg",150,150,true],"medium":["https:\/\/www.billig-entruempelung.de\/entruempelung-augsburg\/wp-content\/uploads\/2020\/05\/entruempelung-messie-wohnung-300x198.jpg",300,198,true],"large":["https:\/\/www.billig-entruempelung.de\/entruempelung-augsburg\/wp-content\/uploads\/2020\/05\/entruempelung-messie-wohnung-1024x675.jpg",843,556,true],"1536x1536":["https:\/\/www.billig-entruempelung.de\/entruempelung-augsburg\/wp-content\/uploads\/2020\/05\/entruempelung-messie-wohnung-1536x1013.jpg",1536,1013,true],"2048x2048":["https:\/\/www.billig-entruempelung.de\/entruempelung-augsburg\/wp-content\/uploads\/2020\/05\/entruempelung-messie-wohnung.jpg",1920,1266,false]},"rttpg_author":{"display_name":"admin","author_link":"https:\/\/www.billig-entruempelung.de\/entruempelung-augsburg\/author\/admin\/"},"rttpg_comment":0,"rttpg_category":null,"rttpg_excerpt":"[vc_row][vc_column][vc_empty_space][\/vc_column][\/vc_row][vc_row][vc_column][vc_column_text] Was ist eine Messie-Wohnung? Wird das Objekt mit dem Wort Messiewohnung in Verbindung gebracht, scheut es jedem Vermieter. Doch warum? Eine Messiewohnung ist eine&hellip;","_links":{"self":[{"href":"https:\/\/www.billig-entruempelung.de\/entruempelung-augsburg\/wp-json\/wp\/v2\/pages\/1481","targetHints":{"allow":["GET"]}}],"collection":[{"href":"https:\/\/www.billig-entruempelung.de\/entruempelung-augsburg\/wp-json\/wp\/v2\/pages"}],"about":[{"href":"https:\/\/www.billig-entruempelung.de\/entruempelung-augsburg\/wp-json\/wp\/v2\/types\/page"}],"author":[{"embeddable":true,"href":"https:\/\/www.billig-entruempelung.de\/entruempelung-augsburg\/wp-json\/wp\/v2\/users\/1"}],"replies":[{"embeddable":true,"href":"https:\/\/www.billig-entruempelung.de\/entruempelung-augsburg\/wp-json\/wp\/v2\/comments?post=1481"}],"version-history":[{"count":2,"href":"https:\/\/www.billig-entruempelung.de\/entruempelung-augsburg\/wp-json\/wp\/v2\/pages\/1481\/revisions"}],"predecessor-version":[{"id":1484,"href":"https:\/\/www.billig-entruempelung.de\/entruempelung-augsburg\/wp-json\/wp\/v2\/pages\/1481\/revisions\/1484"}],"wp:featuredmedia":[{"embeddable":true,"href":"https:\/\/www.billig-entruempelung.de\/entruempelung-augsburg\/wp-json\/wp\/v2\/media\/1482"}],"wp:attachment":[{"href":"https:\/\/www.billig-entruempelung.de\/entruempelung-augsburg\/wp-json\/wp\/v2\/media?parent=1481"}],"curies":[{"name":"wp","href":"https:\/\/api.w.org\/{rel}","templated":true}]}}