{"id":1453,"date":"2020-03-27T11:25:16","date_gmt":"2020-03-27T10:25:16","guid":{"rendered":"https:\/\/www.billig-entruempelung.de\/entruempelung-augsburg\/?page_id=1453"},"modified":"2021-07-30T11:33:31","modified_gmt":"2021-07-30T09:33:31","slug":"containerdienst","status":"publish","type":"page","link":"https:\/\/www.billig-entruempelung.de\/entruempelung-augsburg\/containerdienst\/","title":{"rendered":"Containerdienst f\u00fcr Entr\u00fcmpelung und Entsorgung M\u00fcnchen Augsburg"},"content":{"rendered":"<div class=\"wpb-content-wrapper\"><p>[vc_row][vc_column][vc_column_text]<\/p>\n<h2>Containerdienst f\u00fcr Augsburg und Umgebung<\/h2>\n<p>[\/vc_column_text][vc_empty_space][vc_column_text]Sie planen zu bauen oder zu renovieren, bzw. sind schon dabei und brauchen dringend einen <strong>Containerdienst<\/strong> um den dabei entstehenden M\u00fcll leicht entfernen zu k\u00f6nnen? Sie sind auf der Suche nach einem Containerdienst in Augsburg der flexibel und professionell arbeitet? Hierf\u00fcr sind wir genau der richtige Ansprechpartner!<\/p>\n<p>Dank der engen Zusammenarbeit mit unseren Entsorgungspartnern ist es uns m\u00f6glich Ihnen den Container <strong>schnell &amp; kosteng\u00fcnstig<\/strong> an den gew\u00fcnschten Zielort zu liefern.[\/vc_column_text][vc_empty_space][vc_separator][vc_empty_space][\/vc_column][\/vc_row][vc_row][vc_column width=&#8220;2\/3&#8243;][vc_column_text]<\/p>\n<h3>Schnelle Entsorgung von Baumischabf\u00e4llen &#8211; Containerdienst Augsburg<\/h3>\n<p>Schnell fallen zum Beispiel beim Renovieren oder Hausbau gro\u00dfe Mengen Bauabfall an. Oft ist es, je nach Umfang der Renovierung, so schlimm, dass man gar nicht mehr wei\u00df, wohin mit dem ganzen Baumischabfall. Ob Fliesen, Holzbalken, Betonplatten, Kunststofffolien, Metall, Teppiche, Laminat, Gips oder Ziegel, alles, was zum Bau eines Hauses verwendet wird, f\u00e4llt unter den Begriff Baumischabfall.<\/p>\n<p>Je nach Gr\u00f6\u00dfe des Objekts und Umfang des zu entsorgenden Abfalls ist es sinnvoll einen Containerdienst zu engagieren. So spart man sich nicht nur Zeit, sondern auch unn\u00f6tige M\u00fchen und Kosten. Der Containerdienst Augsburg macht das Entsorgen um ein vielfaches einfacher.[\/vc_column_text][\/vc_column][vc_column width=&#8220;1\/3&#8243;][vc_column_text]<\/p>\n<figure id=\"attachment_1441\" aria-describedby=\"caption-attachment-1441\" style=\"width: 300px\" class=\"wp-caption alignnone\"><img loading=\"lazy\" decoding=\"async\" class=\"size-medium wp-image-1441\" src=\"https:\/\/www.billig-entruempelung.de\/entruempelung-augsburg\/wp-content\/uploads\/2020\/02\/containerdienst-augsburg-300x200.jpg\" alt=\"Containerdienst Augsburg\" width=\"300\" height=\"200\" srcset=\"https:\/\/www.billig-entruempelung.de\/entruempelung-augsburg\/wp-content\/uploads\/2020\/02\/containerdienst-augsburg-300x200.jpg 300w, https:\/\/www.billig-entruempelung.de\/entruempelung-augsburg\/wp-content\/uploads\/2020\/02\/containerdienst-augsburg-768x512.jpg 768w, https:\/\/www.billig-entruempelung.de\/entruempelung-augsburg\/wp-content\/uploads\/2020\/02\/containerdienst-augsburg-1024x683.jpg 1024w, https:\/\/www.billig-entruempelung.de\/entruempelung-augsburg\/wp-content\/uploads\/2020\/02\/containerdienst-augsburg.jpg 1200w\" sizes=\"auto, (max-width: 300px) 100vw, 300px\" \/><figcaption id=\"caption-attachment-1441\" class=\"wp-caption-text\">Containerdienst Augsburg<\/figcaption><\/figure>\n<p>[\/vc_column_text][\/vc_column][\/vc_row][vc_row][vc_column][vc_empty_space][vc_separator][vc_empty_space][\/vc_column][\/vc_row][vc_row][vc_column][vc_column_text]<\/p>\n<h3>Entsorgung in Augsburg leicht gemacht<\/h3>\n<p>Unser Containerdienst garantiert Ihnen eine bedarfsgerechte Entsorgungsl\u00f6sung zu geringen Kosten. Die einwandfreie M\u00fcllentsorgung wird nicht nur von der Stadt Augsburg verfolgt, sondern hat auch f\u00fcr Billig Entr\u00fcmpler eine sehr gro\u00dfe Bedeutung. Dabei spielt der Umweltschutzfaktor nat\u00fcrlich auch eine sehr gro\u00dfe Rolle \u2013 dieser wird von uns jederzeit ber\u00fccksichtigt.<\/p>\n<p>Der Containerdienst Augsburg steht Ihnen rund um alle Entsorgungsw\u00fcnsche zur Verf\u00fcgung. Unabh\u00e4ngig davon, ob sie eine Entr\u00fcmplung planen, einen Umzug in Aussicht haben oder es eine andere Herausforderung zu bew\u00e4ltigen gilt.<\/p>\n<p>Kontaktieren Sie uns telefonisch oder ganz einfach online \u00fcber das\u00a0<a href=\"https:\/\/www.billig-entruempelung.de\/kontakt\/\">Kontaktformular<\/a>. Gerne beraten wir sie ausf\u00fchrlich, kostenfrei &amp; unabh\u00e4ngig. Oder vereinbaren Sie jetzt ganz einfach einen Termin online &#8211; nutzen Sie daf\u00fcr unser <a href=\"https:\/\/www.billig-entruempelung.de\/entruempelung-augsburg\/anfrageformular\/\">Anfrageformular<\/a>.[\/vc_column_text][\/vc_column][\/vc_row][vc_row][vc_column][vc_empty_space][vc_separator][vc_empty_space][\/vc_column][\/vc_row][vc_row][vc_column width=&#8220;1\/4&#8243;][vc_btn title=&#8220;Anfrageformular&#8220; style=&#8220;3d&#8220; color=&#8220;green&#8220; size=&#8220;lg&#8220; i_icon_fontawesome=&#8220;fa fa-check&#8220; link=&#8220;url:https%3A%2F%2Fwww.billig-entruempelung.de%2Fanfrageformular%2F||target:%20_blank|&#8220; add_icon=&#8220;true&#8220;][\/vc_column][vc_column width=&#8220;3\/4&#8243;][vc_column_text]Jetzt kostenlose Beratung vor Ort vereinbaren!<br \/>\nTelefonisch unter <a href=\"tel: 01786571706\">0178 &#8211; 65 71 706<\/a>[\/vc_column_text][\/vc_column][\/vc_row][vc_row][vc_column][vc_column_text]*In Zusammenarbeit mit unseren langfristigen und vertrauten Partnerfirmen[\/vc_column_text][\/vc_column][\/vc_row][vc_column][\/vc_column]<\/p>\n<\/div>","protected":false},"excerpt":{"rendered":"<p>[vc_row][vc_column][vc_column_text] Containerdienst f\u00fcr Augsburg und Umgebung [\/vc_column_text][vc_empty_space][vc_column_text]Sie planen zu bauen oder zu renovieren, bzw. sind schon dabei und brauchen dringend einen Containerdienst um den dabei&hellip;<\/p>\n","protected":false},"author":1,"featured_media":1454,"parent":0,"menu_order":0,"comment_status":"closed","ping_status":"closed","template":"","meta":{"footnotes":""},"class_list":["post-1453","page","type-page","status-publish","has-post-thumbnail","hentry"],"yoast_head":"<!-- This site is optimized with the Yoast SEO plugin v26.3 - https:\/\/yoast.com\/wordpress\/plugins\/seo\/ -->\n<title>Containerdienst Augsburg - Entsorgung einfach gemacht<\/title>\n<meta name=\"description\" content=\"Wir sind Ihr Partner f\u00fcr Entr\u00fcmpelung und Entsorgung und damit auch f\u00fcr den Containerdienst Augsburg. Wir liefern und bef\u00fcllen die Container!\" \/>\n<meta name=\"robots\" content=\"index, follow, max-snippet:-1, max-image-preview:large, max-video-preview:-1\" \/>\n<link rel=\"canonical\" href=\"https:\/\/www.billig-entruempelung.de\/entruempelung-augsburg\/containerdienst\/\" \/>\n<meta property=\"og:locale\" content=\"de_DE\" \/>\n<meta property=\"og:type\" content=\"article\" \/>\n<meta property=\"og:title\" content=\"Containerdienst Augsburg - Entsorgung einfach gemacht\" \/>\n<meta property=\"og:description\" content=\"Wir sind Ihr Partner f\u00fcr Entr\u00fcmpelung und Entsorgung und damit auch f\u00fcr den Containerdienst Augsburg. Wir liefern und bef\u00fcllen die Container!\" \/>\n<meta property=\"og:url\" content=\"https:\/\/www.billig-entruempelung.de\/entruempelung-augsburg\/containerdienst\/\" \/>\n<meta property=\"og:site_name\" content=\"Entr\u00fcmpelung Augsburg\" \/>\n<meta property=\"article:modified_time\" content=\"2021-07-30T09:33:31+00:00\" \/>\n<meta property=\"og:image\" content=\"https:\/\/www.billig-entruempelung.de\/entruempelung-augsburg\/wp-content\/uploads\/2020\/03\/containerdienst.jpg\" \/>\n\t<meta property=\"og:image:width\" content=\"1616\" \/>\n\t<meta property=\"og:image:height\" content=\"577\" \/>\n\t<meta property=\"og:image:type\" content=\"image\/jpeg\" \/>\n<meta name=\"twitter:card\" content=\"summary_large_image\" \/>\n<meta name=\"twitter:label1\" content=\"Gesch\u00e4tzte Lesezeit\" \/>\n\t<meta name=\"twitter:data1\" content=\"3\u00a0Minuten\" \/>\n<script type=\"application\/ld+json\" class=\"yoast-schema-graph\">{\"@context\":\"https:\/\/schema.org\",\"@graph\":[{\"@type\":\"WebPage\",\"@id\":\"https:\/\/www.billig-entruempelung.de\/entruempelung-augsburg\/containerdienst\/\",\"url\":\"https:\/\/www.billig-entruempelung.de\/entruempelung-augsburg\/containerdienst\/\",\"name\":\"Containerdienst Augsburg - Entsorgung einfach gemacht\",\"isPartOf\":{\"@id\":\"https:\/\/www.billig-entruempelung.de\/entruempelung-augsburg\/#website\"},\"primaryImageOfPage\":{\"@id\":\"https:\/\/www.billig-entruempelung.de\/entruempelung-augsburg\/containerdienst\/#primaryimage\"},\"image\":{\"@id\":\"https:\/\/www.billig-entruempelung.de\/entruempelung-augsburg\/containerdienst\/#primaryimage\"},\"thumbnailUrl\":\"https:\/\/www.billig-entruempelung.de\/entruempelung-augsburg\/wp-content\/uploads\/2020\/03\/containerdienst.jpg\",\"datePublished\":\"2020-03-27T10:25:16+00:00\",\"dateModified\":\"2021-07-30T09:33:31+00:00\",\"description\":\"Wir sind Ihr Partner f\u00fcr Entr\u00fcmpelung und Entsorgung und damit auch f\u00fcr den Containerdienst Augsburg. Wir liefern und bef\u00fcllen die Container!\",\"breadcrumb\":{\"@id\":\"https:\/\/www.billig-entruempelung.de\/entruempelung-augsburg\/containerdienst\/#breadcrumb\"},\"inLanguage\":\"de\",\"potentialAction\":[{\"@type\":\"ReadAction\",\"target\":[\"https:\/\/www.billig-entruempelung.de\/entruempelung-augsburg\/containerdienst\/\"]}]},{\"@type\":\"ImageObject\",\"inLanguage\":\"de\",\"@id\":\"https:\/\/www.billig-entruempelung.de\/entruempelung-augsburg\/containerdienst\/#primaryimage\",\"url\":\"https:\/\/www.billig-entruempelung.de\/entruempelung-augsburg\/wp-content\/uploads\/2020\/03\/containerdienst.jpg\",\"contentUrl\":\"https:\/\/www.billig-entruempelung.de\/entruempelung-augsburg\/wp-content\/uploads\/2020\/03\/containerdienst.jpg\",\"width\":1616,\"height\":577,\"caption\":\"Containerdienst Augsburg\"},{\"@type\":\"BreadcrumbList\",\"@id\":\"https:\/\/www.billig-entruempelung.de\/entruempelung-augsburg\/containerdienst\/#breadcrumb\",\"itemListElement\":[{\"@type\":\"ListItem\",\"position\":1,\"name\":\"Startseite\",\"item\":\"https:\/\/www.billig-entruempelung.de\/entruempelung-augsburg\/\"},{\"@type\":\"ListItem\",\"position\":2,\"name\":\"Containerdienst f\u00fcr Entr\u00fcmpelung und Entsorgung M\u00fcnchen Augsburg\"}]},{\"@type\":\"WebSite\",\"@id\":\"https:\/\/www.billig-entruempelung.de\/entruempelung-augsburg\/#website\",\"url\":\"https:\/\/www.billig-entruempelung.de\/entruempelung-augsburg\/\",\"name\":\"Entr\u00fcmpelung Augsburg\",\"description\":\"G\u00fcnstige Entr\u00fcmpelung und Entsorgung in Augsburg\",\"publisher\":{\"@id\":\"https:\/\/www.billig-entruempelung.de\/entruempelung-augsburg\/#organization\"},\"potentialAction\":[{\"@type\":\"SearchAction\",\"target\":{\"@type\":\"EntryPoint\",\"urlTemplate\":\"https:\/\/www.billig-entruempelung.de\/entruempelung-augsburg\/?s={search_term_string}\"},\"query-input\":{\"@type\":\"PropertyValueSpecification\",\"valueRequired\":true,\"valueName\":\"search_term_string\"}}],\"inLanguage\":\"de\"},{\"@type\":\"Organization\",\"@id\":\"https:\/\/www.billig-entruempelung.de\/entruempelung-augsburg\/#organization\",\"name\":\"Entr\u00fcmpelung Augsburg\",\"url\":\"https:\/\/www.billig-entruempelung.de\/entruempelung-augsburg\/\",\"logo\":{\"@type\":\"ImageObject\",\"inLanguage\":\"de\",\"@id\":\"https:\/\/www.billig-entruempelung.de\/entruempelung-augsburg\/#\/schema\/logo\/image\/\",\"url\":\"https:\/\/www.billig-entruempelung.de\/entruempelung-augsburg\/wp-content\/uploads\/2018\/07\/entruempelung-muenchen.png\",\"contentUrl\":\"https:\/\/www.billig-entruempelung.de\/entruempelung-augsburg\/wp-content\/uploads\/2018\/07\/entruempelung-muenchen.png\",\"width\":450,\"height\":71,\"caption\":\"Entr\u00fcmpelung Augsburg\"},\"image\":{\"@id\":\"https:\/\/www.billig-entruempelung.de\/entruempelung-augsburg\/#\/schema\/logo\/image\/\"}}]}<\/script>\n<!-- \/ Yoast SEO plugin. -->","yoast_head_json":{"title":"Containerdienst Augsburg - Entsorgung einfach gemacht","description":"Wir sind Ihr Partner f\u00fcr Entr\u00fcmpelung und Entsorgung und damit auch f\u00fcr den Containerdienst Augsburg. Wir liefern und bef\u00fcllen die Container!","robots":{"index":"index","follow":"follow","max-snippet":"max-snippet:-1","max-image-preview":"max-image-preview:large","max-video-preview":"max-video-preview:-1"},"canonical":"https:\/\/www.billig-entruempelung.de\/entruempelung-augsburg\/containerdienst\/","og_locale":"de_DE","og_type":"article","og_title":"Containerdienst Augsburg - Entsorgung einfach gemacht","og_description":"Wir sind Ihr Partner f\u00fcr Entr\u00fcmpelung und Entsorgung und damit auch f\u00fcr den Containerdienst Augsburg. Wir liefern und bef\u00fcllen die Container!","og_url":"https:\/\/www.billig-entruempelung.de\/entruempelung-augsburg\/containerdienst\/","og_site_name":"Entr\u00fcmpelung Augsburg","article_modified_time":"2021-07-30T09:33:31+00:00","og_image":[{"width":1616,"height":577,"url":"https:\/\/www.billig-entruempelung.de\/entruempelung-augsburg\/wp-content\/uploads\/2020\/03\/containerdienst.jpg","type":"image\/jpeg"}],"twitter_card":"summary_large_image","twitter_misc":{"Gesch\u00e4tzte Lesezeit":"3\u00a0Minuten"},"schema":{"@context":"https:\/\/schema.org","@graph":[{"@type":"WebPage","@id":"https:\/\/www.billig-entruempelung.de\/entruempelung-augsburg\/containerdienst\/","url":"https:\/\/www.billig-entruempelung.de\/entruempelung-augsburg\/containerdienst\/","name":"Containerdienst Augsburg - Entsorgung einfach gemacht","isPartOf":{"@id":"https:\/\/www.billig-entruempelung.de\/entruempelung-augsburg\/#website"},"primaryImageOfPage":{"@id":"https:\/\/www.billig-entruempelung.de\/entruempelung-augsburg\/containerdienst\/#primaryimage"},"image":{"@id":"https:\/\/www.billig-entruempelung.de\/entruempelung-augsburg\/containerdienst\/#primaryimage"},"thumbnailUrl":"https:\/\/www.billig-entruempelung.de\/entruempelung-augsburg\/wp-content\/uploads\/2020\/03\/containerdienst.jpg","datePublished":"2020-03-27T10:25:16+00:00","dateModified":"2021-07-30T09:33:31+00:00","description":"Wir sind Ihr Partner f\u00fcr Entr\u00fcmpelung und Entsorgung und damit auch f\u00fcr den Containerdienst Augsburg. Wir liefern und bef\u00fcllen die Container!","breadcrumb":{"@id":"https:\/\/www.billig-entruempelung.de\/entruempelung-augsburg\/containerdienst\/#breadcrumb"},"inLanguage":"de","potentialAction":[{"@type":"ReadAction","target":["https:\/\/www.billig-entruempelung.de\/entruempelung-augsburg\/containerdienst\/"]}]},{"@type":"ImageObject","inLanguage":"de","@id":"https:\/\/www.billig-entruempelung.de\/entruempelung-augsburg\/containerdienst\/#primaryimage","url":"https:\/\/www.billig-entruempelung.de\/entruempelung-augsburg\/wp-content\/uploads\/2020\/03\/containerdienst.jpg","contentUrl":"https:\/\/www.billig-entruempelung.de\/entruempelung-augsburg\/wp-content\/uploads\/2020\/03\/containerdienst.jpg","width":1616,"height":577,"caption":"Containerdienst Augsburg"},{"@type":"BreadcrumbList","@id":"https:\/\/www.billig-entruempelung.de\/entruempelung-augsburg\/containerdienst\/#breadcrumb","itemListElement":[{"@type":"ListItem","position":1,"name":"Startseite","item":"https:\/\/www.billig-entruempelung.de\/entruempelung-augsburg\/"},{"@type":"ListItem","position":2,"name":"Containerdienst f\u00fcr Entr\u00fcmpelung und Entsorgung M\u00fcnchen Augsburg"}]},{"@type":"WebSite","@id":"https:\/\/www.billig-entruempelung.de\/entruempelung-augsburg\/#website","url":"https:\/\/www.billig-entruempelung.de\/entruempelung-augsburg\/","name":"Entr\u00fcmpelung Augsburg","description":"G\u00fcnstige Entr\u00fcmpelung und Entsorgung in Augsburg","publisher":{"@id":"https:\/\/www.billig-entruempelung.de\/entruempelung-augsburg\/#organization"},"potentialAction":[{"@type":"SearchAction","target":{"@type":"EntryPoint","urlTemplate":"https:\/\/www.billig-entruempelung.de\/entruempelung-augsburg\/?s={search_term_string}"},"query-input":{"@type":"PropertyValueSpecification","valueRequired":true,"valueName":"search_term_string"}}],"inLanguage":"de"},{"@type":"Organization","@id":"https:\/\/www.billig-entruempelung.de\/entruempelung-augsburg\/#organization","name":"Entr\u00fcmpelung Augsburg","url":"https:\/\/www.billig-entruempelung.de\/entruempelung-augsburg\/","logo":{"@type":"ImageObject","inLanguage":"de","@id":"https:\/\/www.billig-entruempelung.de\/entruempelung-augsburg\/#\/schema\/logo\/image\/","url":"https:\/\/www.billig-entruempelung.de\/entruempelung-augsburg\/wp-content\/uploads\/2018\/07\/entruempelung-muenchen.png","contentUrl":"https:\/\/www.billig-entruempelung.de\/entruempelung-augsburg\/wp-content\/uploads\/2018\/07\/entruempelung-muenchen.png","width":450,"height":71,"caption":"Entr\u00fcmpelung Augsburg"},"image":{"@id":"https:\/\/www.billig-entruempelung.de\/entruempelung-augsburg\/#\/schema\/logo\/image\/"}}]}},"rttpg_featured_image_url":{"full":["https:\/\/www.billig-entruempelung.de\/entruempelung-augsburg\/wp-content\/uploads\/2020\/03\/containerdienst.jpg",1616,577,false],"landscape":["https:\/\/www.billig-entruempelung.de\/entruempelung-augsburg\/wp-content\/uploads\/2020\/03\/containerdienst.jpg",1616,577,false],"portraits":["https:\/\/www.billig-entruempelung.de\/entruempelung-augsburg\/wp-content\/uploads\/2020\/03\/containerdienst.jpg",1616,577,false],"thumbnail":["https:\/\/www.billig-entruempelung.de\/entruempelung-augsburg\/wp-content\/uploads\/2020\/03\/containerdienst-150x150.jpg",150,150,true],"medium":["https:\/\/www.billig-entruempelung.de\/entruempelung-augsburg\/wp-content\/uploads\/2020\/03\/containerdienst-300x107.jpg",300,107,true],"large":["https:\/\/www.billig-entruempelung.de\/entruempelung-augsburg\/wp-content\/uploads\/2020\/03\/containerdienst-1024x366.jpg",843,301,true],"1536x1536":["https:\/\/www.billig-entruempelung.de\/entruempelung-augsburg\/wp-content\/uploads\/2020\/03\/containerdienst-1536x548.jpg",1536,548,true],"2048x2048":["https:\/\/www.billig-entruempelung.de\/entruempelung-augsburg\/wp-content\/uploads\/2020\/03\/containerdienst.jpg",1616,577,false]},"rttpg_author":{"display_name":"admin","author_link":"https:\/\/www.billig-entruempelung.de\/entruempelung-augsburg\/author\/admin\/"},"rttpg_comment":0,"rttpg_category":null,"rttpg_excerpt":"[vc_row][vc_column][vc_column_text] Containerdienst f\u00fcr Augsburg und Umgebung [\/vc_column_text][vc_empty_space][vc_column_text]Sie planen zu bauen oder zu renovieren, bzw. sind schon dabei und brauchen dringend einen Containerdienst um den dabei&hellip;","_links":{"self":[{"href":"https:\/\/www.billig-entruempelung.de\/entruempelung-augsburg\/wp-json\/wp\/v2\/pages\/1453","targetHints":{"allow":["GET"]}}],"collection":[{"href":"https:\/\/www.billig-entruempelung.de\/entruempelung-augsburg\/wp-json\/wp\/v2\/pages"}],"about":[{"href":"https:\/\/www.billig-entruempelung.de\/entruempelung-augsburg\/wp-json\/wp\/v2\/types\/page"}],"author":[{"embeddable":true,"href":"https:\/\/www.billig-entruempelung.de\/entruempelung-augsburg\/wp-json\/wp\/v2\/users\/1"}],"replies":[{"embeddable":true,"href":"https:\/\/www.billig-entruempelung.de\/entruempelung-augsburg\/wp-json\/wp\/v2\/comments?post=1453"}],"version-history":[{"count":5,"href":"https:\/\/www.billig-entruempelung.de\/entruempelung-augsburg\/wp-json\/wp\/v2\/pages\/1453\/revisions"}],"predecessor-version":[{"id":1593,"href":"https:\/\/www.billig-entruempelung.de\/entruempelung-augsburg\/wp-json\/wp\/v2\/pages\/1453\/revisions\/1593"}],"wp:featuredmedia":[{"embeddable":true,"href":"https:\/\/www.billig-entruempelung.de\/entruempelung-augsburg\/wp-json\/wp\/v2\/media\/1454"}],"wp:attachment":[{"href":"https:\/\/www.billig-entruempelung.de\/entruempelung-augsburg\/wp-json\/wp\/v2\/media?parent=1453"}],"curies":[{"name":"wp","href":"https:\/\/api.w.org\/{rel}","templated":true}]}}