{"id":1439,"date":"2020-02-27T13:52:57","date_gmt":"2020-02-27T12:52:57","guid":{"rendered":"https:\/\/www.billig-entruempelung.de\/entruempelung-augsburg\/?page_id=1439"},"modified":"2020-05-26T15:00:50","modified_gmt":"2020-05-26T13:00:50","slug":"containerdienst-augsburg","status":"publish","type":"page","link":"https:\/\/www.billig-entruempelung.de\/entruempelung-augsburg\/containerdienst-augsburg\/","title":{"rendered":"Containerdienst Augsburg"},"content":{"rendered":"<div class=\"wpb-content-wrapper\"><p>[vc_row][vc_column][vc_column_text]<\/p>\n<h1>Containerdienst Augsburg &#8211; schnell &amp; diskret<\/h1>\n<figure id=\"attachment_1441\" aria-describedby=\"caption-attachment-1441\" style=\"width: 300px\" class=\"wp-caption alignright\"><img loading=\"lazy\" decoding=\"async\" class=\"size-medium wp-image-1441\" src=\"https:\/\/www.billig-entruempelung.de\/entruempelung-augsburg\/wp-content\/uploads\/2020\/02\/containerdienst-augsburg-300x200.jpg\" alt=\"Containerdienst Augsburg\" width=\"300\" height=\"200\" srcset=\"https:\/\/www.billig-entruempelung.de\/entruempelung-augsburg\/wp-content\/uploads\/2020\/02\/containerdienst-augsburg-300x200.jpg 300w, https:\/\/www.billig-entruempelung.de\/entruempelung-augsburg\/wp-content\/uploads\/2020\/02\/containerdienst-augsburg-768x512.jpg 768w, https:\/\/www.billig-entruempelung.de\/entruempelung-augsburg\/wp-content\/uploads\/2020\/02\/containerdienst-augsburg-1024x683.jpg 1024w, https:\/\/www.billig-entruempelung.de\/entruempelung-augsburg\/wp-content\/uploads\/2020\/02\/containerdienst-augsburg.jpg 1200w\" sizes=\"auto, (max-width: 300px) 100vw, 300px\" \/><figcaption id=\"caption-attachment-1441\" class=\"wp-caption-text\">Containerdienst Augsburg<\/figcaption><\/figure>\n<p>Ben\u00f6tigen Sie f\u00fcr kleine oder gro\u00dfe Abfallmengen einen Container? Abf\u00e4lle entsorgen und das Mieten eines Containers in Augsburg wird Ihnen so leicht gemacht wie nie zuvor. Unsere Kunden haben die M\u00f6glichkeit Ihre R\u00e4umung durch Containerdienst ganz gem\u00fctlich zu bestellen oder den Abfallcontainer zum Festpreis direkt <a href=\"https:\/\/www.billig-entruempelung.de\/entruempelung-augsburg\/anfrageformular\/\">online buchen<\/a>. Wir bieten verschiedenste Containerdienste zu allen Abfallarten an.<\/p>\n<p>Der Containerdienst Augsburg garantiert Ihnen eine bedarfsgerechte Entsorgungsl\u00f6sung zum kleinen Preis.\u00a0Damit stehen wir Ihnen bei allen Abfallentsorgungsw\u00fcnschen zur Verf\u00fcgung. Unabh\u00e4ngig davon, ob Sie eine Entr\u00fcmplung der eigenen vier W\u00e4nde planen, einen Umzug ins Auge fassen oder andere Herausforderungen bew\u00e4ltigen m\u00fcssen.[\/vc_column_text][\/vc_column][\/vc_row][vc_row][vc_column][vc_separator][\/vc_column][\/vc_row][vc_row][vc_column][vc_column_text]<\/p>\n<h2>Containerdienst Augsburg &#8211; wir machen es einfach<\/h2>\n<p>M\u00fcll, den Sie mithilfe des Containerdienstes entsorgen k\u00f6nnen sind:<\/p>\n<ul>\n<li>Baumischabfall<\/li>\n<li>Sperrm\u00fcll<\/li>\n<li>Erdaushub-Mutterboden<\/li>\n<li>Papier und Pappe<\/li>\n<\/ul>\n<p>Nat\u00fcrlich bietet unser umfassender Containerdienst auch die M\u00f6glichkeit der M\u00fcllentsorgung von z.B. Baumst\u00e4mme, Gips Rigips, Altholz, Gr\u00fcnabfall und so weiter. Alles was der Kunde nicht mehr ben\u00f6tigt, kann man hiermit entsorgt werden. Sollte man die Abf\u00e4lle mischen m\u00fcssen, wird Ihnen ein Container f\u00fcr Mischabf\u00e4lle bereitgestellt. Die Kosten hierf\u00fcr sind wegen anschlie\u00dfender Trennung des M\u00fclls etwas h\u00f6her.[\/vc_column_text][\/vc_column][\/vc_row][vc_row][vc_column][vc_separator][\/vc_column][\/vc_row][vc_row][vc_column][vc_column_text]<\/p>\n<h3>Was kostet ein Abfallcontainer in Augsburg?<\/h3>\n<p>Die Miete eines Containers in Augsburg h\u00e4ngt immer von der Abfallart ab. Ebenfalls wird der Containerpreis immer an der Menge des zu entsorgenden Abfalls festgelegt, weshalb ein genauer Festpreis oft gar nicht feststellbar ist.<\/p>\n<p>Au\u00dferdem sind die Kosten f\u00fcr den Abfallcontainer von der Standdauer und der Stellm\u00f6glichkeit abh\u00e4ngig.[\/vc_column_text][\/vc_column][\/vc_row][vc_row][vc_column][vc_separator][\/vc_column][\/vc_row][vc_row][vc_column][vc_column_text]<\/p>\n<h3>Sie haben noch Fragen?<\/h3>\n<p>Wir haben langj\u00e4hrige Erfahrung mit Entr\u00fcmpelungen und k\u00f6nnen Ihnen gewiss eine kosteng\u00fcnstige und schnelle L\u00f6sungen anbieten.<\/p>\n<p>Bei Fragen wenden Sie sich\u00a0<strong>jetzt<\/strong>\u00a0telefonisch an uns oder nehmen Sie \u00fcber das\u00a0<a href=\"https:\/\/www.billig-entruempelung.de\/entruempelung-augsburg\/kontakt\/\">Kontaktformular<\/a>\u00a0mit uns Kontakt auf, um einen \u00dcberblick der\u00a0<strong>aktuellen<\/strong>\u00a0Angebote zu erhalten.<\/p>\n<p><strong>Billig Entr\u00fcmpler Augsburg<\/strong><\/p>\n<p>Steinsdorfstr. 21<br \/>\n80538 M\u00fcnchen<\/p>\n<p>Tel. <strong>0178 65 71 706<br \/>\n<\/strong>Gerne auch per Whatsapp<\/p>\n<p>Hier noch ein paar mehr Informationen zu den verschiedenen <a href=\"https:\/\/www.persoenlichkeits-blog.de\/article\/22796\/warum-wir-uns-so-schwer-von-ueberfluessigem-kram-trennen-koennen\">Gr\u00fcnden vom Behalten<\/a> der verschiedensten Dinge.[\/vc_column_text][\/vc_column][\/vc_row]<\/p>\n<\/div>","protected":false},"excerpt":{"rendered":"<p>[vc_row][vc_column][vc_column_text] Containerdienst Augsburg &#8211; schnell &amp; diskret Ben\u00f6tigen Sie f\u00fcr kleine oder gro\u00dfe Abfallmengen einen Container? Abf\u00e4lle entsorgen und das Mieten eines Containers in Augsburg&hellip;<\/p>\n","protected":false},"author":1,"featured_media":1441,"parent":0,"menu_order":0,"comment_status":"closed","ping_status":"closed","template":"","meta":{"footnotes":""},"class_list":["post-1439","page","type-page","status-publish","has-post-thumbnail","hentry"],"yoast_head":"<!-- This site is optimized with the Yoast SEO plugin v26.3 - https:\/\/yoast.com\/wordpress\/plugins\/seo\/ -->\n<title>Containerdienst Augsburg - Entsorgung ganz einfach<\/title>\n<meta name=\"description\" content=\"Abf\u00e4lle entsorgen wird Ihnen so leicht gemacht wie nie zuvor. Durch den Containerdienst Augsburg von Billig Entr\u00fcmpler macht sogar das Entsorgen spa\u00df!\" \/>\n<meta name=\"robots\" content=\"index, follow, max-snippet:-1, max-image-preview:large, max-video-preview:-1\" \/>\n<link rel=\"canonical\" href=\"https:\/\/www.billig-entruempelung.de\/entruempelung-augsburg\/containerdienst-augsburg\/\" \/>\n<meta property=\"og:locale\" content=\"de_DE\" \/>\n<meta property=\"og:type\" content=\"article\" \/>\n<meta property=\"og:title\" content=\"Containerdienst Augsburg - Entsorgung ganz einfach\" \/>\n<meta property=\"og:description\" content=\"Abf\u00e4lle entsorgen wird Ihnen so leicht gemacht wie nie zuvor. Durch den Containerdienst Augsburg von Billig Entr\u00fcmpler macht sogar das Entsorgen spa\u00df!\" \/>\n<meta property=\"og:url\" content=\"https:\/\/www.billig-entruempelung.de\/entruempelung-augsburg\/containerdienst-augsburg\/\" \/>\n<meta property=\"og:site_name\" content=\"Entr\u00fcmpelung Augsburg\" \/>\n<meta property=\"article:modified_time\" content=\"2020-05-26T13:00:50+00:00\" \/>\n<meta property=\"og:image\" content=\"https:\/\/www.billig-entruempelung.de\/entruempelung-augsburg\/wp-content\/uploads\/2020\/02\/containerdienst-augsburg.jpg\" \/>\n\t<meta property=\"og:image:width\" content=\"1200\" \/>\n\t<meta property=\"og:image:height\" content=\"800\" \/>\n\t<meta property=\"og:image:type\" content=\"image\/jpeg\" \/>\n<meta name=\"twitter:card\" content=\"summary_large_image\" \/>\n<meta name=\"twitter:label1\" content=\"Gesch\u00e4tzte Lesezeit\" \/>\n\t<meta name=\"twitter:data1\" content=\"2\u00a0Minuten\" \/>\n<script type=\"application\/ld+json\" class=\"yoast-schema-graph\">{\"@context\":\"https:\/\/schema.org\",\"@graph\":[{\"@type\":\"WebPage\",\"@id\":\"https:\/\/www.billig-entruempelung.de\/entruempelung-augsburg\/containerdienst-augsburg\/\",\"url\":\"https:\/\/www.billig-entruempelung.de\/entruempelung-augsburg\/containerdienst-augsburg\/\",\"name\":\"Containerdienst Augsburg - Entsorgung ganz einfach\",\"isPartOf\":{\"@id\":\"https:\/\/www.billig-entruempelung.de\/entruempelung-augsburg\/#website\"},\"primaryImageOfPage\":{\"@id\":\"https:\/\/www.billig-entruempelung.de\/entruempelung-augsburg\/containerdienst-augsburg\/#primaryimage\"},\"image\":{\"@id\":\"https:\/\/www.billig-entruempelung.de\/entruempelung-augsburg\/containerdienst-augsburg\/#primaryimage\"},\"thumbnailUrl\":\"https:\/\/www.billig-entruempelung.de\/entruempelung-augsburg\/wp-content\/uploads\/2020\/02\/containerdienst-augsburg.jpg\",\"datePublished\":\"2020-02-27T12:52:57+00:00\",\"dateModified\":\"2020-05-26T13:00:50+00:00\",\"description\":\"Abf\u00e4lle entsorgen wird Ihnen so leicht gemacht wie nie zuvor. Durch den Containerdienst Augsburg von Billig Entr\u00fcmpler macht sogar das Entsorgen spa\u00df!\",\"breadcrumb\":{\"@id\":\"https:\/\/www.billig-entruempelung.de\/entruempelung-augsburg\/containerdienst-augsburg\/#breadcrumb\"},\"inLanguage\":\"de\",\"potentialAction\":[{\"@type\":\"ReadAction\",\"target\":[\"https:\/\/www.billig-entruempelung.de\/entruempelung-augsburg\/containerdienst-augsburg\/\"]}]},{\"@type\":\"ImageObject\",\"inLanguage\":\"de\",\"@id\":\"https:\/\/www.billig-entruempelung.de\/entruempelung-augsburg\/containerdienst-augsburg\/#primaryimage\",\"url\":\"https:\/\/www.billig-entruempelung.de\/entruempelung-augsburg\/wp-content\/uploads\/2020\/02\/containerdienst-augsburg.jpg\",\"contentUrl\":\"https:\/\/www.billig-entruempelung.de\/entruempelung-augsburg\/wp-content\/uploads\/2020\/02\/containerdienst-augsburg.jpg\",\"width\":1200,\"height\":800,\"caption\":\"Containerdienst Augsburg\"},{\"@type\":\"BreadcrumbList\",\"@id\":\"https:\/\/www.billig-entruempelung.de\/entruempelung-augsburg\/containerdienst-augsburg\/#breadcrumb\",\"itemListElement\":[{\"@type\":\"ListItem\",\"position\":1,\"name\":\"Startseite\",\"item\":\"https:\/\/www.billig-entruempelung.de\/entruempelung-augsburg\/\"},{\"@type\":\"ListItem\",\"position\":2,\"name\":\"Containerdienst Augsburg\"}]},{\"@type\":\"WebSite\",\"@id\":\"https:\/\/www.billig-entruempelung.de\/entruempelung-augsburg\/#website\",\"url\":\"https:\/\/www.billig-entruempelung.de\/entruempelung-augsburg\/\",\"name\":\"Entr\u00fcmpelung Augsburg\",\"description\":\"G\u00fcnstige Entr\u00fcmpelung und Entsorgung in Augsburg\",\"publisher\":{\"@id\":\"https:\/\/www.billig-entruempelung.de\/entruempelung-augsburg\/#organization\"},\"potentialAction\":[{\"@type\":\"SearchAction\",\"target\":{\"@type\":\"EntryPoint\",\"urlTemplate\":\"https:\/\/www.billig-entruempelung.de\/entruempelung-augsburg\/?s={search_term_string}\"},\"query-input\":{\"@type\":\"PropertyValueSpecification\",\"valueRequired\":true,\"valueName\":\"search_term_string\"}}],\"inLanguage\":\"de\"},{\"@type\":\"Organization\",\"@id\":\"https:\/\/www.billig-entruempelung.de\/entruempelung-augsburg\/#organization\",\"name\":\"Entr\u00fcmpelung Augsburg\",\"url\":\"https:\/\/www.billig-entruempelung.de\/entruempelung-augsburg\/\",\"logo\":{\"@type\":\"ImageObject\",\"inLanguage\":\"de\",\"@id\":\"https:\/\/www.billig-entruempelung.de\/entruempelung-augsburg\/#\/schema\/logo\/image\/\",\"url\":\"https:\/\/www.billig-entruempelung.de\/entruempelung-augsburg\/wp-content\/uploads\/2018\/07\/entruempelung-muenchen.png\",\"contentUrl\":\"https:\/\/www.billig-entruempelung.de\/entruempelung-augsburg\/wp-content\/uploads\/2018\/07\/entruempelung-muenchen.png\",\"width\":450,\"height\":71,\"caption\":\"Entr\u00fcmpelung Augsburg\"},\"image\":{\"@id\":\"https:\/\/www.billig-entruempelung.de\/entruempelung-augsburg\/#\/schema\/logo\/image\/\"}}]}<\/script>\n<!-- \/ Yoast SEO plugin. -->","yoast_head_json":{"title":"Containerdienst Augsburg - Entsorgung ganz einfach","description":"Abf\u00e4lle entsorgen wird Ihnen so leicht gemacht wie nie zuvor. Durch den Containerdienst Augsburg von Billig Entr\u00fcmpler macht sogar das Entsorgen spa\u00df!","robots":{"index":"index","follow":"follow","max-snippet":"max-snippet:-1","max-image-preview":"max-image-preview:large","max-video-preview":"max-video-preview:-1"},"canonical":"https:\/\/www.billig-entruempelung.de\/entruempelung-augsburg\/containerdienst-augsburg\/","og_locale":"de_DE","og_type":"article","og_title":"Containerdienst Augsburg - Entsorgung ganz einfach","og_description":"Abf\u00e4lle entsorgen wird Ihnen so leicht gemacht wie nie zuvor. Durch den Containerdienst Augsburg von Billig Entr\u00fcmpler macht sogar das Entsorgen spa\u00df!","og_url":"https:\/\/www.billig-entruempelung.de\/entruempelung-augsburg\/containerdienst-augsburg\/","og_site_name":"Entr\u00fcmpelung Augsburg","article_modified_time":"2020-05-26T13:00:50+00:00","og_image":[{"width":1200,"height":800,"url":"https:\/\/www.billig-entruempelung.de\/entruempelung-augsburg\/wp-content\/uploads\/2020\/02\/containerdienst-augsburg.jpg","type":"image\/jpeg"}],"twitter_card":"summary_large_image","twitter_misc":{"Gesch\u00e4tzte Lesezeit":"2\u00a0Minuten"},"schema":{"@context":"https:\/\/schema.org","@graph":[{"@type":"WebPage","@id":"https:\/\/www.billig-entruempelung.de\/entruempelung-augsburg\/containerdienst-augsburg\/","url":"https:\/\/www.billig-entruempelung.de\/entruempelung-augsburg\/containerdienst-augsburg\/","name":"Containerdienst Augsburg - Entsorgung ganz einfach","isPartOf":{"@id":"https:\/\/www.billig-entruempelung.de\/entruempelung-augsburg\/#website"},"primaryImageOfPage":{"@id":"https:\/\/www.billig-entruempelung.de\/entruempelung-augsburg\/containerdienst-augsburg\/#primaryimage"},"image":{"@id":"https:\/\/www.billig-entruempelung.de\/entruempelung-augsburg\/containerdienst-augsburg\/#primaryimage"},"thumbnailUrl":"https:\/\/www.billig-entruempelung.de\/entruempelung-augsburg\/wp-content\/uploads\/2020\/02\/containerdienst-augsburg.jpg","datePublished":"2020-02-27T12:52:57+00:00","dateModified":"2020-05-26T13:00:50+00:00","description":"Abf\u00e4lle entsorgen wird Ihnen so leicht gemacht wie nie zuvor. Durch den Containerdienst Augsburg von Billig Entr\u00fcmpler macht sogar das Entsorgen spa\u00df!","breadcrumb":{"@id":"https:\/\/www.billig-entruempelung.de\/entruempelung-augsburg\/containerdienst-augsburg\/#breadcrumb"},"inLanguage":"de","potentialAction":[{"@type":"ReadAction","target":["https:\/\/www.billig-entruempelung.de\/entruempelung-augsburg\/containerdienst-augsburg\/"]}]},{"@type":"ImageObject","inLanguage":"de","@id":"https:\/\/www.billig-entruempelung.de\/entruempelung-augsburg\/containerdienst-augsburg\/#primaryimage","url":"https:\/\/www.billig-entruempelung.de\/entruempelung-augsburg\/wp-content\/uploads\/2020\/02\/containerdienst-augsburg.jpg","contentUrl":"https:\/\/www.billig-entruempelung.de\/entruempelung-augsburg\/wp-content\/uploads\/2020\/02\/containerdienst-augsburg.jpg","width":1200,"height":800,"caption":"Containerdienst Augsburg"},{"@type":"BreadcrumbList","@id":"https:\/\/www.billig-entruempelung.de\/entruempelung-augsburg\/containerdienst-augsburg\/#breadcrumb","itemListElement":[{"@type":"ListItem","position":1,"name":"Startseite","item":"https:\/\/www.billig-entruempelung.de\/entruempelung-augsburg\/"},{"@type":"ListItem","position":2,"name":"Containerdienst Augsburg"}]},{"@type":"WebSite","@id":"https:\/\/www.billig-entruempelung.de\/entruempelung-augsburg\/#website","url":"https:\/\/www.billig-entruempelung.de\/entruempelung-augsburg\/","name":"Entr\u00fcmpelung Augsburg","description":"G\u00fcnstige Entr\u00fcmpelung und Entsorgung in Augsburg","publisher":{"@id":"https:\/\/www.billig-entruempelung.de\/entruempelung-augsburg\/#organization"},"potentialAction":[{"@type":"SearchAction","target":{"@type":"EntryPoint","urlTemplate":"https:\/\/www.billig-entruempelung.de\/entruempelung-augsburg\/?s={search_term_string}"},"query-input":{"@type":"PropertyValueSpecification","valueRequired":true,"valueName":"search_term_string"}}],"inLanguage":"de"},{"@type":"Organization","@id":"https:\/\/www.billig-entruempelung.de\/entruempelung-augsburg\/#organization","name":"Entr\u00fcmpelung Augsburg","url":"https:\/\/www.billig-entruempelung.de\/entruempelung-augsburg\/","logo":{"@type":"ImageObject","inLanguage":"de","@id":"https:\/\/www.billig-entruempelung.de\/entruempelung-augsburg\/#\/schema\/logo\/image\/","url":"https:\/\/www.billig-entruempelung.de\/entruempelung-augsburg\/wp-content\/uploads\/2018\/07\/entruempelung-muenchen.png","contentUrl":"https:\/\/www.billig-entruempelung.de\/entruempelung-augsburg\/wp-content\/uploads\/2018\/07\/entruempelung-muenchen.png","width":450,"height":71,"caption":"Entr\u00fcmpelung Augsburg"},"image":{"@id":"https:\/\/www.billig-entruempelung.de\/entruempelung-augsburg\/#\/schema\/logo\/image\/"}}]}},"rttpg_featured_image_url":{"full":["https:\/\/www.billig-entruempelung.de\/entruempelung-augsburg\/wp-content\/uploads\/2020\/02\/containerdienst-augsburg.jpg",1200,800,false],"landscape":["https:\/\/www.billig-entruempelung.de\/entruempelung-augsburg\/wp-content\/uploads\/2020\/02\/containerdienst-augsburg.jpg",1200,800,false],"portraits":["https:\/\/www.billig-entruempelung.de\/entruempelung-augsburg\/wp-content\/uploads\/2020\/02\/containerdienst-augsburg.jpg",1200,800,false],"thumbnail":["https:\/\/www.billig-entruempelung.de\/entruempelung-augsburg\/wp-content\/uploads\/2020\/02\/containerdienst-augsburg-150x150.jpg",150,150,true],"medium":["https:\/\/www.billig-entruempelung.de\/entruempelung-augsburg\/wp-content\/uploads\/2020\/02\/containerdienst-augsburg-300x200.jpg",300,200,true],"large":["https:\/\/www.billig-entruempelung.de\/entruempelung-augsburg\/wp-content\/uploads\/2020\/02\/containerdienst-augsburg-1024x683.jpg",843,562,true],"1536x1536":["https:\/\/www.billig-entruempelung.de\/entruempelung-augsburg\/wp-content\/uploads\/2020\/02\/containerdienst-augsburg.jpg",1200,800,false],"2048x2048":["https:\/\/www.billig-entruempelung.de\/entruempelung-augsburg\/wp-content\/uploads\/2020\/02\/containerdienst-augsburg.jpg",1200,800,false]},"rttpg_author":{"display_name":"admin","author_link":"https:\/\/www.billig-entruempelung.de\/entruempelung-augsburg\/author\/admin\/"},"rttpg_comment":0,"rttpg_category":null,"rttpg_excerpt":"[vc_row][vc_column][vc_column_text] Containerdienst Augsburg &#8211; schnell &amp; diskret Ben\u00f6tigen Sie f\u00fcr kleine oder gro\u00dfe Abfallmengen einen Container? Abf\u00e4lle entsorgen und das Mieten eines Containers in Augsburg&hellip;","_links":{"self":[{"href":"https:\/\/www.billig-entruempelung.de\/entruempelung-augsburg\/wp-json\/wp\/v2\/pages\/1439","targetHints":{"allow":["GET"]}}],"collection":[{"href":"https:\/\/www.billig-entruempelung.de\/entruempelung-augsburg\/wp-json\/wp\/v2\/pages"}],"about":[{"href":"https:\/\/www.billig-entruempelung.de\/entruempelung-augsburg\/wp-json\/wp\/v2\/types\/page"}],"author":[{"embeddable":true,"href":"https:\/\/www.billig-entruempelung.de\/entruempelung-augsburg\/wp-json\/wp\/v2\/users\/1"}],"replies":[{"embeddable":true,"href":"https:\/\/www.billig-entruempelung.de\/entruempelung-augsburg\/wp-json\/wp\/v2\/comments?post=1439"}],"version-history":[{"count":5,"href":"https:\/\/www.billig-entruempelung.de\/entruempelung-augsburg\/wp-json\/wp\/v2\/pages\/1439\/revisions"}],"predecessor-version":[{"id":1488,"href":"https:\/\/www.billig-entruempelung.de\/entruempelung-augsburg\/wp-json\/wp\/v2\/pages\/1439\/revisions\/1488"}],"wp:featuredmedia":[{"embeddable":true,"href":"https:\/\/www.billig-entruempelung.de\/entruempelung-augsburg\/wp-json\/wp\/v2\/media\/1441"}],"wp:attachment":[{"href":"https:\/\/www.billig-entruempelung.de\/entruempelung-augsburg\/wp-json\/wp\/v2\/media?parent=1439"}],"curies":[{"name":"wp","href":"https:\/\/api.w.org\/{rel}","templated":true}]}}