{"id":1156,"date":"2019-09-11T11:23:43","date_gmt":"2019-09-11T09:23:43","guid":{"rendered":"https:\/\/www.billig-entruempelung.de\/?page_id=1156"},"modified":"2020-04-24T11:00:50","modified_gmt":"2020-04-24T09:00:50","slug":"entruempeln-bringt-lebensfreude","status":"publish","type":"page","link":"https:\/\/www.billig-entruempelung.de\/entruempelung-augsburg\/entruempeln-bringt-lebensfreude\/","title":{"rendered":"Entr\u00fcmpeln bringt Lebensfreude"},"content":{"rendered":"<div class=\"wpb-content-wrapper\"><p>[vc_row][vc_column width=&#8220;2\/3&#8243;][vc_column_text]<\/p>\n<div>\n<h2>Mehr Lebensfreude durch Entr\u00fcmpeln<\/h2>\n<p>Dank der Netflix Serie &#8222;<a href=\"https:\/\/www.netflix.com\/de\/title\/80209379\">Aufr\u00e4umen mit Marie Kondo<\/a>&#8220; geht eine Welle der Sauberkeit durch Deutschland. Mit inspirierenden Entr\u00fcmpelungsaktionen hilft die weltber\u00fchmte Aufr\u00e4umexpertin vielen bei der Beseitigung von Altlasten und schafft Raum f\u00fcr mehr Lebensfreude. Marie sagt, man solle sein Leben entr\u00fcmpeln und die Dinge die einem keine Freude bereiten loswerden.<\/p>\n<\/div>\n<p>Das ist Leichter gesagt als getan, denn wohin mit all den Dingen die einem die Luft zum Atmen nehmen? Aber keine Sorge mehr, denn wir sind f\u00fcr Sie da! Schicken Sie uns mit dem <a href=\"https:\/\/www.billig-entruempelung.de\/entruempelung-augsburg\/anfrageformular\/\">Kontaktformular<\/a> einige Fotos von der zu entr\u00fcmpelnden Wohnung oder Firma zu und wir k\u00f6nnen auch die Besichtigung vor Ort sparen und Sie k\u00f6nnen auch so die Kosten minimieren.[\/vc_column_text][\/vc_column][vc_column width=&#8220;1\/3&#8243; css=&#8220;.vc_custom_1568821520720{margin-top: 20px !important;}&#8220;][vc_column_text]<\/p>\n<figure id=\"attachment_592\" aria-describedby=\"caption-attachment-592\" style=\"width: 300px\" class=\"wp-caption alignnone\"><img loading=\"lazy\" decoding=\"async\" class=\"size-medium wp-image-592\" src=\"https:\/\/www.billig-entruempelung.de\/entruempelung-augsburg\/wp-content\/uploads\/2018\/11\/WhatsApp-Image-2018-11-07-at-16.52.37-2-300x225.jpeg\" alt=\"Entr\u00fcmpeln\" width=\"300\" height=\"225\" srcset=\"https:\/\/www.billig-entruempelung.de\/entruempelung-augsburg\/wp-content\/uploads\/2018\/11\/WhatsApp-Image-2018-11-07-at-16.52.37-2-300x225.jpeg 300w, https:\/\/www.billig-entruempelung.de\/entruempelung-augsburg\/wp-content\/uploads\/2018\/11\/WhatsApp-Image-2018-11-07-at-16.52.37-2-768x576.jpeg 768w, https:\/\/www.billig-entruempelung.de\/entruempelung-augsburg\/wp-content\/uploads\/2018\/11\/WhatsApp-Image-2018-11-07-at-16.52.37-2.jpeg 1024w\" sizes=\"auto, (max-width: 300px) 100vw, 300px\" \/><figcaption id=\"caption-attachment-592\" class=\"wp-caption-text\">Entr\u00fcmpeln bringt Lebensfreude<\/figcaption><\/figure>\n<p>[\/vc_column_text][\/vc_column][\/vc_row][vc_row][vc_column][vc_empty_space][vc_separator][vc_empty_space][\/vc_column][\/vc_row][vc_row][vc_column][vc_column_text]<\/p>\n<h2>Entr\u00fcmpeln &#8211; was kommt weg?<\/h2>\n<p>Auf diese Frage gibt es eine eindeutige Antwort: Alles das Sie ungl\u00fccklich macht und belastet muss weg! All der unn\u00f6tige Ballast, der Ihnen ihre Lebensfreude nimmt und einfach im Weg steht darf weggeworfen werden. Was bleiben darf, ist all das, was Sie gl\u00fccklich macht. Gehen Sie dabei ganz nach dem Motto: Weniger ist mehr! Dadurch bringt das Entr\u00fcmpeln nicht nur Platz f\u00fcr neues, sondern schafft auch Raum und bringt damit ein besseres Gef\u00fchl in die eigenen vier W\u00e4nde.[\/vc_column_text][\/vc_column][\/vc_row][vc_row][vc_column][vc_empty_space][vc_separator][vc_empty_space][\/vc_column][\/vc_row][vc_row][vc_column][vc_column_text]<\/p>\n<h3>Sie haben noch Fragen?<\/h3>\n<p>Falls Sie noch Fragen haben oder mehr Information zum Thema <strong>Entr\u00fcmpelung in Augsburg <\/strong>ben\u00f6tigen, k\u00f6nnen Sie uns jeder Zeit telefonisch oder per E-Mail kontaktieren. Am besten nutzen Sie unser bereits vorgefertigtes <a href=\"https:\/\/www.billig-entruempelung.de\/entruempelung-augsburg\/kontakt\/\">Online-Formular<\/a> auf unsere Kontaktseite. Wir freuen uns auf Ihre Anfrage.<\/p>\n<p>&nbsp;<\/p>\n<p><strong>Billig Entr\u00fcmpler Augsburg<\/strong><\/p>\n<p>Steinsdorfstr. 21<br \/>\n80538 M\u00fcnchen<\/p>\n<p>Tel. <strong>0178 65 71 706<br \/>\n<\/strong>Gerne auch per Whatsapp<\/p>\n<p>E-Mail:\u00a0<a href=\"mailto:info@billig-entruempler.de\">info@billig-entruempler.de<\/a>[\/vc_column_text][\/vc_column][\/vc_row]<\/p>\n<\/div>","protected":false},"excerpt":{"rendered":"<p>[vc_row][vc_column width=&#8220;2\/3&#8243;][vc_column_text] Mehr Lebensfreude durch Entr\u00fcmpeln Dank der Netflix Serie &#8222;Aufr\u00e4umen mit Marie Kondo&#8220; geht eine Welle der Sauberkeit durch Deutschland. Mit inspirierenden Entr\u00fcmpelungsaktionen hilft&hellip;<\/p>\n","protected":false},"author":1,"featured_media":1163,"parent":0,"menu_order":0,"comment_status":"closed","ping_status":"closed","template":"","meta":{"footnotes":""},"class_list":["post-1156","page","type-page","status-publish","has-post-thumbnail","hentry"],"yoast_head":"<!-- This site is optimized with the Yoast SEO plugin v26.3 - https:\/\/yoast.com\/wordpress\/plugins\/seo\/ -->\n<title>Entr\u00fcmpeln bringt Lebensfreude - Billig Entr\u00fcmpler<\/title>\n<meta name=\"description\" content=\"Das Entr\u00fcmpeln kann Ihnen Lebensfreude bringen. Wir unterst\u00fctzen Sie Ihre Wohnung so schnell wie m\u00f6glich zu entr\u00fcmpeln und nehmen Ihnen die Arbeit ab.\" \/>\n<meta name=\"robots\" content=\"index, follow, max-snippet:-1, max-image-preview:large, max-video-preview:-1\" \/>\n<link rel=\"canonical\" href=\"https:\/\/www.billig-entruempelung.de\/entruempelung-augsburg\/entruempeln-bringt-lebensfreude\/\" \/>\n<meta property=\"og:locale\" content=\"de_DE\" \/>\n<meta property=\"og:type\" content=\"article\" \/>\n<meta property=\"og:title\" content=\"Entr\u00fcmpeln bringt Lebensfreude - Billig Entr\u00fcmpler\" \/>\n<meta property=\"og:description\" content=\"Das Entr\u00fcmpeln kann Ihnen Lebensfreude bringen. Wir unterst\u00fctzen Sie Ihre Wohnung so schnell wie m\u00f6glich zu entr\u00fcmpeln und nehmen Ihnen die Arbeit ab.\" \/>\n<meta property=\"og:url\" content=\"https:\/\/www.billig-entruempelung.de\/entruempelung-augsburg\/entruempeln-bringt-lebensfreude\/\" \/>\n<meta property=\"og:site_name\" content=\"Entr\u00fcmpelung Augsburg\" \/>\n<meta property=\"article:modified_time\" content=\"2020-04-24T09:00:50+00:00\" \/>\n<meta property=\"og:image\" content=\"https:\/\/www.billig-entruempelung.de\/entruempelung-augsburg\/wp-content\/uploads\/2019\/09\/alesia-kazantceva-362296-unsplash.jpg\" \/>\n\t<meta property=\"og:image:width\" content=\"3648\" \/>\n\t<meta property=\"og:image:height\" content=\"5472\" \/>\n\t<meta property=\"og:image:type\" content=\"image\/jpeg\" \/>\n<meta name=\"twitter:card\" content=\"summary_large_image\" \/>\n<meta name=\"twitter:label1\" content=\"Gesch\u00e4tzte Lesezeit\" \/>\n\t<meta name=\"twitter:data1\" content=\"2\u00a0Minuten\" \/>\n<script type=\"application\/ld+json\" class=\"yoast-schema-graph\">{\"@context\":\"https:\/\/schema.org\",\"@graph\":[{\"@type\":\"WebPage\",\"@id\":\"https:\/\/www.billig-entruempelung.de\/entruempelung-augsburg\/entruempeln-bringt-lebensfreude\/\",\"url\":\"https:\/\/www.billig-entruempelung.de\/entruempelung-augsburg\/entruempeln-bringt-lebensfreude\/\",\"name\":\"Entr\u00fcmpeln bringt Lebensfreude - Billig Entr\u00fcmpler\",\"isPartOf\":{\"@id\":\"https:\/\/www.billig-entruempelung.de\/entruempelung-augsburg\/#website\"},\"primaryImageOfPage\":{\"@id\":\"https:\/\/www.billig-entruempelung.de\/entruempelung-augsburg\/entruempeln-bringt-lebensfreude\/#primaryimage\"},\"image\":{\"@id\":\"https:\/\/www.billig-entruempelung.de\/entruempelung-augsburg\/entruempeln-bringt-lebensfreude\/#primaryimage\"},\"thumbnailUrl\":\"https:\/\/www.billig-entruempelung.de\/entruempelung-augsburg\/wp-content\/uploads\/2019\/09\/alesia-kazantceva-362296-unsplash.jpg\",\"datePublished\":\"2019-09-11T09:23:43+00:00\",\"dateModified\":\"2020-04-24T09:00:50+00:00\",\"description\":\"Das Entr\u00fcmpeln kann Ihnen Lebensfreude bringen. Wir unterst\u00fctzen Sie Ihre Wohnung so schnell wie m\u00f6glich zu entr\u00fcmpeln und nehmen Ihnen die Arbeit ab.\",\"breadcrumb\":{\"@id\":\"https:\/\/www.billig-entruempelung.de\/entruempelung-augsburg\/entruempeln-bringt-lebensfreude\/#breadcrumb\"},\"inLanguage\":\"de\",\"potentialAction\":[{\"@type\":\"ReadAction\",\"target\":[\"https:\/\/www.billig-entruempelung.de\/entruempelung-augsburg\/entruempeln-bringt-lebensfreude\/\"]}]},{\"@type\":\"ImageObject\",\"inLanguage\":\"de\",\"@id\":\"https:\/\/www.billig-entruempelung.de\/entruempelung-augsburg\/entruempeln-bringt-lebensfreude\/#primaryimage\",\"url\":\"https:\/\/www.billig-entruempelung.de\/entruempelung-augsburg\/wp-content\/uploads\/2019\/09\/alesia-kazantceva-362296-unsplash.jpg\",\"contentUrl\":\"https:\/\/www.billig-entruempelung.de\/entruempelung-augsburg\/wp-content\/uploads\/2019\/09\/alesia-kazantceva-362296-unsplash.jpg\",\"width\":3648,\"height\":5472,\"caption\":\"Raum mit Fahrrad\"},{\"@type\":\"BreadcrumbList\",\"@id\":\"https:\/\/www.billig-entruempelung.de\/entruempelung-augsburg\/entruempeln-bringt-lebensfreude\/#breadcrumb\",\"itemListElement\":[{\"@type\":\"ListItem\",\"position\":1,\"name\":\"Startseite\",\"item\":\"https:\/\/www.billig-entruempelung.de\/entruempelung-augsburg\/\"},{\"@type\":\"ListItem\",\"position\":2,\"name\":\"Entr\u00fcmpeln bringt Lebensfreude\"}]},{\"@type\":\"WebSite\",\"@id\":\"https:\/\/www.billig-entruempelung.de\/entruempelung-augsburg\/#website\",\"url\":\"https:\/\/www.billig-entruempelung.de\/entruempelung-augsburg\/\",\"name\":\"Entr\u00fcmpelung Augsburg\",\"description\":\"G\u00fcnstige Entr\u00fcmpelung und Entsorgung in Augsburg\",\"publisher\":{\"@id\":\"https:\/\/www.billig-entruempelung.de\/entruempelung-augsburg\/#organization\"},\"potentialAction\":[{\"@type\":\"SearchAction\",\"target\":{\"@type\":\"EntryPoint\",\"urlTemplate\":\"https:\/\/www.billig-entruempelung.de\/entruempelung-augsburg\/?s={search_term_string}\"},\"query-input\":{\"@type\":\"PropertyValueSpecification\",\"valueRequired\":true,\"valueName\":\"search_term_string\"}}],\"inLanguage\":\"de\"},{\"@type\":\"Organization\",\"@id\":\"https:\/\/www.billig-entruempelung.de\/entruempelung-augsburg\/#organization\",\"name\":\"Entr\u00fcmpelung Augsburg\",\"url\":\"https:\/\/www.billig-entruempelung.de\/entruempelung-augsburg\/\",\"logo\":{\"@type\":\"ImageObject\",\"inLanguage\":\"de\",\"@id\":\"https:\/\/www.billig-entruempelung.de\/entruempelung-augsburg\/#\/schema\/logo\/image\/\",\"url\":\"https:\/\/www.billig-entruempelung.de\/entruempelung-augsburg\/wp-content\/uploads\/2018\/07\/entruempelung-muenchen.png\",\"contentUrl\":\"https:\/\/www.billig-entruempelung.de\/entruempelung-augsburg\/wp-content\/uploads\/2018\/07\/entruempelung-muenchen.png\",\"width\":450,\"height\":71,\"caption\":\"Entr\u00fcmpelung Augsburg\"},\"image\":{\"@id\":\"https:\/\/www.billig-entruempelung.de\/entruempelung-augsburg\/#\/schema\/logo\/image\/\"}}]}<\/script>\n<!-- \/ Yoast SEO plugin. -->","yoast_head_json":{"title":"Entr\u00fcmpeln bringt Lebensfreude - Billig Entr\u00fcmpler","description":"Das Entr\u00fcmpeln kann Ihnen Lebensfreude bringen. Wir unterst\u00fctzen Sie Ihre Wohnung so schnell wie m\u00f6glich zu entr\u00fcmpeln und nehmen Ihnen die Arbeit ab.","robots":{"index":"index","follow":"follow","max-snippet":"max-snippet:-1","max-image-preview":"max-image-preview:large","max-video-preview":"max-video-preview:-1"},"canonical":"https:\/\/www.billig-entruempelung.de\/entruempelung-augsburg\/entruempeln-bringt-lebensfreude\/","og_locale":"de_DE","og_type":"article","og_title":"Entr\u00fcmpeln bringt Lebensfreude - Billig Entr\u00fcmpler","og_description":"Das Entr\u00fcmpeln kann Ihnen Lebensfreude bringen. Wir unterst\u00fctzen Sie Ihre Wohnung so schnell wie m\u00f6glich zu entr\u00fcmpeln und nehmen Ihnen die Arbeit ab.","og_url":"https:\/\/www.billig-entruempelung.de\/entruempelung-augsburg\/entruempeln-bringt-lebensfreude\/","og_site_name":"Entr\u00fcmpelung Augsburg","article_modified_time":"2020-04-24T09:00:50+00:00","og_image":[{"width":3648,"height":5472,"url":"https:\/\/www.billig-entruempelung.de\/entruempelung-augsburg\/wp-content\/uploads\/2019\/09\/alesia-kazantceva-362296-unsplash.jpg","type":"image\/jpeg"}],"twitter_card":"summary_large_image","twitter_misc":{"Gesch\u00e4tzte Lesezeit":"2\u00a0Minuten"},"schema":{"@context":"https:\/\/schema.org","@graph":[{"@type":"WebPage","@id":"https:\/\/www.billig-entruempelung.de\/entruempelung-augsburg\/entruempeln-bringt-lebensfreude\/","url":"https:\/\/www.billig-entruempelung.de\/entruempelung-augsburg\/entruempeln-bringt-lebensfreude\/","name":"Entr\u00fcmpeln bringt Lebensfreude - Billig Entr\u00fcmpler","isPartOf":{"@id":"https:\/\/www.billig-entruempelung.de\/entruempelung-augsburg\/#website"},"primaryImageOfPage":{"@id":"https:\/\/www.billig-entruempelung.de\/entruempelung-augsburg\/entruempeln-bringt-lebensfreude\/#primaryimage"},"image":{"@id":"https:\/\/www.billig-entruempelung.de\/entruempelung-augsburg\/entruempeln-bringt-lebensfreude\/#primaryimage"},"thumbnailUrl":"https:\/\/www.billig-entruempelung.de\/entruempelung-augsburg\/wp-content\/uploads\/2019\/09\/alesia-kazantceva-362296-unsplash.jpg","datePublished":"2019-09-11T09:23:43+00:00","dateModified":"2020-04-24T09:00:50+00:00","description":"Das Entr\u00fcmpeln kann Ihnen Lebensfreude bringen. Wir unterst\u00fctzen Sie Ihre Wohnung so schnell wie m\u00f6glich zu entr\u00fcmpeln und nehmen Ihnen die Arbeit ab.","breadcrumb":{"@id":"https:\/\/www.billig-entruempelung.de\/entruempelung-augsburg\/entruempeln-bringt-lebensfreude\/#breadcrumb"},"inLanguage":"de","potentialAction":[{"@type":"ReadAction","target":["https:\/\/www.billig-entruempelung.de\/entruempelung-augsburg\/entruempeln-bringt-lebensfreude\/"]}]},{"@type":"ImageObject","inLanguage":"de","@id":"https:\/\/www.billig-entruempelung.de\/entruempelung-augsburg\/entruempeln-bringt-lebensfreude\/#primaryimage","url":"https:\/\/www.billig-entruempelung.de\/entruempelung-augsburg\/wp-content\/uploads\/2019\/09\/alesia-kazantceva-362296-unsplash.jpg","contentUrl":"https:\/\/www.billig-entruempelung.de\/entruempelung-augsburg\/wp-content\/uploads\/2019\/09\/alesia-kazantceva-362296-unsplash.jpg","width":3648,"height":5472,"caption":"Raum mit Fahrrad"},{"@type":"BreadcrumbList","@id":"https:\/\/www.billig-entruempelung.de\/entruempelung-augsburg\/entruempeln-bringt-lebensfreude\/#breadcrumb","itemListElement":[{"@type":"ListItem","position":1,"name":"Startseite","item":"https:\/\/www.billig-entruempelung.de\/entruempelung-augsburg\/"},{"@type":"ListItem","position":2,"name":"Entr\u00fcmpeln bringt Lebensfreude"}]},{"@type":"WebSite","@id":"https:\/\/www.billig-entruempelung.de\/entruempelung-augsburg\/#website","url":"https:\/\/www.billig-entruempelung.de\/entruempelung-augsburg\/","name":"Entr\u00fcmpelung Augsburg","description":"G\u00fcnstige Entr\u00fcmpelung und Entsorgung in Augsburg","publisher":{"@id":"https:\/\/www.billig-entruempelung.de\/entruempelung-augsburg\/#organization"},"potentialAction":[{"@type":"SearchAction","target":{"@type":"EntryPoint","urlTemplate":"https:\/\/www.billig-entruempelung.de\/entruempelung-augsburg\/?s={search_term_string}"},"query-input":{"@type":"PropertyValueSpecification","valueRequired":true,"valueName":"search_term_string"}}],"inLanguage":"de"},{"@type":"Organization","@id":"https:\/\/www.billig-entruempelung.de\/entruempelung-augsburg\/#organization","name":"Entr\u00fcmpelung Augsburg","url":"https:\/\/www.billig-entruempelung.de\/entruempelung-augsburg\/","logo":{"@type":"ImageObject","inLanguage":"de","@id":"https:\/\/www.billig-entruempelung.de\/entruempelung-augsburg\/#\/schema\/logo\/image\/","url":"https:\/\/www.billig-entruempelung.de\/entruempelung-augsburg\/wp-content\/uploads\/2018\/07\/entruempelung-muenchen.png","contentUrl":"https:\/\/www.billig-entruempelung.de\/entruempelung-augsburg\/wp-content\/uploads\/2018\/07\/entruempelung-muenchen.png","width":450,"height":71,"caption":"Entr\u00fcmpelung Augsburg"},"image":{"@id":"https:\/\/www.billig-entruempelung.de\/entruempelung-augsburg\/#\/schema\/logo\/image\/"}}]}},"rttpg_featured_image_url":{"full":["https:\/\/www.billig-entruempelung.de\/entruempelung-augsburg\/wp-content\/uploads\/2019\/09\/alesia-kazantceva-362296-unsplash.jpg",3648,5472,false],"landscape":["https:\/\/www.billig-entruempelung.de\/entruempelung-augsburg\/wp-content\/uploads\/2019\/09\/alesia-kazantceva-362296-unsplash.jpg",3648,5472,false],"portraits":["https:\/\/www.billig-entruempelung.de\/entruempelung-augsburg\/wp-content\/uploads\/2019\/09\/alesia-kazantceva-362296-unsplash.jpg",3648,5472,false],"thumbnail":["https:\/\/www.billig-entruempelung.de\/entruempelung-augsburg\/wp-content\/uploads\/2019\/09\/alesia-kazantceva-362296-unsplash-150x150.jpg",150,150,true],"medium":["https:\/\/www.billig-entruempelung.de\/entruempelung-augsburg\/wp-content\/uploads\/2019\/09\/alesia-kazantceva-362296-unsplash-200x300.jpg",200,300,true],"large":["https:\/\/www.billig-entruempelung.de\/entruempelung-augsburg\/wp-content\/uploads\/2019\/09\/alesia-kazantceva-362296-unsplash-683x1024.jpg",683,1024,true],"1536x1536":["https:\/\/www.billig-entruempelung.de\/entruempelung-augsburg\/wp-content\/uploads\/2019\/09\/alesia-kazantceva-362296-unsplash.jpg",1024,1536,false],"2048x2048":["https:\/\/www.billig-entruempelung.de\/entruempelung-augsburg\/wp-content\/uploads\/2019\/09\/alesia-kazantceva-362296-unsplash.jpg",1365,2048,false]},"rttpg_author":{"display_name":"admin","author_link":"https:\/\/www.billig-entruempelung.de\/entruempelung-augsburg\/author\/admin\/"},"rttpg_comment":0,"rttpg_category":null,"rttpg_excerpt":"[vc_row][vc_column width=&#8220;2\/3&#8243;][vc_column_text] Mehr Lebensfreude durch Entr\u00fcmpeln Dank der Netflix Serie &#8222;Aufr\u00e4umen mit Marie Kondo&#8220; geht eine Welle der Sauberkeit durch Deutschland. Mit inspirierenden Entr\u00fcmpelungsaktionen hilft&hellip;","_links":{"self":[{"href":"https:\/\/www.billig-entruempelung.de\/entruempelung-augsburg\/wp-json\/wp\/v2\/pages\/1156","targetHints":{"allow":["GET"]}}],"collection":[{"href":"https:\/\/www.billig-entruempelung.de\/entruempelung-augsburg\/wp-json\/wp\/v2\/pages"}],"about":[{"href":"https:\/\/www.billig-entruempelung.de\/entruempelung-augsburg\/wp-json\/wp\/v2\/types\/page"}],"author":[{"embeddable":true,"href":"https:\/\/www.billig-entruempelung.de\/entruempelung-augsburg\/wp-json\/wp\/v2\/users\/1"}],"replies":[{"embeddable":true,"href":"https:\/\/www.billig-entruempelung.de\/entruempelung-augsburg\/wp-json\/wp\/v2\/comments?post=1156"}],"version-history":[{"count":17,"href":"https:\/\/www.billig-entruempelung.de\/entruempelung-augsburg\/wp-json\/wp\/v2\/pages\/1156\/revisions"}],"predecessor-version":[{"id":1414,"href":"https:\/\/www.billig-entruempelung.de\/entruempelung-augsburg\/wp-json\/wp\/v2\/pages\/1156\/revisions\/1414"}],"wp:featuredmedia":[{"embeddable":true,"href":"https:\/\/www.billig-entruempelung.de\/entruempelung-augsburg\/wp-json\/wp\/v2\/media\/1163"}],"wp:attachment":[{"href":"https:\/\/www.billig-entruempelung.de\/entruempelung-augsburg\/wp-json\/wp\/v2\/media?parent=1156"}],"curies":[{"name":"wp","href":"https:\/\/api.w.org\/{rel}","templated":true}]}}